{"id":919,"date":"2020-10-06T09:09:31","date_gmt":"2020-10-06T09:09:31","guid":{"rendered":"https:\/\/cor.borbolycsaba.ro\/ro\/?page_id=919"},"modified":"2023-07-28T03:46:14","modified_gmt":"2023-07-28T03:46:14","slug":"promovarea-coexistentei-cu-specii-care-starnesc-conflicte-in-cadrul-directivelor-habitate","status":"publish","type":"page","link":"https:\/\/cor.borbolycsaba.ro\/ro\/?page_id=919","title":{"rendered":"PROMOVAREA COEXISTEN\u021aEI CU SPECII CARE ST\u00c2RNESC CONFLICTE \u00ceN CADRUL DIRECTIVELOR HABITATE"},"content":{"rendered":"<p lang=\"zxx\" align=\"left\">Borboly Csaba, pre\u0219edintele Consiliul Jude\u021bean Harghita \u0219i membru titular \u00een delega\u021bia Rom\u00e2niei la Comitetul Regiunilor, a ini\u021biat elaborarea unui raport privind rela\u021bia om \u2013 carnivore mari, inclusiv ur\u0219ii din Rom\u00e2nia, \u0219i \u00een func\u021bie de necesit\u0103\u021bi s\u0103 fie formulate propuneri de revizuire ale directivelor de mediu ale Uniunii Europene.<\/p>\n<p lang=\"zxx\" align=\"left\">Propunerea a fost aprobat\u0103 in unanimitate la reuniunea Comisiei pentru mediu, schimb\u0103ri climatice \u0219i energie (ENVE) de azi, de la Tallin. Borboly Csaba, desemnat ca raportor al acestui aviz, a subliniat c\u0103 situa\u021bia cauzat\u0103 de schimb\u0103rile de comportament \u00een r\u00e2ndul popula\u021biei de urs din Rom\u00e2nia, \u00een afara faptului c\u0103 reprezint\u0103 un pericol direct asupra oamenilor, conduce la schimb\u0103ri genetice majore \u00een cazul unei specii protejate, fapt care va contribui la degradarea acesteia.<\/p>\n<p lang=\"zxx\" align=\"left\"><b>Pres\u0103:<\/b><\/p>\n<p lang=\"zxx\" align=\"left\"><a href=\"https:\/\/www.borbolycsaba.ro\/ro\/raport-european-despre-ursi-din-romania\/\">Raport european despre ur\u0219ii din Rom\u00e2nia<\/a><\/p>\n<p lang=\"zxx\" align=\"left\"><a href=\"https:\/\/www.borbolycsaba.ro\/ro\/vor-fi-mentinute-subventiile-apia\/\">Vor fi men\u021binute subven\u021biile APIA<\/a><\/p>\n<p lang=\"zxx\" align=\"left\"><a href=\"https:\/\/www.borbolycsaba.ro\/ro\/interventiile-nu-pot-fi-considerate-vanatoare\/\">Interven\u021biile nu pot fi considerate v\u00e2n\u0103toare<\/a><\/p>\n<p lang=\"zxx\" align=\"left\"><a href=\"https:\/\/www.borbolycsaba.ro\/ro\/ursii-si-legendele-urbane\/\">Ur\u0219ii \u0219i legendele urbane<\/a><\/p>\n<p lang=\"zxx\" align=\"left\"><a href=\"https:\/\/www.borbolycsaba.ro\/ro\/gestionarea-eficienta-a-speciilor-de-animale-salbatice-dupa-model-scandinav\/\">Gestionarea eficient\u0103 a speciilor de animale s\u0103lbatice, dup\u0103 model scandinav<\/a><\/p>\n<p lang=\"zxx\" align=\"left\"><a href=\"https:\/\/www.borbolycsaba.ro\/ro\/colaborare-cu-ong-urile-din-domeniul-protectiei-mediului\/\">Colaborare cu ONG-urile din domeniul protec\u021biei mediului<\/a><\/p>\n<p lang=\"zxx\" align=\"left\"><a href=\"https:\/\/www.borbolycsaba.ro\/ro\/colaborare-cu-ong-urile-din-domeniul-protectiei-mediului\/\" target=\"_blank\" rel=\"noopener noreferrer\" data-saferedirecturl=\"https:\/\/www.google.com\/url?hl=hu&amp;q=https:\/\/www.borbolycsaba.ro\/ro\/colaborare-cu-ong-urile-din-domeniul-protectiei-mediului\/&amp;source=gmail&amp;ust=1504264145113000&amp;usg=AFQjCNFDbbHax1RRzE4qwZxiDfk1o2XBmw\"><br \/>\n<\/a><b>Planul activit\u0103\u021bilor pentru raportor:<\/b><\/p>\n<p lang=\"zxx\" align=\"left\">1. \u00cent\u00e2lniri cu stakeholderi locali<\/p>\n<p lang=\"zxx\" align=\"left\">\u2013 16 iulie 2017: Consultare cu asocia\u021bii de v\u00e2n\u0103tori \u0219i cu reprezentan\u021bi autorit\u0103\u021bilor publice locale<\/p>\n<p lang=\"zxx\" align=\"left\">\u2013 11 august 2017: Consultare cu ONG-urile din domeniul protec\u021biei mediului<\/p>\n<p lang=\"zxx\" align=\"left\">2. \u00cent\u00e2lniri cu reprezentan\u021bii Comisiei Europene<\/p>\n<p lang=\"zxx\" align=\"left\">\u2013 12 septembrie 2017: Consultare cu reprezentan\u021bii Direc\u021biei General\u0103 Mediu a Comisiei Europene<\/p>\n<p lang=\"zxx\" align=\"left\">3. \u0218edin\u021b\u0103 de comisie: \u00een data de 18 septembrie 2017 \u00een cadrul Comisiei ENVE va avea loc dezbaterea documentului de lucru \u00een comisie.<br \/>\nDocument de lucru:\u00a0\u00a0<a href=\"https:\/\/www.borbolycsaba.ro\/ro\/wp-content\/uploads\/2017\/08\/BCS_COR-2017-03545-00-01-DT-TRA-RO-doclucru.pdf\">Promovarea, \u00een cadrul directivelor UE privind natura, a coexisten\u021bei cu specii care genereaz\u0103 conflicte<\/a><\/p>\n<p>4. \u0218edin\u021b\u0103 de comisie: \u00een data de 22 noiembrie 2017 \u00een cadrul Comisiei ENVE va avea loc dezbaterea proiectului de aviz \u00een comisie.<br \/>\nProiectul de aviz:\u00a0\u00a0<a href=\"https:\/\/www.borbolycsaba.ro\/ro\/wp-content\/uploads\/2017\/12\/COR-2017-03545-00-00-PAC-TRA-RO.docx\">Promovarea, \u00een cadrul directivelor UE privind natura, a coexisten\u021bei cu specii care genereaz\u0103 conflicte<\/a><br \/>\nAmendamentele membrilor din comisia ENVE<br \/>\nPunctul de vedere al raportorului privind amendamentele<br \/>\nAmendamentele raportorului<br \/>\nExtras din procesul verbal a \u0219edin\u021bei de comisie ENVE<\/p>\n<p>Proiectul de aviz:\u00a0<a href=\"https:\/\/www.borbolycsaba.ro\/ro\/wp-content\/uploads\/2019\/06\/cor-2017-03545-00-00-ac-tra-ro-7.pdf\">Promovarea, \u00een cadrul directivelor UE privind natura, a coexisten\u021bei cu specii care genereaz\u0103 conflicte<\/a><\/p>\n<p lang=\"zxx\" align=\"left\"><b>Documente:<\/b><\/p>\n<p>&nbsp;<\/p>\n<div id=\":1bp\" class=\"ii gt adP adO\">\n<div id=\":1bo\" class=\"a3s aXjCH m15e9dfa3641ea7c2\">\n<div>\n<p><a href=\"https:\/\/www.borbolycsaba.ro\/en\/wp-content\/uploads\/2017\/09\/CoR-18-9-2017-Commission-statement.doc\">Punctul de vedere al Comisiei Europene-Direc\u021bia General\u0103 Mediu despre proiectul de aviz\u00a0<i>\u201ePromovarea, \u00een cadrul directivelor UE privind natura, a\u00a0coexisten\u021bei\u00a0cu\u00a0specii care genereaz\u0103 conflicte\u201d<\/i>\u00a0<\/a><\/p>\n<\/div>\n<\/div>\n<\/div>\n<div id=\":1ch\" class=\"hq gt a10\"><a href=\"https:\/\/www.borbolycsaba.ro\/wp-content\/uploads\/2017\/09\/Final-report-CoR-EIR-study-20.09.20.pdf\">Milieu\u2019s report (2016).\u00a0<i>Effective multi-level environmental governance for a better implementation of EU environment legislation<\/i><\/a><b><br \/>\n<\/b><\/div>\n<p><a href=\"https:\/\/www.borbolycsaba.ro\/en\/wp-content\/uploads\/2017\/08\/Csaba-BORBOLY_Proposal-for-an-own-initiative-opinion-2.pdf\">Promoting coexistence with conflict species within the framework of the EU Nature Directives<\/a>\u00a0(Borboly Csaba-RO\/EP)<\/p>\n<p>Comunicare a Comisiei: Plan de ac\u021biune pentru natura, oameni \u0219i economic\u0103<\/p>\n<p lang=\"zxx\" align=\"left\"><a href=\"https:\/\/www.borbolycsaba.ro\/ro\/wp-content\/uploads\/2017\/08\/Council-conclusions-on-EU-Action-Plan-for-nature-people.pdf\">Council conclusions on EU Action Plan for nature, people and the economy<\/a><\/p>\n<p lang=\"zxx\" align=\"left\"><a href=\"https:\/\/www.borbolycsaba.ro\/ro\/wp-content\/uploads\/2017\/08\/Habitats-Directive-RO.pdf\">DIRECTIVA 92\/43\/CEE A CONSILIULUI din 21 mai 1992 privind conservarea habitatelor naturale \u0219i a speciilor de faun\u0103 \u0219i flor\u0103 s\u0103lbatic\u0103<\/a><\/p>\n<p lang=\"zxx\" align=\"left\"><a href=\"https:\/\/www.borbolycsaba.ro\/ro\/wp-content\/uploads\/2017\/08\/LCP_Workshop-statement_FINAL-ro.pdf\"><i>Declara\u0163ia participan\u0163ilor cu privire la evolu\u0163iile recente din domeniul managementului carnivorelor mari \u00een Rom\u00e2nia,<\/i>\u00a0Platforma privind carnivorele mari, Atelierul din Bucure\u015fti, iunie 2017<\/a><\/p>\n<p lang=\"zxx\" align=\"left\"><span lang=\"EN-GB\"><a href=\"https:\/\/www.borbolycsaba.ro\/en\/wp-content\/uploads\/2017\/08\/Felony-or-act-of-justice-Illegal-killing-of-large-carnivores-as-defiance-of-authorities.pdf\">Pohja-Mykr\u00e4 M. (2016)\u00a0<i>Felony or act of justice? \u2013 Illegal killing of large carnivores as defiance of authorities<\/i>, Journal of Rural Studies, Vol 44: 46-54, doi:10.1016\/j.jrurstud.2016.<wbr \/>01.003.<\/a><br \/>\n<\/span><br \/>\n<a href=\"https:\/\/www.borbolycsaba.ro\/en\/wp-content\/uploads\/2017\/08\/Strong-community-support-for-illegal-killing-challenges-wolf-management.pdf\"><span lang=\"EN-GB\">Pohja-Mykr\u00e4 M. \u2013 Kurki S. (2014)\u00a0<i>Strong Community Support for Illegal Killings Challenges Wolf Management<\/i>. European Journal for Wildlife Research, 60(5): 759-770. doi: 10.1007\/s10344-014-0845-9<br \/>\n<\/span><\/a><br \/>\n<span lang=\"EN-GB\"><a href=\"https:\/\/www.borbolycsaba.ro\/en\/wp-content\/uploads\/2017\/08\/Community-power-over-conservation-regimes.pdf\">Pohja-Mykr\u00e4 M. (2017)\u00a0<i>Community power over conservation regimes: Techniques of neutralizing illegal killing of large carnivores in Finland<\/i>, Crime Law and Social Change,\u00a0<span lang=\"EN-US\">67: 439\u2013460, DOI 10.1007\/s10611-016-9666-y<\/span><\/a>.<br \/>\n<\/span><br \/>\n<a href=\"https:\/\/www.borbolycsaba.ro\/en\/wp-content\/uploads\/2017\/08\/Evaluation-of-the-Finnish-national-policy-on-large-carnivores.pdf\"><span lang=\"EN-GB\"><span lang=\"EN-US\">Pohja-Mykr\u00e4 M. \u2013 Kurki S. (2014.)\u00a0<i>Evaluation of the Finnish national policy on large carnivores<\/i>, Reports 135. Ruralia Institute, University of Helsinki.<br \/>\n<\/span><\/span><\/a><br \/>\n<a href=\"https:\/\/www.borbolycsaba.ro\/en\/wp-content\/uploads\/2017\/08\/I-feel-it-is-mine.pdf\"><span lang=\"EN-GB\"><span lang=\"EN-US\">Matilainen A. \u2013 Pohja-Mykr\u00e4 M. \u2013 L\u00e4hdesm\u00e4ki M. \u2013 Kurki S. (2017)\u00a0<i>I feel it is mine! \u2013 Psychological ownership in relation to natural resources<\/i>, Journal of Environmental Psychology, 51:31-45,<\/span><\/span><\/a><\/p>\n<p lang=\"zxx\" align=\"left\"><a href=\"https:\/\/www.borbolycsaba.ro\/ro\/wp-content\/uploads\/2017\/08\/anzf52-243-Game-management.pdf\">J\u00f3zsef Lanszki \u2013 Anita Kurys \u2013 Mikl\u00f3s Heltai \u2013 S\u00e1ndor Cs\u00e1nyi \u2013 Korn\u00e9l \u00c1cs 2015. D<i>iet composition of the golden jackal in an area of intensive big game management<\/i>\u2014 Ann. Zool. Fennici 52: 243\u2013255.<\/a><\/p>\n<p lang=\"zxx\" align=\"left\"><a href=\"https:\/\/www.borbolycsaba.ro\/ro\/wp-content\/uploads\/2017\/08\/Evaluation-of-the-Finnish-national-policy-on-large-carnivores.pdf\">Pohja-Mykra Mari \u2013 Kurki Sami (2014).\u00a0<i>Evaluation of the Finnish national policy on large carnivores,<\/i>\u00a0University of Helsinki<\/a><\/p>\n<p><a href=\"https:\/\/cor.europa.eu\/en\/our-work\/Pages\/OpinionTimeline.aspx?opId=CDR-3545-2017\">https:\/\/cor.europa.eu\/en\/our-work\/Pages\/OpinionTimeline.aspx?opId=CDR-3545-2017<\/a><\/p>\n<p><a href=\"https:\/\/cor.borbolycsaba.ro\/ro\/wp-content\/uploads\/2023\/07\/Promovarea-in-cadrul-directivelor-UE-privind-natura-a-coexistentei-cu-specii-care-genereaza-conflicte.docx\">Promovarea, \u00een cadrul directivelor UE privind natura, a coexisten\u021bei cu specii care genereaz\u0103 conflicte<\/a><\/p>\n","protected":false},"excerpt":{"rendered":"<p>Borboly Csaba, pre\u0219edintele Consiliul Jude\u021bean Harghita \u0219i membru titular \u00een delega\u021bia Rom\u00e2niei la Comitetul Regiunilor, a ini\u021biat elaborarea unui raport privind rela\u021bia om \u2013 carnivore mari, inclusiv ur\u0219ii din Rom\u00e2nia, \u0219i \u00een func\u021bie de necesit\u0103\u021bi s\u0103 fie formulate propuneri de revizuire ale directivelor de mediu ale Uniunii Europene. Propunerea a fost aprobat\u0103 in unanimitate la [&hellip;]<\/p>\n","protected":false},"author":1,"featured_media":0,"parent":0,"menu_order":0,"comment_status":"closed","ping_status":"closed","template":"","meta":{"_bbp_topic_count":0,"_bbp_reply_count":0,"_bbp_total_topic_count":0,"_bbp_total_reply_count":0,"_bbp_voice_count":0,"_bbp_anonymous_reply_count":0,"_bbp_topic_count_hidden":0,"_bbp_reply_count_hidden":0,"_bbp_forum_subforum_count":0,"footnotes":""},"_links":{"self":[{"href":"https:\/\/cor.borbolycsaba.ro\/ro\/index.php?rest_route=\/wp\/v2\/pages\/919"}],"collection":[{"href":"https:\/\/cor.borbolycsaba.ro\/ro\/index.php?rest_route=\/wp\/v2\/pages"}],"about":[{"href":"https:\/\/cor.borbolycsaba.ro\/ro\/index.php?rest_route=\/wp\/v2\/types\/page"}],"author":[{"embeddable":true,"href":"https:\/\/cor.borbolycsaba.ro\/ro\/index.php?rest_route=\/wp\/v2\/users\/1"}],"replies":[{"embeddable":true,"href":"https:\/\/cor.borbolycsaba.ro\/ro\/index.php?rest_route=%2Fwp%2Fv2%2Fcomments&post=919"}],"version-history":[{"count":3,"href":"https:\/\/cor.borbolycsaba.ro\/ro\/index.php?rest_route=\/wp\/v2\/pages\/919\/revisions"}],"predecessor-version":[{"id":1247,"href":"https:\/\/cor.borbolycsaba.ro\/ro\/index.php?rest_route=\/wp\/v2\/pages\/919\/revisions\/1247"}],"wp:attachment":[{"href":"https:\/\/cor.borbolycsaba.ro\/ro\/index.php?rest_route=%2Fwp%2Fv2%2Fmedia&parent=919"}],"curies":[{"name":"wp","href":"https:\/\/api.w.org\/{rel}","templated":true}]}}