{"id":890,"date":"2020-10-01T08:17:35","date_gmt":"2020-10-01T08:17:35","guid":{"rendered":"https:\/\/cor.borbolycsaba.ro\/ro\/?page_id=890"},"modified":"2023-12-19T07:54:15","modified_gmt":"2023-12-19T07:54:15","slug":"publicatii-comunicate","status":"publish","type":"page","link":"https:\/\/cor.borbolycsaba.ro\/ro\/?page_id=890","title":{"rendered":"Publica\u021bii\/comunicate"},"content":{"rendered":"<p><a href=\"https:\/\/cor.europa.eu\/ro\/our-work\/pages\/opiniontimeline.aspx?opid=CDR-3454-2023\">\u00a0Buletin informativ al Comitetului European al Regiunilor<\/a><\/p>\n<p style=\"font-weight: 400;\"><a href=\"https:\/\/cor.borbolycsaba.ro\/ro\/wp-content\/uploads\/2020\/10\/COVID-19-Comitetul-European-al-Regiunilor-isi-propune-sa-lanseze-o-platforma-de-sprijinire-a-comunitatilor-locale-si-regionale-din-intreaga-Europa_martie_25.docx\">COVID 19: Comitetul European al Regiunilor \u00ee\u0219i propune s\u0103 lanseze o platform\u0103 de sprijinire a comunit\u0103\u021bilor locale \u0219i regionale din \u00eentreaga Europ\u0103<\/a><\/p>\n<p style=\"font-weight: 400;\"><a href=\"https:\/\/cor.borbolycsaba.ro\/ro\/wp-content\/uploads\/2020\/10\/COVID-19-Comitetul-European-al-Regiunilor-isi-propune-sa-lanseze-o-platforma-de-sprijinire-a-comunitatilor-locale-si-regionale-din-intreaga-Europa_martie_25.docx\">COVID 19: Plan de relansare<\/a><\/p>\n<p style=\"font-weight: 400;\"><a href=\"https:\/\/cor.borbolycsaba.ro\/ro\/wp-content\/uploads\/2020\/10\/Masurile-propuse-de-Comisia-Europeana_aprilie_2.docx\">COVID 19: M\u0103surile propuse de Comisie European\u0103<\/a><\/p>\n<p style=\"font-weight: 400;\"><a href=\"https:\/\/cor.borbolycsaba.ro\/ro\/wp-content\/uploads\/2020\/10\/Plan-de-actiune-pentru-economia-circulara_apilie_8.docx\">Plan de ac\u021biune pentru economie circular\u0103<\/a><\/p>\n<p><a href=\"https:\/\/cor.borbolycsaba.ro\/ro\/wp-content\/uploads\/2021\/04\/Apropierea-Europei-de-cetateni-Prioritatile-politice-ale-Comitetului-European-al-Regiunilor-pentru-perioada-2020-2025.pdf\">Apropierea Europei de cet\u0103\u021beni Priorit\u0103\u021bile politice ale Comitetului European al Regiunilor pentru perioada 2020-2025<\/a><\/p>\n<p>Sunt membru permanent al Comitetului Regiunilor din octombrie 2012, am \u00eenceput de-al \u0219aptelea mandat \u00een Comisia pentru politici sociale, educa\u021bie, ocuparea for\u021bei de munc\u0103, cercetare \u0219i cultur\u0103 (SEDEC) \u0219i Comisia pentru mediu, schimb\u0103ri climatice \u0219i energie (ENVE).<\/p>\n<p><a href=\"https:\/\/cor.borbolycsaba.ro\/ro\/wp-content\/uploads\/2023\/02\/4749_CoR-at-a-Glance-2022-HU_N.pdf\">4749_CoR at a Glance 2022 HU_N<\/a><\/p>\n<p><a href=\"https:\/\/cor.borbolycsaba.ro\/ro\/wp-content\/uploads\/2023\/02\/4739-EU-Annual-Report-2022-Factsheet-RO.pdf\">4739 EU Annual Report 2022 Factsheet RO<\/a><\/p>\n","protected":false},"excerpt":{"rendered":"<p>\u00a0Buletin informativ al Comitetului European al Regiunilor COVID 19: Comitetul European al Regiunilor \u00ee\u0219i propune s\u0103 lanseze o platform\u0103 de sprijinire a comunit\u0103\u021bilor locale \u0219i regionale din \u00eentreaga Europ\u0103 COVID 19: Plan de relansare COVID 19: M\u0103surile propuse de Comisie European\u0103 Plan de ac\u021biune pentru economie circular\u0103 Apropierea Europei de cet\u0103\u021beni Priorit\u0103\u021bile politice ale Comitetului [&hellip;]<\/p>\n","protected":false},"author":1,"featured_media":0,"parent":0,"menu_order":0,"comment_status":"closed","ping_status":"closed","template":"","meta":{"_bbp_topic_count":0,"_bbp_reply_count":0,"_bbp_total_topic_count":0,"_bbp_total_reply_count":0,"_bbp_voice_count":0,"_bbp_anonymous_reply_count":0,"_bbp_topic_count_hidden":0,"_bbp_reply_count_hidden":0,"_bbp_forum_subforum_count":0,"footnotes":""},"_links":{"self":[{"href":"https:\/\/cor.borbolycsaba.ro\/ro\/index.php?rest_route=\/wp\/v2\/pages\/890"}],"collection":[{"href":"https:\/\/cor.borbolycsaba.ro\/ro\/index.php?rest_route=\/wp\/v2\/pages"}],"about":[{"href":"https:\/\/cor.borbolycsaba.ro\/ro\/index.php?rest_route=\/wp\/v2\/types\/page"}],"author":[{"embeddable":true,"href":"https:\/\/cor.borbolycsaba.ro\/ro\/index.php?rest_route=\/wp\/v2\/users\/1"}],"replies":[{"embeddable":true,"href":"https:\/\/cor.borbolycsaba.ro\/ro\/index.php?rest_route=%2Fwp%2Fv2%2Fcomments&post=890"}],"version-history":[{"count":6,"href":"https:\/\/cor.borbolycsaba.ro\/ro\/index.php?rest_route=\/wp\/v2\/pages\/890\/revisions"}],"predecessor-version":[{"id":1325,"href":"https:\/\/cor.borbolycsaba.ro\/ro\/index.php?rest_route=\/wp\/v2\/pages\/890\/revisions\/1325"}],"wp:attachment":[{"href":"https:\/\/cor.borbolycsaba.ro\/ro\/index.php?rest_route=%2Fwp%2Fv2%2Fmedia&parent=890"}],"curies":[{"name":"wp","href":"https:\/\/api.w.org\/{rel}","templated":true}]}}