{"id":885,"date":"2020-10-01T08:16:53","date_gmt":"2020-10-01T08:16:53","guid":{"rendered":"https:\/\/cor.borbolycsaba.ro\/ro\/?page_id=885"},"modified":"2021-12-28T09:16:55","modified_gmt":"2021-12-28T09:16:55","slug":"activitati1","status":"publish","type":"page","link":"https:\/\/cor.borbolycsaba.ro\/ro\/?page_id=885","title":{"rendered":"Activit\u0103\u021bi"},"content":{"rendered":"<p style=\"font-weight: 400;\"><a href=\"https:\/\/cor.borbolycsaba.ro\/ro\/wp-content\/uploads\/2020\/10\/Ro-Raport-despre-activitatile-d-lui-Borboly-Csaba-ca-si-membru-al-Comitetului-Regiunilor.docx\">Raport privind ativit\u0103\u021bile desf\u0103\u0219urate de Borboly Csaba ca \u0219i membru al Comitetului Regiunilor, \u00een perioada 2012-2014\u00a0<\/a><\/p>\n<p style=\"font-weight: 400;\"><a href=\"https:\/\/cor.borbolycsaba.ro\/ro\/wp-content\/uploads\/2020\/10\/Raportul_delegatiei_Romaniei_la_CoR-2015.pdf\">Raportul delega\u0163iei Rom\u00e2niei la CoR &#8211; 2015<\/a><\/p>\n<p style=\"font-weight: 400;\"><a href=\"https:\/\/cor.borbolycsaba.ro\/ro\/wp-content\/uploads\/2020\/10\/raportcorbcs.pdf\">Raport privind activit\u0103\u021bile derulate \u00een cadrul Comitetului Regiunilor, \u00een calitate de membru titular, \u00een perioada 2015 \u2013 2019\u00a0<\/a><\/p>\n<p><b>Unde \u0219i cum se reflect\u0103 activitatea Comitetului Regiunilor?<\/b><\/p>\n<p><b>Comitetul Regiunilor reprezint\u0103 regiunile (jude\u021bele) \u0219i municipalit\u0103\u021bile din Uniunea European\u0103. Organismul este alc\u0103tuit din membri desemna\u021bi de regiuni \u0219i municipalit\u0103\u021bi, organiza\u021bi \u00een delega\u021bii na\u021bionale care sunt confirmate de guvernul \u021b\u0103rii \u00een cauz\u0103 \u0219i adoptate \u0219i publicate de Comisia European\u0103 \u00een Monitorul Oficial al UE.<\/b><\/p>\n<p><span style=\"font-weight: 400;\">\u00cen timpul negocierilor privind revizuirea Tratatului de la Lisabona din mai, s-a convenit ca raportorii CoR s\u0103 poat\u0103 participa acum la \u0219edin\u021bele comisiilor Parlamentului European (PE) \u0219i c\u0103 organul consultativ va continua s\u0103 func\u021bioneze ca un fel de Senat al UE. Membrii Comisiei pentru afaceri constitu\u021bionale a PE au fost, de asemenea, prezen\u021bi \u0219i au luat cuv\u00e2ntul \u00een plen, subliniind c\u0103 regiunilor ar trebui s\u0103 li se permit\u0103 s\u0103 influen\u021beze procesul legislativ al UE \u0219i c\u0103 rolul autorit\u0103\u021bilor locale \u00een luarea deciziilor ar trebui s\u0103 fie sporit, iar principiul subsidiarit\u0103\u021bii s\u0103 fie mai bine aplicat. Comitetul Regiunilor colaboreaz\u0103 \u00eendeaproape cu Comisia European\u0103, Parlamentul European \u0219i Consiliul Uniunii Europene \u0219i, \u00een special, cu institu\u021biile de la diferitele niveluri de luare a deciziilor din statele membre pentru a promova guvernan\u021ba pe mai multe niveluri.<\/span><\/p>\n<p><b>Scopul institu\u021biei este includerea cet\u0103\u021benilor \u00een procesul de luare a deciziilor\u00a0<\/b><\/p>\n<p><span style=\"font-weight: 400;\">Misiunea Comitetului Regiunilor este de a implica autorit\u0103\u021bile regionale, jude\u021bene \u0219i locale \u00een procesul decizional al UE, \u00eencuraj\u00e2nd astfel o mai mare participare a cet\u0103\u021benilor. Insist\u0103 ca autorit\u0103\u021bile regionale \u0219i locale s\u0103 aib\u0103 autonomie \u0219i acces la resursele financiare necesare \u00eendeplinirii sarcinilor lor, sprijinind astfel principiile \u0219i mecanismele bunei guvern\u0103ri \u0219i \u00eencuraj\u00e2nd procesul de descentralizare. \u00cencurajeaz\u0103 cooperarea \u00eentre autorit\u0103\u021bile regionale \u0219i locale din statele membre \u0219i cu autorit\u0103\u021bile din \u021b\u0103rile candidate, \u021b\u0103rile poten\u021bial candidate, \u021b\u0103rile vecine \u0219i \u021b\u0103rile ter\u021be \u00een contextul strategiei de extindere \u0219i al politicii de vecin\u0103tate \u0219i dezvoltare. Dezvolt\u0103 platforme \u0219i re\u021bele, organizeaz\u0103 forumuri pentru a facilita cooperarea \u0219i schimbul de experien\u021be \u00eentre regiuni, jude\u021be, ora\u0219e \u0219i municipalit\u0103\u021bi \u0219i creeaz\u0103 parteneriate cu organismele lor reprezentative.<\/span><\/p>\n<p><b>Procedura legislativ\u0103<\/b><\/p>\n<p><span style=\"font-weight: 400;\">\u00cen temeiul Tratatului de la Lisabona, care a intrat \u00een vigoare \u00een 2009, Comisia European\u0103 trebuie s\u0103 consulte acum autorit\u0103\u021bile locale \u0219i regionale europene \u0219i asocia\u021biile acestora \u00eenainte de faza legislativ\u0103. Comitetul Regiunilor, care reprezint\u0103 autorit\u0103\u021bile locale \u0219i regionale, are un rol foarte important \u00een acest proces.<\/span><\/p>\n<p><span style=\"font-weight: 400;\">\u00cen urma propunerii legislative a Comisiei, Comitetul Regiunilor trebuie consultat din nou dac\u0103 propunerea se refer\u0103 la un domeniu de politic\u0103 care are un impact direct asupra autorit\u0103\u021bilor locale \u0219i regionale.<\/span><\/p>\n<p><span style=\"font-weight: 400;\">De asemenea, Comitetul Regiunilor emite rezolu\u021bii cu privire la aspecte politice importante. \u00cen cadrul Comitetului Regiunilor, exist\u0103 \u0219ase comisii care se ocup\u0103 de diferite domenii de politic\u0103 \u0219i preg\u0103tesc rapoarte pentru discu\u021bii \u00een plen:<\/span><\/p>\n<ul>\n<li style=\"font-weight: 400;\"><span style=\"font-weight: 400;\">Coeziunea teritorial\u0103<\/span><\/li>\n<li style=\"font-weight: 400;\"><span style=\"font-weight: 400;\">Politica economic\u0103 \u0219i social\u0103<\/span><\/li>\n<li style=\"font-weight: 400;\"><span style=\"font-weight: 400;\">Politica social\u0103, educa\u021bie, ocuparea for\u021bei de munc\u0103, cercetare \u0219i cultur\u0103<\/span><\/li>\n<li style=\"font-weight: 400;\"><span style=\"font-weight: 400;\">Mediu, schimb\u0103ri climatice \u0219i energie<\/span><\/li>\n<li style=\"font-weight: 400;\"><span style=\"font-weight: 400;\">Cet\u0103\u021benie, guvernan\u021b\u0103, afaceri institu\u021bionale \u0219i externe ale UE<\/span><\/li>\n<li style=\"font-weight: 400;\"><span style=\"font-weight: 400;\">Resurse naturale<\/span><\/li>\n<\/ul>\n<p><span style=\"font-weight: 400;\">Borboly Csaba este membru al Comisiei pentru mediu, schimb\u0103ri climatice \u0219i energiei (ENVE) \u0219i al Comisiei pentru politic\u0103 social\u0103, educa\u021bie, ocuparea for\u021bei de munc\u0103, cercetare \u0219i cultur\u0103 (SEDEC) din octombrie 2012.<\/span><\/p>\n<p><span style=\"font-weight: 400;\">Comisia ENVE lucreaz\u0103 pentru un mediu european mai s\u0103n\u0103tos \u0219i mai durabil. Reune\u0219te exper\u021bi locali \u0219i regionali de la autorit\u0103\u021bile de la nivelul cel mai \u00eenalt din UE pentru a contribui la m\u0103suri politice eficiente \u00een domeniile mediului, schimb\u0103rilor climatice, energiei, cum ar fi\u00a0 gestionarea de\u0219eurilor, poluarea aerului, fenomene meteorologice extreme sau locuin\u021be eficiente din punct de vedere energetic. Acestea influen\u021beaz\u0103 mediul \u00een care tr\u0103iesc oamenii, f\u0103c\u00e2nd astfel esen\u021bial ca membrii ENVE s\u0103 ofere feedback pentru a dezvolta politici europene adecvate.<\/span><\/p>\n<p><span style=\"font-weight: 400;\">Comisia SEDEC, cunoscut\u0103 \u00een mandatul anterior sub numele de Comisia EDUC, desf\u0103\u0219oar\u0103 o gam\u0103 larg\u0103 de activit\u0103\u021bi, cu responsabilit\u0103\u021bi cheie \u00een domeniile educa\u021biei, culturii, tineretului \u0219i activit\u0103\u021bi sportive la nivel local \u0219i regional \u00een Uniunea European\u0103, iar rol cheie \u00eel au strategiile regionale de cercetare \u0219i inovare. Teme mai importante: politicile de ocuparea for\u021bei de munc\u0103, politica social\u0103 \u0219i protec\u021bia social\u0103, egalitatea de \u0219anse, inova\u021bia, cercetarea \u0219i tehnologia, multilingvismul \u0219i promovarea limbilor minoritare, a culturii \u0219i a diversit\u0103\u021bii culturale.<\/span><\/p>\n<p><b>Ce se \u00eent\u00e2mpl\u0103 cu proiectele de aviz?\u00a0<\/b><\/p>\n<p><span style=\"font-weight: 400;\">De obicei avizele se bazeaz\u0103 pe documente emise de Comisie, dar un raport din proprie ini\u021biativ\u0103 poate fi \u00eentocmit dac\u0103 raportorul dore\u0219te s\u0103 dezvolte o tem\u0103 care are un impact semnificativ asupra cet\u0103\u021benilor din toate regiunile. Pe parcursul activit\u0103\u021bii sale raportorul poate propune \u0219i amendamente la textul Comisiei, astfel \u00eenc\u00e2t interesele locale \u0219i regionale s\u0103 poat\u0103 fi reflectate \u0219i \u00een comunic\u0103rile Comisiei.\u00a0<\/span><\/p>\n<p><span style=\"font-weight: 400;\">Preg\u0103tirea avizului este precedat\u0103 de o serie de \u00eent\u00e2lniri profesionale at\u00e2t la nivel local, c\u00e2t \u0219i interna\u021bional, unde pot fi stabilite o serie de contacte profesionale utile, dialogul \u00eentre regiuni \u0219i \u00eenv\u0103\u021barea despre bunele practici reciproce fiind de asemenea extrem de utile. \u00cen cazul \u00een care comisia \u00een cauz\u0103 adopt\u0103 avizul, aceasta va ajunge \u00een plen, unde dup\u0103 vot, va lua forma final\u0103.<\/span><\/p>\n<p><span style=\"font-weight: 400;\">Dac\u0103 este adoptat de plen, avizul este trimis fiec\u0103rei institu\u021bii europene \u0219i publicat \u00een Monitorul Oficial al Uniunii Europene. \u00cen plus, este adus la cuno\u0219tin\u021ba celelalte trei institu\u021bii ale Uniunii Europene, astfel fiind inclus \u00een concursurile de proiecte, programe oficiale, \u00een sistemul juridic rom\u00e2nesc \u0219i publicat \u00een Monitorul Oficial.<\/span><\/p>\n<p><span style=\"font-weight: 400;\">P\u00e2n\u0103 \u00een prezent, au fost preg\u0103tite \u00een jude\u021bul Harghita sub coordonarea lui Borboly Csaba dou\u0103 proiecte de aviz \u0219i au fost \u00eenaintate mai multe amendamente la avizele altor membri, \u021bin\u00e2ndu-se cont de eforturile \u00een ceea ce prive\u0219te dezvoltare economic\u0103, particularit\u0103\u021bile culturale \u0219i sociale ale jude\u021bului Harghita.<\/span><\/p>\n<p><span style=\"font-weight: 400;\">Proiectul de aviz <\/span><i><span style=\"font-weight: 400;\">\u00cenv\u0103\u021b\u0103m\u00e2ntul superior european \u00een lume<\/span><\/i><span style=\"font-weight: 400;\"> este o reflexie a programului Twinning, un program de twinning a c\u0103rui scop este de a promova dezvoltarea administra\u021biei publice, adoptarea \u0219i aplicarea legisla\u021biei UE \u00een \u021b\u0103rile candidate, poten\u021biale candidate \u0219i \u00een alte \u021b\u0103ri partenere din afara UE. Prin intermediul acestuia am solicitat Comisiei \u0219i statelor membre s\u0103 ia toate m\u0103surile necesare pentru a \u00eembun\u0103t\u0103\u021bi oportunit\u0103\u021bile pentru regiunile care \u00eenregistreaz\u0103 \u00eent\u00e2rzieri \u00een implementarea strategiilor de interna\u021bionalizare, iar institu\u021biile de \u00eenv\u0103\u021b\u0103m\u00e2nt superior care ob\u021bin reu\u0219ite \u00een acest proces s\u0103 identifice sarcini specifice \u00een strategiile lor de interna\u021bionalizare care s\u0103\u00a0 faciliteze transferul de cuno\u0219tin\u021be c\u0103tre institu\u021biile de \u00eenv\u0103\u021b\u0103m\u00e2nt superior cu poten\u021bial. Drept urmare, regiunile r\u0103mase \u00een urm\u0103 vor fi luate \u00een considerare \u00een cadrul concursurilor de proiecte din cadrul programului Twinning.<\/span><\/p>\n<p><span style=\"font-weight: 400;\">Tot pe baza acestui proiect de aviz, programele Horizont2020 \u0219i Erasmus+ vor lua \u00een considerare \u0219i aspectele cadrelor strategice na\u021bionale, regionale \u0219i locale.\u00a0<\/span><\/p>\n<p><span style=\"font-weight: 400;\">Dac\u0103 raportul atinge un subiect de importan\u021b\u0103 major\u0103 \u0219i con\u021bine puncte care nu sunt acoperite \u00een viitorul raport al Parlamentului European, raportorul parlamentar va primi materialul \u0219i \u00eel va putea include \u00een raportul s\u0103u, aduc\u00e2nd astfel problema local\u0103 \u0219i regional\u0103 la nivelul Uniunii Europene, ca de exemplu \u00een cazul celui mai recent raport referitor la\u00a0 eficien\u021ba resurselor \u00een domeniul construc\u021biilor.<\/span><\/p>\n<p><span style=\"font-weight: 400;\">Raportorul va fi invitat \u0219i la conferin\u021be interna\u021bionale unde va fi posibil\u0103 prezentarea exemplelor din jude\u021bul Harghita, respectiv oportunit\u0103\u021bile turistice locale pot fi promovate pe pia\u021ba interna\u021bional\u0103.\u00a0<\/span><\/p>\n<p><span style=\"font-weight: 400;\">\u00cen calitate de raportor se poate participa \u0219i \u00een luarea deciziilor importante, cum ar fi spre exemplu evaluarea proiectelor \u00eenaintate \u00een cadrul S\u0103pt\u0103m\u00e2nii europene a tineretului, la care a participat \u00een luna martie a acestui an Borboly Csaba \u0219i unde al\u0103turi de un juriu interna\u021bional au fost alese cele mai bune proiecte.\u00a0<\/span><\/p>\n<p><span style=\"font-weight: 400;\">\u00cen calitate de membru al Comitetului Regiunilor este posibil\u0103 al\u0103turarea \u00een mai multe federa\u021bii, asocia\u021bii \u0219i federa\u021bii interna\u021bionale, ceea ce poate reprezenta \u0219i avantaje din punct de vedere al\u00a0 rela\u021biilor stabilite, dar \u0219i beneficii economice pentru regiune. O astfel de institu\u021bie este Confedera\u021bia Organismelor Intermediare Locale Europene (CEPLI) \u00een care Borboly Csaba este membru din ianuarie 2015 \u0219i care este prima confedera\u021bie european\u0103 care reune\u0219te nou\u0103 asocia\u021bii na\u021bionale reprezent\u00e2nd 1.167 de autorit\u0103\u021bi locale din opt \u021b\u0103ri europene (Belgia, Bulgaria, Fran\u021ba, Germania, Italia, Polonia , Rom\u00e2nia \u0219i Ungaria) \u0219i dou\u0103 re\u021bele intermediare de administra\u021bie local\u0103: Arco Latino \u0219i Partanella.<\/span><\/p>\n<p><span style=\"font-weight: 400;\">\u00cen plus, este posibil\u0103 atragerea aten\u021biei, la nivelul institu\u021biilor europene, asupra problemelor specifice, cum ar fi protec\u021bia minorit\u0103\u021bilor, dar se ofer\u0103 posibilitatea consf\u0103tuirii \u0219i cu reprezentan\u021bi ai asocia\u021biilor \u0219i comitetelor interna\u021bionale. \u00cen acela\u0219i timp, Parlamentul European \u0219i Comisia European\u0103 particip\u0103 la conferin\u021be, ateliere de lucru organizate de Comitetul Regiunilor \u0219i astfel se ofer\u0103 posibilitatea lu\u0103rii unei pozi\u021bii \u0219i a inform\u0103rii \u0219efilor\u00a0 institu\u021biilor UE cu privire la problemele \u00eenregistrate la nivel local \u0219i regional. Avem ocazia s\u0103 ne prezent\u0103m produsele, valorile \u0219i cultura local\u0103 \u00een cadrul numeroaselor evenimente organizate.<\/span><\/p>\n<p><span style=\"font-weight: 400;\">Se ofer\u0103 \u0219i oportunitatea \u00eembun\u0103t\u0103\u021birii cuno\u0219tin\u021belor tinerilor \u00een ceea ce prive\u0219te Uniunea European\u0103, dat fiind faptul c\u0103 sunt coopta\u021bi \u00een procesul de preg\u0103tire a deciziilor, pot participa la conferin\u021be. Prin intermediul Comitetului Regiunilor pot beneficia de acoperirea cheltuielilor de transport \u0219i pot participa la programe de stagiatur\u0103, acestea fiind un bun punct de pornire \u00een procesul de aplicare pentru ob\u021binerea unui loc de munc\u0103 la nivel european \u0219i de unde se pot \u00eentoarce cu cuno\u0219tin\u021be valoroase pe care le pot pune \u00een practic\u0103 \u00een regiunea natal\u0103.\u00a0<\/span><\/p>\n<p><span style=\"font-weight: 400;\">Din punct de vedere al dezvolt\u0103rii economice \u0219i sociale este vital s\u0103 fim parte \u00een c\u00e2t mai multe proiecte europene, iar din acest punct de vedere prezen\u021ba la Bruxelles poate \u00eensemna foarte mult. Dac\u0103 avem oportunitatea, puteam s\u0103 ne punem \u00een practic\u0103 punctul de vedere \u0219i s\u0103 avem un cuv\u00e2nt de spus \u00een \u00eentocmirea concursurilor de proiecte, putem organiza prezent\u0103ri, c\u0103uta parteneri de proiecte direct \u0219i indirect, respectiv putem face lobby \u00een interesul aspectelor noastre regionale. \u0218i nu \u00een ultimul r\u00e2nd, putem face cuno\u0219tin\u021b\u0103 cu bunele practici din alte regiuni \u0219i le putem prelua \u0219i implementa la noi.\u00a0<\/span><\/p>\n<p><b>Atribu\u021bii l\u0103rgite\u00a0<\/b><\/p>\n<p><span style=\"font-weight: 400;\">\u00cen activitatea sa, CoR r\u0103spunde nu numai la propunerile legislative, ci contribuie \u0219i la elaborarea viitoare a politicii Uniunii pe baza experien\u021bei membrilor s\u0103i. Prin avize anticipative, CoR poate fi implicat \u00eentr-un stadiu incipient \u00een procesul de elaborare a politicilor, sporind astfel influen\u021ba acestuia. De asemenea, Comisia European\u0103 poate cere CoR s\u0103 \u00eentocmeasc\u0103 un raport de evaluare a impactului politicilor la nivel local sau regional.<\/span><\/p>\n<p><span style=\"font-weight: 400;\">Se a\u0219teapt\u0103 ca pe viitor competen\u021ba Comitetului Regiunilor s\u0103 creasc\u0103 \u0219i mai mult, motiv pentru care reprezentarea noastr\u0103 este extrem de important\u0103, deoarece aduce multe avantaje \u0219i ofer\u0103 oportunitatea de a propune aspecte legislative care \u00een caz de adoptare vor avea un efect pozitiv asupra regiunii noastre, a cre\u0219terii economice locale, reprezentarea mai eficient\u0103 a culturii \u0219i tradi\u021biilor noastre la nivel european. COR este o institu\u021bie care are o voce la nivelul Uniunii Europene, \u00eentruc\u00e2t ora\u0219ele, jude\u021bele \u0219i regiunile sunt componente at\u00e2t de diverse \u0219i cu efect creator la nivelul Uniunii Europene, \u00eenc\u00e2t opinia lor este inevitabil\u0103 atunci c\u00e2nd se elaboreaz\u0103 orice fel de legisla\u021bie.<\/span><\/p>\n<p>&nbsp;<\/p>\n","protected":false},"excerpt":{"rendered":"<p>Raport privind ativit\u0103\u021bile desf\u0103\u0219urate de Borboly Csaba ca \u0219i membru al Comitetului Regiunilor, \u00een perioada 2012-2014\u00a0 Raportul delega\u0163iei Rom\u00e2niei la CoR &#8211; 2015 Raport privind activit\u0103\u021bile derulate \u00een cadrul Comitetului Regiunilor, \u00een calitate de membru titular, \u00een perioada 2015 \u2013 2019\u00a0 Unde \u0219i cum se reflect\u0103 activitatea Comitetului Regiunilor? Comitetul Regiunilor reprezint\u0103 regiunile (jude\u021bele) \u0219i [&hellip;]<\/p>\n","protected":false},"author":1,"featured_media":0,"parent":0,"menu_order":0,"comment_status":"closed","ping_status":"closed","template":"","meta":{"_bbp_topic_count":0,"_bbp_reply_count":0,"_bbp_total_topic_count":0,"_bbp_total_reply_count":0,"_bbp_voice_count":0,"_bbp_anonymous_reply_count":0,"_bbp_topic_count_hidden":0,"_bbp_reply_count_hidden":0,"_bbp_forum_subforum_count":0,"footnotes":""},"_links":{"self":[{"href":"https:\/\/cor.borbolycsaba.ro\/ro\/index.php?rest_route=\/wp\/v2\/pages\/885"}],"collection":[{"href":"https:\/\/cor.borbolycsaba.ro\/ro\/index.php?rest_route=\/wp\/v2\/pages"}],"about":[{"href":"https:\/\/cor.borbolycsaba.ro\/ro\/index.php?rest_route=\/wp\/v2\/types\/page"}],"author":[{"embeddable":true,"href":"https:\/\/cor.borbolycsaba.ro\/ro\/index.php?rest_route=\/wp\/v2\/users\/1"}],"replies":[{"embeddable":true,"href":"https:\/\/cor.borbolycsaba.ro\/ro\/index.php?rest_route=%2Fwp%2Fv2%2Fcomments&post=885"}],"version-history":[{"count":4,"href":"https:\/\/cor.borbolycsaba.ro\/ro\/index.php?rest_route=\/wp\/v2\/pages\/885\/revisions"}],"predecessor-version":[{"id":957,"href":"https:\/\/cor.borbolycsaba.ro\/ro\/index.php?rest_route=\/wp\/v2\/pages\/885\/revisions\/957"}],"wp:attachment":[{"href":"https:\/\/cor.borbolycsaba.ro\/ro\/index.php?rest_route=%2Fwp%2Fv2%2Fmedia&parent=885"}],"curies":[{"name":"wp","href":"https:\/\/api.w.org\/{rel}","templated":true}]}}