{"id":883,"date":"2020-10-01T08:16:26","date_gmt":"2020-10-01T08:16:26","guid":{"rendered":"https:\/\/cor.borbolycsaba.ro\/ro\/?page_id=883"},"modified":"2024-03-27T09:37:34","modified_gmt":"2024-03-27T09:37:34","slug":"despre-mine","status":"publish","type":"page","link":"https:\/\/cor.borbolycsaba.ro\/ro\/?page_id=883","title":{"rendered":"Despre mine"},"content":{"rendered":"<p><span style=\"font-weight: 400;\">Am sus\u0163inut bacalaureatul \u00een anul 1992 \u00een Liceul Teoretic \u201eM\u00e1rton \u00c1ron\u201d din Miercurea-Ciuc, cu specializarea informatic\u0103, \u00een anul \u015fcolar 1992-1993 eram student al \u015ecolii Politice &#8222;Sz\u00e1zadv\u00e9g&#8221; din Budapesta. \u00cen perioada 1993-1999 am fost student la Universitatea \u201eE\u00f6tv\u00f6s Lor\u00e1nd\u201d, Facultatea de \u015etiin\u0163e Juridice din Budapesta la specializarea politologie, diploma ob\u0163inut\u0103 a fost echivalat\u0103 \u00een Rom\u00e2nia \u00een anul 2001 la specializarea administra\u0163ie public\u0103.\u00a0 \u00a0<\/span><span style=\"font-weight: 400;\"><br \/>\n<\/span><span style=\"font-weight: 400;\"><br \/>\n<\/span><span style=\"font-weight: 400;\">\u00cencep\u00e2nd din anul 2001 sunt membru al Societ\u0103\u0163ii Ungare de \u015etiin\u0163e Politice din Ungaria. \u00cen perioada 2002-2003 am ob\u0163inut o burs\u0103 de cercetare \u00een cadrul programului comun al Centrului de Cercet\u0103ri Regionale al Academiei Ungare de \u015etiin\u0163e \u015fi Funda\u0163ia de utilitate public\u0103 \u201e\u00daj K\u00e9zfog\u00e1s\u201d din Ungaria. <\/span><span style=\"font-weight: 400;\"><br \/>\n<\/span><span style=\"font-weight: 400;\"><br \/>\n<\/span><span style=\"font-weight: 400;\">\u00cen perioada 1997-2000 am fost pre\u015fedintele Funda\u0163iei pentru Studii \u015fi Seminarii \u00een Probleme de Tineret, iar \u00een perioada 2001-2004 am fost directorul Sucursalei din jude\u0163ul Harghita a AGRAS Vienna Insurance Group. <\/span><span style=\"font-weight: 400;\"><br \/>\n<\/span><span style=\"font-weight: 400;\"><br \/>\n<\/span><span style=\"font-weight: 400;\">\u00cen perioada 2009-2010 am terminat studiile de masterat la specializarea \u0218tiin\u021be Economice la Extensia Universitar\u0103 din Sf\u00e2ntu Gheorghe a Universit\u0103\u0163ii Babe\u015f-Bolyai din Cluj-Napoca.<\/span><span style=\"font-weight: 400;\"><br \/>\n<\/span><span style=\"font-weight: 400;\"><br \/>\n<\/span><span style=\"font-weight: 400;\">\u00cencep\u00e2nd cu anul 2011 predau la Facultatea de \u0218tiin\u021be Economice \u0219i Umaniste a Universit\u0103\u021bii Sapientia din Miercurea Ciuc.<\/span><span style=\"font-weight: 400;\"><br \/>\n<\/span><span style=\"font-weight: 400;\"><br \/>\n<\/span><span style=\"font-weight: 400;\">Am avut rol activ \u00een numeroase organiza\u0163ii non-guvernamentale \u015fi institu\u0163ii publice, din care pot aminti: 1991\u20131992 pre\u015fedintele Consiliului Elevilor din cadrul Liceului Teoretic \u201eM\u00e1rton \u00c1ron\u201d, 1993\u20131995 pre\u015fedinte fondator al Asocia\u0163iei pentru Management Civic, 1994\u20131997 membru \u00een prezidiul Uniunii Liceenilor Maghiari din Rom\u00e2nia, 1994\u20131997 membru fondator al Consiliului Tineretului Maghiar, 2002\u20132008 secretarul, apoi pre\u015fedintele executiv al Conferin\u0163ei Tineretului Maghiar din Rom\u00e2nia, iar \u00een perioada 2004-2008 pre\u015fedintele acestuia. \u00cencep\u00e2nd din anul 2004 sunt membru \u00een Comisia de cultur\u0103 a Funda\u0163iei Communitas, iar din anul 2010 sunt pre\u015fedintele Asocia\u0163iei de Dezvoltare Rural\u0103 a Consiliului Jude\u0163ean Harghita.<\/span><span style=\"font-weight: 400;\"><br \/>\n<\/span><span style=\"font-weight: 400;\"><br \/>\n<\/span><span style=\"font-weight: 400;\">Sunt membru al Consiliul Reprezentan\u0163ilor Teritoriali ai UDMR, Organiza\u0163ia Teritorial\u0103 Ciuc \u00eenc\u0103 din anul 1994, \u00een perioada 1999-2004 pre\u015fedinte, mai apoi din 2004 vicepre\u015fedinte al Federa\u0163iei Organiza\u0163iilor de Tineret din Regiunea Ciuc. Colaborez cu Consiliul Jude\u0163ean Harghita \u00eenc\u0103 din anul 2000: 2000-2004 am fost consilier jude\u0163ean, 2004-2008 vicepre\u015fedinte, iar din anul 2008 pre\u015fedinte. <\/span><span style=\"font-weight: 400;\"><br \/>\n<\/span><span style=\"font-weight: 400;\"><br \/>\n<\/span><span style=\"font-weight: 400;\">Sunt autorul, respectiv co-autorul, a numeroase publica\u0163ii. \u00cen anul 2001 am publicat dou\u0103\u00a0 volume: \u201eS\u0103 dezvolt\u0103m comunitatea la nivel local \u015fi fiind tineri\u201d (Helyben \u00e9s fiatalon \u00e9p\u00edts\u00fck k\u00f6z\u00f6ss\u00e9g\u00fcnket); Tineretul din Rom\u00e2nia in perioada 1990-1998. Ultima publica\u0163ie ap\u0103rut\u0103 \u00een anul 2003 este volumul \u201eTineretul si politica minoritar\u0103\u201d (co-autor).<\/span><\/p>\n<p><span style=\"font-weight: 400;\">Sunt membru permanent al Comitetului Regiunilor din octombrie 2012, am \u00eenceput de-al \u0219aptelea mandat \u00een Comisia pentru politici sociale, educa\u021bie, ocuparea for\u021bei de munc\u0103, cercetare \u0219i cultur\u0103 (SEDEC) \u0219i Comisia pentru mediu, schimb\u0103ri climatice \u0219i energie (ENVE). Deasemenea, sunt coordonatorul politic al Grupului Partidului Popular European din Comisia pentru educa\u021bie (SEDEC) \u0219i unul dintre vicepre\u0219edin\u021bii Comitetului European al Regiunilor.<\/span><\/p>\n<p><span style=\"font-weight: 400;\"><br \/>\n<\/span><span style=\"font-weight: 400;\">\u00cen prezent am domiciliul stabil \u00een Miercurea-Ciuc. Sunt c\u0103s\u0103torit din anul 1998, so\u0163ia mea este Borboly Melinda, avocat. Avem trei feti\u021be: Eszter, Anna \u0219i Zsolna \u0219i un b\u0103iat, M\u00e1ty\u00e1s.<\/span><\/p>\n<p>&nbsp;<\/p>\n<p><a href=\"https:\/\/cor.borbolycsaba.ro\/ro\/wp-content\/uploads\/2021\/12\/RO_BCS_biografie.docx.pdf\"><strong><img loading=\"lazy\" decoding=\"async\" class=\"alignnone size-full wp-image-1357\" src=\"https:\/\/cor.borbolycsaba.ro\/ro\/wp-content\/uploads\/2024\/03\/BCScsalad.jpg\" alt=\"\" width=\"1456\" height=\"848\" srcset=\"https:\/\/cor.borbolycsaba.ro\/ro\/wp-content\/uploads\/2024\/03\/BCScsalad.jpg 1456w, https:\/\/cor.borbolycsaba.ro\/ro\/wp-content\/uploads\/2024\/03\/BCScsalad-300x175.jpg 300w, https:\/\/cor.borbolycsaba.ro\/ro\/wp-content\/uploads\/2024\/03\/BCScsalad-1024x596.jpg 1024w, https:\/\/cor.borbolycsaba.ro\/ro\/wp-content\/uploads\/2024\/03\/BCScsalad-768x447.jpg 768w\" sizes=\"(max-width: 1456px) 100vw, 1456px\" \/>Csaba Borboly &#8211; scurt\u0103 biografie<\/strong><\/a><\/p>\n","protected":false},"excerpt":{"rendered":"<p>Am sus\u0163inut bacalaureatul \u00een anul 1992 \u00een Liceul Teoretic \u201eM\u00e1rton \u00c1ron\u201d din Miercurea-Ciuc, cu specializarea informatic\u0103, \u00een anul \u015fcolar 1992-1993 eram student al \u015ecolii Politice &#8222;Sz\u00e1zadv\u00e9g&#8221; din Budapesta. \u00cen perioada 1993-1999 am fost student la Universitatea \u201eE\u00f6tv\u00f6s Lor\u00e1nd\u201d, Facultatea de \u015etiin\u0163e Juridice din Budapesta la specializarea politologie, diploma ob\u0163inut\u0103 a fost echivalat\u0103 \u00een Rom\u00e2nia \u00een [&hellip;]<\/p>\n","protected":false},"author":1,"featured_media":0,"parent":0,"menu_order":0,"comment_status":"closed","ping_status":"closed","template":"","meta":{"_bbp_topic_count":0,"_bbp_reply_count":0,"_bbp_total_topic_count":0,"_bbp_total_reply_count":0,"_bbp_voice_count":0,"_bbp_anonymous_reply_count":0,"_bbp_topic_count_hidden":0,"_bbp_reply_count_hidden":0,"_bbp_forum_subforum_count":0,"footnotes":""},"_links":{"self":[{"href":"https:\/\/cor.borbolycsaba.ro\/ro\/index.php?rest_route=\/wp\/v2\/pages\/883"}],"collection":[{"href":"https:\/\/cor.borbolycsaba.ro\/ro\/index.php?rest_route=\/wp\/v2\/pages"}],"about":[{"href":"https:\/\/cor.borbolycsaba.ro\/ro\/index.php?rest_route=\/wp\/v2\/types\/page"}],"author":[{"embeddable":true,"href":"https:\/\/cor.borbolycsaba.ro\/ro\/index.php?rest_route=\/wp\/v2\/users\/1"}],"replies":[{"embeddable":true,"href":"https:\/\/cor.borbolycsaba.ro\/ro\/index.php?rest_route=%2Fwp%2Fv2%2Fcomments&post=883"}],"version-history":[{"count":6,"href":"https:\/\/cor.borbolycsaba.ro\/ro\/index.php?rest_route=\/wp\/v2\/pages\/883\/revisions"}],"predecessor-version":[{"id":1358,"href":"https:\/\/cor.borbolycsaba.ro\/ro\/index.php?rest_route=\/wp\/v2\/pages\/883\/revisions\/1358"}],"wp:attachment":[{"href":"https:\/\/cor.borbolycsaba.ro\/ro\/index.php?rest_route=%2Fwp%2Fv2%2Fmedia&parent=883"}],"curies":[{"name":"wp","href":"https:\/\/api.w.org\/{rel}","templated":true}]}}