{"id":881,"date":"2020-10-01T08:14:53","date_gmt":"2020-10-01T08:14:53","guid":{"rendered":"https:\/\/cor.borbolycsaba.ro\/ro\/?page_id=881"},"modified":"2024-08-21T05:36:40","modified_gmt":"2024-08-21T05:36:40","slug":"comitetul-european-al-regiunilor","status":"publish","type":"page","link":"https:\/\/cor.borbolycsaba.ro\/ro\/?page_id=881","title":{"rendered":"Comitetul European al Regiunilor"},"content":{"rendered":"<p><b>Comitetul European Regiunilor\u00a0<\/b><\/p>\n<p><span style=\"font-weight: 400;\">\u00cen anul 1994 a fost \u00eenfiin\u021bat Comitetul European al Regiunilor (COR) \u0219i este un organ consultativ reprezent\u00e2nd autorit\u0103\u021bile locale \u0219i regionale din Europa. Se compune din 329 de membri \u2013 pre\u0219edin\u021bii autorit\u0103\u021bilor regionale, primari sau reprezentan\u021bii ale\u0219i ai regiunilor \u0219i ora\u0219elor din 27 de state membre ale Uniunii Europene. Membrii sunt reprezentan\u021bi ale\u0219i democratic \u0219i\/sau au un mandat politic \u00een propria \u021bar\u0103.<\/span><\/p>\n<p><span style=\"font-weight: 400;\">Prin intermediul COR autorit\u0103\u021bile locale \u0219i regionale ale UE pot avea un cuv\u00e2nt de spus \u00een elaborarea legisla\u021biei UE referitoare la regiunile \u0219i ora\u0219ele din Europa.\u00a0<\/span><\/p>\n<p><b>De ce s-a \u00eenfiin\u021bat COR?<\/b><\/p>\n<p><span style=\"font-weight: 400;\">\u00cen activitatea sa de peste 20 de ani, COR desf\u0103\u0219oar\u0103 o activitate menit\u0103 a aduce cet\u0103\u021benii mai aproape de Uniunea European\u0103.\u00a0<\/span><\/p>\n<p><span style=\"font-weight: 400;\">Este \u0219tiut faptul c\u0103:\u00a0<\/span><\/p>\n<ul>\n<li><span style=\"font-weight: 400;\"> 70% din legisla\u021bia UE are un impact direct la nivel regional \u0219i local;<\/span><\/li>\n<li><span style=\"font-weight: 400;\"> cet\u0103\u021benii UE trebuie s\u0103 fie implica\u021bi \u00een procesul de construc\u021bie european\u0103;<\/span><\/li>\n<li><span style=\"font-weight: 400;\"> 50% dintre cet\u0103\u021benii UE sunt convin\u0219i de faptul c\u0103 reprezentan\u021bii lor ale\u0219i la nivel local \u0219i regional se afl\u0103 \u00eentr-o pozi\u021bie mai bun\u0103 pentru a-i reprezenta la nivelul UE;<\/span><\/li>\n<li><span style=\"font-weight: 400;\"> autorit\u0103\u021bile locale \u0219i regionale, alese la nivel regional \u0219i local, trebuie s\u0103 \u00ee\u0219i poat\u0103 exprima opiniile \u00een procesul de preg\u0103tire al legisla\u021biei UE.\u00a0<\/span><\/li>\n<\/ul>\n<p><span style=\"font-weight: 400;\">Prin Tratatul de la Lisabona, <\/span><b>\u00een anul 2009<\/b><span style=\"font-weight: 400;\"> se recunoa\u0219te rolul pe care \u00eel are COR. Mai multe pute\u021bi citi \u00een cele ce urmeaz\u0103.\u00a0<\/span><\/p>\n<p><b>Cum aduce COR mai aproape cet\u0103\u021benii de UE?<\/b><\/p>\n<ul>\n<li style=\"font-weight: 400;\"><span style=\"font-weight: 400;\">Membri COR tr\u0103iesc \u0219i lucreaz\u0103 \u00een regiunile \u0219i ora\u0219elor din care provin, deci au la cuno\u0219tin\u021b\u0103 aspectele care \u00eei preocup\u0103 pe cet\u0103\u021benii pe care \u00eei reprezint\u0103.\u00a0<\/span><\/li>\n<li style=\"font-weight: 400;\"><span style=\"font-weight: 400;\">\u00cen procesul legislativ \u0219i de luare a deciziilor la nivel european, reprezint\u0103 opinia electoratului \u0219i \u00eel informeaz\u0103 \u00een leg\u0103tur\u0103 cu procesele europene, prin intermediul \u0219edin\u021belor \u0219i conferin\u021belor organizate \u00een ora\u0219ele \u0219i regiunile din care provin.\u00a0<\/span><\/li>\n<li style=\"font-weight: 400;\"><span style=\"font-weight: 400;\">Prin intermediul COR regiunile \u0219i ora\u0219ele \u00ee\u0219i pot exprima opinia \u00een ceea ce prive\u0219te luarea deciziilor \u0219i \u00een acest mod reprezint\u0103 interesele autorit\u0103\u021bilor regionale \u0219i locale.\u00a0<\/span><\/li>\n<li style=\"font-weight: 400;\"><span style=\"font-weight: 400;\">Comisia European\u0103, Consiliul Uniunii Europene \u0219i Parlamentul European trebuie s\u0103 consulte Comitetul European al Regiunilor cu privire la aspectele care afecteaz\u0103 autorit\u0103\u021bile locale \u0219i regionale. De exemplu \u00een ceea ce prive\u0219te elaborarea legisla\u021biei privind s\u0103n\u0103tatea, educa\u021bia, ocuparea for\u021bei de munc\u0103, politica social\u0103, coeziunea economic\u0103 \u0219i social\u0103, transporturile, energia \u0219i schimb\u0103rile climatice.\u00a0<\/span><\/li>\n<li style=\"font-weight: 400;\"><span style=\"font-weight: 400;\">\u00cen caz contrat COR poate demara o ac\u021biune la Curtea de Justi\u021bie.\u00a0<\/span><\/li>\n<li style=\"font-weight: 400;\"><span style=\"font-weight: 400;\">Comitetul European al Regiunilor elaboreaz\u0103 \u0219i adopt\u0103 avize cu privire la propunerile legislative pe care le prime\u0219te \u0219i le transmite institu\u021biilor competente ale UE.<\/span><\/li>\n<li style=\"font-weight: 400;\"><span style=\"font-weight: 400;\">Comitetul European al Regiunilor poate emite avize, din ini\u021biativ\u0103 proprie.<\/span><\/li>\n<\/ul>\n<p>&nbsp;<\/p>\n<p><b>Componen\u021b\u0103<\/b><\/p>\n<p><span style=\"font-weight: 400;\">Membrii COR sunt reprezentan\u021bi ale\u0219i din cadrul autorit\u0103\u021bilor regionale \u0219i locale. Fiecare \u021bar\u0103 \u00ee\u0219i desemneaz\u0103 membrii. Ace\u0219ti sunt numi\u021bi de Consiliul UE pentru un mandat de cinci ani care poate fi re\u00eennoit. Num\u0103rul de membri din fiecare \u021bar\u0103 depinde de m\u0103rimea popula\u021biei.\u00a0<\/span><\/p>\n<p><span style=\"font-weight: 400;\">Membrii provenind dintr-o \u021bar\u0103 formeaz\u0103\u00a0delega\u021bia na\u021bional\u0103\u00a0care reflect\u0103 echilibrul politic, geografic, regional \u0219i local al \u021b\u0103rii respective.<\/span><\/p>\n<p><span style=\"font-weight: 400;\">Fiecare membru poate decide s\u0103 fac\u0103 parte dintr-un grup politic \u00een cadrul CoR. \u00cen prezent, sunt \u0219ase grupuri politice care reflect\u0103 diverse afilieri politice:\u00a0Partidul Popular European (EPP), Partidul Sociali\u0219tilor Europeni (PES), Grupul\u00a0Renew Europe,\u00a0Grupul Alian\u021ba European\u0103 (Grupul AE),\u00a0Grupul Conservatorilor \u0219i Reformi\u0219tilor Europeni (ECR) \u0219i Grupul Verzilor.\u00a0Membrii au, de asemenea, posibilitatea de a alege s\u0103 nu fac\u0103 parte dintr-un grup politic, dac\u0103 doresc acest lucru (neafilia\u021bi).<\/span><\/p>\n<p><span style=\"font-weight: 400;\">COR nume\u0219te un\u00a0pre\u0219edinte din r\u00e2ndul membrilor s\u0103i pentru un\u00a0<\/span><b>mandat de doi ani \u0219i jum\u0103tate<\/b><span style=\"font-weight: 400;\">.<\/span><\/p>\n<p><b>Modul de func\u021bionare al Comitetului Regiunilor<\/b><\/p>\n<p><span style=\"font-weight: 400;\">COR nume\u0219te un raportor (unul din membrii s\u0103i) care consult\u0103 p\u0103r\u021bile interesate \u0219i preg\u0103te\u0219te avizul. Textul este discutat \u0219i adoptat de comisia din cadrul COR care se ocup\u0103 de domeniul politic respectiv. Avizul este ulterior prezentat \u00een sesiune plenar\u0103 tuturor membrilor, care \u00eel pot modifica \u0219i apoi adopta prin vot. \u00cen cele din urm\u0103, avizul este transmis tuturor institu\u021biilor relevante ale UE.<\/span><\/p>\n<p><span style=\"font-weight: 400;\">Anual au loc p\u00e2n\u0103 la 6\u00a0\u0219edin\u021be plenare \u00een cadrul c\u0103rora se adopt\u0103 avize care acoper\u0103 \u00eentre 50 \u0219i 80 de proiecte legislative.<\/span><\/p>\n<p><b>Comitetul Regiunilor \u0219i cet\u0103\u021benii<\/b><\/p>\n<p><span style=\"font-weight: 400;\">COR \u00eencurajeaz\u0103\u00a0participarea la toate nivelurile,\u00a0de la autorit\u0103\u021bi regionale \u0219i locale la simpli cet\u0103\u021beni<\/span><b>.<\/b><span style=\"font-weight: 400;\"> Autorit\u0103\u021bile regionale \u0219i locale, asocia\u021biile, ONG-urile, exper\u021bii \u0219i cadrele universitare pot participa la\u00a0sondaje, consult\u0103ri \u0219i evenimente on-line<\/span><b>.<\/b><span style=\"font-weight: 400;\"> Concursul \u201eRegiunea european\u0103 \u00eentreprinz\u0103toare\u201d se adreseaz\u0103 tuturor regiunilor cu competen\u021be politice, \u00een timp ce concursurile de teze vizeaz\u0103 cadrele universitare.<\/span><\/p>\n<p><span style=\"font-weight: 400;\">COR dispune de mai multe\u00a0re\u021bele care le permit regiunilor \u0219i ora\u0219elor din UE s\u0103 fac\u0103 schimb de bune practici, s\u0103 lucreze \u00eempreun\u0103 \u0219i s\u0103 contribuie la dezbaterile europene pe teme precum cre\u0219terea \u0219i ocuparea for\u021bei de munc\u0103, dezvoltarea \u0219i subsidiaritatea, combaterea schimb\u0103rilor climatice \u0219i cooperarea transfrontalier\u0103.<\/span><\/p>\n<p><span style=\"font-weight: 400;\">Comitetul European al Regiunilor reprezint\u0103 aproximativ 1 milion de politicieni de la nivel local \u0219i regional din Uniunea European\u0103 \u0219i colaboreaz\u0103 \u00een special cu tinerii politicieni ale\u0219i (Young Elected Politicians \u2013 YEP) invit\u00e2ndu-i la \u0219edin\u021bele sale plenare sau, de exemplu, la Summitul european al regiunilor \u0219i ora\u0219elor.<\/span><\/p>\n<p><b>Biroul \u0219i membri\u00a0<\/b><\/p>\n<p><span style=\"font-weight: 400;\">Biroul este organul de conducere al comitetului \u0219i este format din 63 de membri: pre\u0219edinte, prim-vicepre\u0219edinte, 28 de vicepre\u0219edin\u021bi (c\u00e2te un reprezentant pentru fiecare stat), pre\u0219edin\u021bii grupurilor politice \u0219i al\u021bi 28 de membri ai delega\u021biilor na\u021bionale. Astfel se reflect\u0103 echilibrul na\u021bional \u0219i politic. Biroul se \u00eentrune\u0219te \u00eenainte de fiecare sesiune plenar\u0103 pentru a coordona lucr\u0103rile Adun\u0103rii Plenare \u0219i ale comisiilor. De asemenea, el se reune\u0219te de dou\u0103 ori pe an \u00een \u0219edin\u021be extraordinare, desf\u0103\u0219urate \u00een statul membru care de\u021bine pre\u0219edin\u021bia Consiliului UE.<\/span><\/p>\n<p><b>Mandatul membrilor\u00a0<\/b><\/p>\n<p><span style=\"font-weight: 400;\">Mandatul unui membru al Comitetului Regiunilor este de cinci ani \u0219i \u00eencepe la data la care intr\u0103 \u00een vigoare numirea sa oficial\u0103 de c\u0103tre Consiliu. Mandatul unui membru sau membru supleant se \u00eencheie odat\u0103 cu demisia acestuia, expirarea mandatul sau \u00een cazul decesului membrului ales de Comitetul Regiunilor. Consiliul nume\u0219te un nou membru pentru restul mandatului.<\/span><\/p>\n<p><b>Membri suplean\u021bi<\/b><\/p>\n<p><span style=\"font-weight: 400;\">Fiecare membru poate fi reprezentat de un alt membru sau de un membru supleant, \u00een cazul \u00een care nu poate participa la \u0219edin\u021ba plenar\u0103, \u0219edin\u021ba comisiei de specialitate sau la alte \u0219edin\u021be. Membrul \u00eenlocuitor sau cel supleant au doar un singur drept de vot. Membrul supleant are \u00een cadrul \u0219edin\u021belor mai sus men\u021bionate, acelea\u0219i drepturi \u0219i atribu\u021bii ca \u0219i membrul pe care \u00eel \u00eenlocuie\u0219te.\u00a0<\/span><\/p>\n<p><b>Grupuri politice\u00a0<\/b><\/p>\n<p><span style=\"font-weight: 400;\">Fiecare\u00a0<\/span><b>delega\u021bie na\u021bional\u0103<\/b><span style=\"font-weight: 400;\">\u00a0<\/span><span style=\"font-weight: 400;\">este alc\u0103tuit\u0103 din membri ai COR ce provin din fiecare dintre cele 27\u00a0de \u021b\u0103ri ale UE. Ele reflect\u0103 echilibrul de ansamblu, politic, geografic \u0219i local\/regional din fiecare stat membru.<\/span><\/p>\n<p><span style=\"font-weight: 400;\">Consiliul Uniunii Europene nume\u0219te oficial membrii COR, la propunerea statelor membre.<\/span> <span style=\"font-weight: 400;\">\u00cempreun\u0103, cei 329\u00a0de membri alc\u0103tuiesc Adunarea COR, care se \u00eentrune\u0219te la Bruxelles de c\u00e2teva ori pe an, pentru a dezbate priorit\u0103\u021bile politice \u0219i pentru a adopta avize pe marginea legisla\u021biei UE.<\/span><\/p>\n<p><span style=\"font-weight: 400;\">\u00cen prezent, sunt \u0219ase grupuri politice care reflect\u0103 diverse afilieri politice:\u00a0Partidul Popular European (EPP), Partidul Sociali\u0219tilor Europeni (PES), Grupul\u00a0Renew Europe,\u00a0Grupul Alian\u021ba European\u0103 (Grupul AE),\u00a0Grupul Conservatorilor \u0219i Reformi\u0219tilor Europeni (ECR) \u0219i Grupul Verzilor. \u00cenainte de fiecare \u0219edin\u021ba mai important\u0103 membri grupurilor politice se reunesc pentru a lua o decizie comun\u0103.<\/span><\/p>\n<p><b>Mod de func\u021bionare<\/b><\/p>\n<p><span style=\"font-weight: 400;\">Fiecare delega\u021bie na\u021bional\u0103 \u00ee\u0219i alege pre\u0219edintele \u0219i desemneaz\u0103 un coordonator. Rolul coordonatorilor este de a asigura leg\u0103tura dintre administra\u021bia COR \u0219i membrii delega\u021biei na\u021bionale din care fac parte<\/span><span style=\"font-weight: 400;\">.<\/span><\/p>\n<p><span style=\"font-weight: 400;\">Misiunile pe care le recomand\u0103 COR delega\u021biilor na\u021bionale:\u00a0<\/span><\/p>\n<ul>\n<li style=\"font-weight: 400;\"><span style=\"font-weight: 400;\">eviden\u021ba membrilor care se ocup\u0103 de gestionarea \u0219i infrastructura activit\u0103\u021bilor procedurale;<\/span><\/li>\n<li style=\"font-weight: 400;\"><span style=\"font-weight: 400;\">colaborarea cu coordonatorii celorlalte delega\u021bii na\u021bionale are un rol foarte important;\u00a0<\/span><\/li>\n<li style=\"font-weight: 400;\"><span style=\"font-weight: 400;\">organizarea de \u0219edin\u021be \u00eenaintea sau \u00een timpul \u0219edin\u021belor plenare, respectiv utilizare s\u0103lilor de \u0219edin\u021b\u0103.\u00a0<\/span><\/li>\n<\/ul>\n<p>&nbsp;<\/p>\n<p><b>Componen\u021ba Comitetului Regiunilor \u2013 num\u0103r membrii din state membre \u00a0<\/b><\/p>\n<table>\n<tbody>\n<tr>\n<td>\n<table>\n<tbody>\n<tr>\n<td>\n<table>\n<tbody>\n<tr>\n<td><b>\u021aar\u0103<\/b><\/td>\n<td><b>Membri<\/b><\/td>\n<td><b>\u021aar\u0103<\/b><\/td>\n<td><b>Membri<\/b><\/td>\n<td><b>\u021aar\u0103<\/b><\/td>\n<td><b>Membri<\/b><\/td>\n<\/tr>\n<tr>\n<td><span style=\"font-weight: 400;\">Germania<\/span><\/td>\n<td><span style=\"font-weight: 400;\">24<\/span><\/td>\n<td><span style=\"font-weight: 400;\">Belgia<\/span><\/td>\n<td><span style=\"font-weight: 400;\">12<\/span><\/td>\n<td><span style=\"font-weight: 400;\">Irlanda<\/span><\/td>\n<td><span style=\"font-weight: 400;\">9<\/span><\/td>\n<\/tr>\n<tr>\n<td><span style=\"font-weight: 400;\">Italia<\/span><\/td>\n<td><span style=\"font-weight: 400;\">24<\/span><\/td>\n<td><span style=\"font-weight: 400;\">Ungaria<\/span><\/td>\n<td><span style=\"font-weight: 400;\">12<\/span><\/td>\n<td><span style=\"font-weight: 400;\">Croa\u021bia<\/span><\/td>\n<td><span style=\"font-weight: 400;\">9<\/span><\/td>\n<\/tr>\n<tr>\n<td><span style=\"font-weight: 400;\">Fran\u021ba<\/span><\/td>\n<td><span style=\"font-weight: 400;\">24<\/span><\/td>\n<td><span style=\"font-weight: 400;\">Portugalia<\/span><\/td>\n<td><span style=\"font-weight: 400;\">12<\/span><\/td>\n<td><span style=\"font-weight: 400;\">Lituania<\/span><\/td>\n<td><span style=\"font-weight: 400;\">9<\/span><\/td>\n<\/tr>\n<tr>\n<td><span style=\"font-weight: 400;\">Polonia<\/span><\/td>\n<td><span style=\"font-weight: 400;\">21<\/span><\/td>\n<td><span style=\"font-weight: 400;\">Suedia<\/span><\/td>\n<td><span style=\"font-weight: 400;\">12<\/span><\/td>\n<td><span style=\"font-weight: 400;\">Letonia<\/span><\/td>\n<td><span style=\"font-weight: 400;\">7<\/span><\/td>\n<\/tr>\n<tr>\n<td><span style=\"font-weight: 400;\">Spania<\/span><\/td>\n<td><span style=\"font-weight: 400;\">21<\/span><\/td>\n<td><span style=\"font-weight: 400;\">Bulgaria<\/span><\/td>\n<td><span style=\"font-weight: 400;\">12<\/span><\/td>\n<td><span style=\"font-weight: 400;\">Slovenia<\/span><\/td>\n<td><span style=\"font-weight: 400;\">7<\/span><\/td>\n<\/tr>\n<tr>\n<td><span style=\"font-weight: 400;\">Rom\u00e2nia<\/span><\/td>\n<td><span style=\"font-weight: 400;\">15<\/span><\/td>\n<td><span style=\"font-weight: 400;\">Austria<\/span><\/td>\n<td><span style=\"font-weight: 400;\">12<\/span><\/td>\n<td><span style=\"font-weight: 400;\">Estonia<\/span><\/td>\n<td><span style=\"font-weight: 400;\">7<\/span><\/td>\n<\/tr>\n<tr>\n<td><span style=\"font-weight: 400;\">Cehia<\/span><\/td>\n<td><span style=\"font-weight: 400;\">12<\/span><\/td>\n<td><span style=\"font-weight: 400;\">Slovacia<\/span><\/td>\n<td><span style=\"font-weight: 400;\">9<\/span><\/td>\n<td><span style=\"font-weight: 400;\">Cipru<\/span><\/td>\n<td><span style=\"font-weight: 400;\">6<\/span><\/td>\n<\/tr>\n<tr>\n<td><span style=\"font-weight: 400;\">Olanda<\/span><\/td>\n<td><span style=\"font-weight: 400;\">12<\/span><\/td>\n<td><span style=\"font-weight: 400;\">Danemarca<\/span><\/td>\n<td><span style=\"font-weight: 400;\">9<\/span><\/td>\n<td><span style=\"font-weight: 400;\">Luxemburg<\/span><\/td>\n<td><span style=\"font-weight: 400;\">6<\/span><\/td>\n<\/tr>\n<tr>\n<td><span style=\"font-weight: 400;\">Grecia<\/span><\/td>\n<td><span style=\"font-weight: 400;\">12<\/span><\/td>\n<td><span style=\"font-weight: 400;\">Finlanda<\/span><\/td>\n<td><span style=\"font-weight: 400;\">9<\/span><\/td>\n<td><span style=\"font-weight: 400;\">Malta<\/span><\/td>\n<td><span style=\"font-weight: 400;\">5<\/span><\/td>\n<\/tr>\n<tr>\n<td><\/td>\n<td><\/td>\n<td><\/td>\n<td><\/td>\n<td><\/td>\n<td><\/td>\n<\/tr>\n<tr>\n<td colspan=\"5\"><b>Total<\/b><\/td>\n<td><b>329<\/b><\/td>\n<\/tr>\n<\/tbody>\n<\/table>\n<\/td>\n<\/tr>\n<\/tbody>\n<\/table>\n<\/td>\n<\/tr>\n<\/tbody>\n<\/table>\n<p>&nbsp;<\/p>\n<p><b>EUR\u00d3PAI N\u00c9PP\u00c1RT CSOPORT<\/b><\/p>\n<p><b>De la \u00eenfiin\u021barea sa \u00een anul 1994, Grupul Partidului Popular European este unul dintre motoarele Comitetului European al Regiunilor; este adunarea reprezentan\u021bilor locali \u0219i regionali europeni. <\/b><span style=\"font-weight: 400;\">Av\u00e2nd \u00een vedere c\u0103 aproximativ dou\u0103 treimi din legisla\u021bia UE este implementat\u0103 de autorit\u0103\u021bile locale \u0219i regionale, ale\u0219ii locali \u0219i regionali reprezint\u0103 interesele cet\u0103\u021benilor \u0219i ale municipalit\u0103\u021bilor care locuiesc \u0219i lucreaz\u0103 \u00een diferite ora\u0219e \u0219i regiuni ale UE. Politicienii locali \u0219i regionali sunt \u00een pozi\u021bia ideal\u0103 pentru a stabili \u0219i a men\u021bine leg\u0103turi str\u00e2nse cu cet\u0103\u021benii europeni. Grupul PPE \u00ee\u0219i propune s\u0103 sporeasc\u0103 eficacitatea \u0219i influen\u021ba COR prin contacte formale \u0219i informale \u00eentre celelalte institu\u021bii \u0219i guverne ale UE.<\/span><\/p>\n<p><span style=\"font-weight: 400;\">Sub deviza g\u00e2ndirii la nivel global, Grupul PPE ap\u0103r\u0103 cu t\u0103rie principiul subsidiarit\u0103\u021bii. Aceasta \u00eenseamn\u0103 c\u0103 deciziile trebuie luate \u00eentotdeauna la nivelul cel mai apropiat de cet\u0103\u021bean, cu excep\u021bia cazului \u00een care putem ob\u021bine rezultate mai bune prin munca la nivel na\u021bional sau european.<\/span><\/p>\n<p><span style=\"font-weight: 400;\">Partidul reprezint\u0103 grupurile din Parlamentul European \u0219i din Comitetul Regiunilor pentru a ap\u0103ra \u0219i promova valorile democra\u021biei, transparen\u021bei \u0219i eficien\u021bei prin dezvoltarea de politici comune \u0219i dob\u00e2ndirea cet\u0103\u021benilor.<\/span><\/p>\n<p><b>BORBOLY CSABA, <\/b><span style=\"font-weight: 400;\">pre\u0219edintele Consiliului Jude\u021bean Harghita este membru al COR din octombrie 2012 \u0219i ia parte la \u0219edin\u021bele Comisiei pentru politici sociale, educa\u021bie, ocuparea for\u021bei de munc\u0103, cercetare \u0219i cultur\u0103 <\/span><b>(SEDEC), <\/b><span style=\"font-weight: 400;\">Comisia pentru mediu, schimb\u0103ri climatice \u0219i energie <\/span><b>(ENVE),<\/b><span style=\"font-weight: 400;\"> \u00een calitate de membru al Partidului Popular European. <\/span><\/p>\n<p>&nbsp;<\/p>\n","protected":false},"excerpt":{"rendered":"<p>Comitetul European Regiunilor\u00a0 \u00cen anul 1994 a fost \u00eenfiin\u021bat Comitetul European al Regiunilor (COR) \u0219i este un organ consultativ reprezent\u00e2nd autorit\u0103\u021bile locale \u0219i regionale din Europa. Se compune din 329 de membri \u2013 pre\u0219edin\u021bii autorit\u0103\u021bilor regionale, primari sau reprezentan\u021bii ale\u0219i ai regiunilor \u0219i ora\u0219elor din 27 de state membre ale Uniunii Europene. Membrii sunt reprezentan\u021bi [&hellip;]<\/p>\n","protected":false},"author":1,"featured_media":0,"parent":0,"menu_order":0,"comment_status":"closed","ping_status":"closed","template":"","meta":{"_bbp_topic_count":0,"_bbp_reply_count":0,"_bbp_total_topic_count":0,"_bbp_total_reply_count":0,"_bbp_voice_count":0,"_bbp_anonymous_reply_count":0,"_bbp_topic_count_hidden":0,"_bbp_reply_count_hidden":0,"_bbp_forum_subforum_count":0,"footnotes":""},"_links":{"self":[{"href":"https:\/\/cor.borbolycsaba.ro\/ro\/index.php?rest_route=\/wp\/v2\/pages\/881"}],"collection":[{"href":"https:\/\/cor.borbolycsaba.ro\/ro\/index.php?rest_route=\/wp\/v2\/pages"}],"about":[{"href":"https:\/\/cor.borbolycsaba.ro\/ro\/index.php?rest_route=\/wp\/v2\/types\/page"}],"author":[{"embeddable":true,"href":"https:\/\/cor.borbolycsaba.ro\/ro\/index.php?rest_route=\/wp\/v2\/users\/1"}],"replies":[{"embeddable":true,"href":"https:\/\/cor.borbolycsaba.ro\/ro\/index.php?rest_route=%2Fwp%2Fv2%2Fcomments&post=881"}],"version-history":[{"count":4,"href":"https:\/\/cor.borbolycsaba.ro\/ro\/index.php?rest_route=\/wp\/v2\/pages\/881\/revisions"}],"predecessor-version":[{"id":1438,"href":"https:\/\/cor.borbolycsaba.ro\/ro\/index.php?rest_route=\/wp\/v2\/pages\/881\/revisions\/1438"}],"wp:attachment":[{"href":"https:\/\/cor.borbolycsaba.ro\/ro\/index.php?rest_route=%2Fwp%2Fv2%2Fmedia&parent=881"}],"curies":[{"name":"wp","href":"https:\/\/api.w.org\/{rel}","templated":true}]}}