{"id":841,"date":"2020-08-26T11:34:59","date_gmt":"2020-08-26T11:34:59","guid":{"rendered":"https:\/\/cor.borbolycsaba.ro\/?page_id=841"},"modified":"2020-08-26T11:34:59","modified_gmt":"2020-08-26T11:34:59","slug":"kapcsolat","status":"publish","type":"page","link":"https:\/\/cor.borbolycsaba.ro\/ro\/?page_id=841","title":{"rendered":"KAPCSOLAT"},"content":{"rendered":"<div>\n<p><strong>Borboly Csaba:<\/strong><\/p>\n<p>Megyeh\u00e1za, I emelet, 138-as iroda<br \/>\nCs\u00edkszereda, Hargita Megye<br \/>\nTel: +40-266-207701<br \/>\nFax: +40-266-207703<br \/>\nMobil: +40-744-399-282<\/p>\n<p><a href=\"&#x6d;&#x61;&#x69;&#x6c;&#x74;&#x6f;&#x3a;&#x62;&#x6f;&#x72;&#x62;&#111;&#108;&#121;&#99;saba&#64;harg&#x69;&#x74;&#x61;&#x6d;&#x65;&#x67;&#x79;&#x65;&#x2e;&#x72;&#x6f;\"><strong>&#x62;o&#x72;&#98;&#x6f;&#x6c;y&#x63;&#115;&#x61;&#x62;a&#x40;&#104;&#x61;&#x72;g&#x69;&#116;&#x61;&#x6d;e&#x67;&#121;&#x65;&#x2e;r&#x6f;<\/strong><\/a><br \/>\n<strong><a href=\"mailto:&#99;&#111;&#114;&#64;&#x68;&#x61;&#x72;&#x67;&#x69;&#x74;&#x61;&#x6d;&#x65;gye.ro\">&#x63;&#111;r&#x40;&#104;a&#x72;&#x67;it&#x61;&#109;e&#x67;&#x79;e.&#x72;&#111;<\/a><\/strong><\/p>\n<p>skype: borbolycs<\/p>\n<p>\u00dczenet k\u00fcld\u00e9se:<\/p>\n<div id=\"wpcf7-f278-p42-o2\" class=\"wpcf7\" dir=\"ltr\" role=\"form\">\n<div class=\"screen-reader-response\"><\/div>\n<form class=\"wpcf7-form\" action=\"https:\/\/www.borbolycsaba.ro\/kapcsolat\/#wpcf7-f278-p42-o2\" method=\"post\" novalidate=\"novalidate\"><span class=\"wpcf7-form-control-wrap your-name\"><input class=\"wpcf7-form-control wpcf7-text wpcf7-validates-as-required\" name=\"your-name\" size=\"40\" type=\"text\" value=\"\" aria-required=\"true\" aria-invalid=\"false\" \/><\/span><br \/>\nN\u00e9v (k\u00f6telez\u0151)<\/p>\n<p><span class=\"wpcf7-form-control-wrap your-email\"><input class=\"wpcf7-form-control wpcf7-text wpcf7-validates-as-required\" name=\"your-email\" size=\"40\" type=\"text\" value=\"\" aria-required=\"true\" aria-invalid=\"false\" \/><\/span><br \/>\nE-mail (k\u00f6telez\u0151)<\/p>\n<p><span class=\"wpcf7-form-control-wrap your-subject\"><input class=\"wpcf7-form-control wpcf7-text\" name=\"your-subject\" size=\"40\" type=\"text\" value=\"\" aria-invalid=\"false\" \/><\/span><br \/>\nT\u00e1rgy<\/p>\n<p>\u00dczenet<br \/>\n<span class=\"wpcf7-form-control-wrap your-message\"><textarea class=\"wpcf7-form-control wpcf7-textarea\" cols=\"40\" name=\"your-message\" rows=\"10\" aria-invalid=\"false\"><\/textarea><\/span><\/p>\n<p><input class=\"wpcf7-form-control wpcf7-submit\" type=\"submit\" value=\"K\u00fcld\u00e9s\" \/><\/p>\n<\/form>\n<\/div>\n<\/div>\n<p>&nbsp;<\/p>\n","protected":false},"excerpt":{"rendered":"<p>Borboly Csaba: Megyeh\u00e1za, I emelet, 138-as iroda Cs\u00edkszereda, Hargita Megye Tel: +40-266-207701 Fax: +40-266-207703 Mobil: +40-744-399-282 &#98;&#x6f;r&#x62;o&#108;&#x79;c&#x73;a&#x62;a&#64;&#x68;a&#x72;g&#x69;&#x74;&#97;&#x6d;e&#x67;y&#101;&#x2e;r&#x6f; &#x63;&#x6f;&#x72;&#x40;&#x68;&#x61;&#x72;&#x67;&#x69;&#x74;&#x61;&#109;&#101;&#103;&#121;e.ro skype: borbolycs \u00dczenet k\u00fcld\u00e9se: N\u00e9v (k\u00f6telez\u0151) E-mail (k\u00f6telez\u0151) T\u00e1rgy \u00dczenet &nbsp;<\/p>\n","protected":false},"author":1,"featured_media":0,"parent":0,"menu_order":0,"comment_status":"closed","ping_status":"closed","template":"","meta":{"_bbp_topic_count":0,"_bbp_reply_count":0,"_bbp_total_topic_count":0,"_bbp_total_reply_count":0,"_bbp_voice_count":0,"_bbp_anonymous_reply_count":0,"_bbp_topic_count_hidden":0,"_bbp_reply_count_hidden":0,"_bbp_forum_subforum_count":0,"footnotes":""},"_links":{"self":[{"href":"https:\/\/cor.borbolycsaba.ro\/ro\/index.php?rest_route=\/wp\/v2\/pages\/841"}],"collection":[{"href":"https:\/\/cor.borbolycsaba.ro\/ro\/index.php?rest_route=\/wp\/v2\/pages"}],"about":[{"href":"https:\/\/cor.borbolycsaba.ro\/ro\/index.php?rest_route=\/wp\/v2\/types\/page"}],"author":[{"embeddable":true,"href":"https:\/\/cor.borbolycsaba.ro\/ro\/index.php?rest_route=\/wp\/v2\/users\/1"}],"replies":[{"embeddable":true,"href":"https:\/\/cor.borbolycsaba.ro\/ro\/index.php?rest_route=%2Fwp%2Fv2%2Fcomments&post=841"}],"version-history":[{"count":1,"href":"https:\/\/cor.borbolycsaba.ro\/ro\/index.php?rest_route=\/wp\/v2\/pages\/841\/revisions"}],"predecessor-version":[{"id":842,"href":"https:\/\/cor.borbolycsaba.ro\/ro\/index.php?rest_route=\/wp\/v2\/pages\/841\/revisions\/842"}],"wp:attachment":[{"href":"https:\/\/cor.borbolycsaba.ro\/ro\/index.php?rest_route=%2Fwp%2Fv2%2Fmedia&parent=841"}],"curies":[{"name":"wp","href":"https:\/\/api.w.org\/{rel}","templated":true}]}}