{"id":495,"date":"2020-06-18T05:48:09","date_gmt":"2020-06-18T05:48:09","guid":{"rendered":"https:\/\/cor.borbolycsaba.ro\/?page_id=495"},"modified":"2024-03-27T09:36:11","modified_gmt":"2024-03-27T09:36:11","slug":"cor","status":"publish","type":"page","link":"https:\/\/cor.borbolycsaba.ro\/ro\/","title":{"rendered":"COR"},"content":{"rendered":"<p>[vc_row][vc_column][\/vc_column][\/vc_row][vc_row][vc_column][\/vc_column][\/vc_row][vc_row][vc_column width=&#8221;2\/3&#8243;][vc_single_image image=&#8221;1317&#8243; img_size=&#8221;large&#8221; onclick=&#8221;custom_link&#8221; link=&#8221;https:\/\/cor.borbolycsaba.ro\/ro\/?page_id=1316&#8243;]<div id=\"\" class=\" bs-listing bs-listing-slider-2 bs-listing-single-tab\">\t<div class=\"bs-shortcode bs-slider bs-slider-2 clearfix  l-1\">\n\n\t\t<div class=\"better-slider\" id=\"slider-393292200\"\n\t\t     data-slideshowSpeed=\"7000\"\n\t\t     data-animation=\"fade\"\n\t\t     data-controlNav=\"1\"\n\t\t     data-animationSpeed=\"600\">\n\t\t\t<ul class=\"slides\">\n\t\t\t\t\t\t\t\t\t<li class=\"slide bs-slider-item bs-slider-2-item  has-post-thumbnail\">\n\t\t\t\t\t\t<div class=\"item-content\">\n\n\t\t\t\t\t\t\t<a class=\"img-cont\" href=\"https:\/\/cor.borbolycsaba.ro\/ro\/?p=1442\"\n\t\t\t\t\t\t\t   style=\"background-image: url('https:\/\/cor.borbolycsaba.ro\/ro\/wp-content\/uploads\/2025\/05\/IMG-20250507-WA0000-900x580.jpg')\"><\/a>\n\t\t\t\t\t\t\t\t\t\t\t\t\t\t<div class=\"content-container\">\n\t\t\t\t\t\t\t\t<div class=\"term-badges floated\"><span class=\"term-badge term-84\"><a href=\"https:\/\/cor.borbolycsaba.ro\/ro\/?cat=84\">Stiri<\/a><\/span><\/div><h3 class=\"title\">\t\t\t\t\t\t\t\t<a class=\"post-url post-title\" href=\"https:\/\/cor.borbolycsaba.ro\/ro\/?p=1442\">\n\t\t\t\t\t\t\t\t\tOnorat s\u0103 reprezint CoR \u00een juriul de selec\u021bie pentru Capitala&hellip;\t\t\t\t\t\t\t\t<\/a>\n\t\t\t\t\t\t\t\t<\/h3>\t\t<div class=\"post-meta\">\n\n\t\t\t\t\t\t\t<a href=\"https:\/\/cor.borbolycsaba.ro\/ro\/?author=1\"\n\t\t\t\t   title=\"Tall\u00f3z\u00e1s Szerz\u0151 cikkek\"\n\t\t\t\t   class=\"post-author-a\">\n\t\t\t\t\t<i class=\"post-author author\">\n\t\t\t\t\t\tadmin\t\t\t\t\t<\/i>\n\t\t\t\t<\/a>\n\t\t\t\t\t\t\t<span class=\"time\"><time class=\"post-published updated\"\n\t\t\t\t                         datetime=\"2025-05-07T13:29:03+00:00\">mai 7, 2025<\/time><\/span>\n\t\t\t\t<a href=\"https:\/\/cor.borbolycsaba.ro\/ro\/?p=1442#respond\" title=\"Sz\u00f3lj hozz\u00e1 a &quot;Onorat s\u0103 reprezint CoR \u00een juriul de selec\u021bie pentru Capitala European\u0103 a Culturii&quot;\" class=\"comments\"><i class=\"fa fa-comments-o\"><\/i> 0<\/a>\t\t<\/div>\n\t\t\t\t\t\t\t\t\t\t\t<a class=\"read-more\"\n\t\t\t\t\t\t\t\t\t   href=\"https:\/\/cor.borbolycsaba.ro\/ro\/?p=1442\">Olvass tov\u00e1bb...<\/a>\n\t\t\t\t\t\t\t\t\t\t\t\t\t\t\t\t<\/div>\n\t\t\t\t\t\t<\/div>\n\t\t\t\t\t<\/li>\n\t\t\t\t\t\t\t\t\t\t<li class=\"slide bs-slider-item bs-slider-2-item  has-post-thumbnail has-post-thumbnail\">\n\t\t\t\t\t\t<div class=\"item-content\">\n\n\t\t\t\t\t\t\t<a class=\"img-cont\" href=\"https:\/\/cor.borbolycsaba.ro\/ro\/?p=1440\"\n\t\t\t\t\t\t\t   style=\"background-image: url('https:\/\/cor.borbolycsaba.ro\/ro\/wp-content\/uploads\/2024\/09\/CoterFinn-1130x580.jpg')\"><\/a>\n\t\t\t\t\t\t\t\t\t\t\t\t\t\t<div class=\"content-container\">\n\t\t\t\t\t\t\t\t<div class=\"term-badges floated\"><span class=\"term-badge term-84\"><a href=\"https:\/\/cor.borbolycsaba.ro\/ro\/?cat=84\">Stiri<\/a><\/span><\/div><h3 class=\"title\">\t\t\t\t\t\t\t\t<a class=\"post-url post-title\" href=\"https:\/\/cor.borbolycsaba.ro\/ro\/?p=1440\">\n\t\t\t\t\t\t\t\t\tPropuneri pentru noile mecanisme de planificare \u0219i implementare a&hellip;\t\t\t\t\t\t\t\t<\/a>\n\t\t\t\t\t\t\t\t<\/h3>\t\t<div class=\"post-meta\">\n\n\t\t\t\t\t\t\t<a href=\"https:\/\/cor.borbolycsaba.ro\/ro\/?author=6\"\n\t\t\t\t   title=\"Tall\u00f3z\u00e1s Szerz\u0151 cikkek\"\n\t\t\t\t   class=\"post-author-a\">\n\t\t\t\t\t<i class=\"post-author author\">\n\t\t\t\t\t\tadmin\t\t\t\t\t<\/i>\n\t\t\t\t<\/a>\n\t\t\t\t\t\t\t<span class=\"time\"><time class=\"post-published updated\"\n\t\t\t\t                         datetime=\"2024-09-17T10:12:54+00:00\">sept. 17, 2024<\/time><\/span>\n\t\t\t\t<a href=\"https:\/\/cor.borbolycsaba.ro\/ro\/?p=1440#respond\" title=\"Sz\u00f3lj hozz\u00e1 a &quot;Propuneri pentru noile mecanisme de planificare \u0219i implementare a cadrului financiar multianual post-2027 \u00een contextul bugetului UE \u0219i al politicilor locale&quot;\" class=\"comments\"><i class=\"fa fa-comments-o\"><\/i> 0<\/a>\t\t<\/div>\n\t\t\t\t\t\t\t\t\t\t\t<a class=\"read-more\"\n\t\t\t\t\t\t\t\t\t   href=\"https:\/\/cor.borbolycsaba.ro\/ro\/?p=1440\">Olvass tov\u00e1bb...<\/a>\n\t\t\t\t\t\t\t\t\t\t\t\t\t\t\t\t<\/div>\n\t\t\t\t\t\t<\/div>\n\t\t\t\t\t<\/li>\n\t\t\t\t\t\t\t\t\t\t<li class=\"slide bs-slider-item bs-slider-2-item  has-post-thumbnail has-post-thumbnail has-post-thumbnail\">\n\t\t\t\t\t\t<div class=\"item-content\">\n\n\t\t\t\t\t\t\t<a class=\"img-cont\" href=\"https:\/\/cor.borbolycsaba.ro\/ro\/?p=1401\"\n\t\t\t\t\t\t\t   style=\"background-image: url('https:\/\/cor.borbolycsaba.ro\/ro\/wp-content\/uploads\/2024\/08\/FiatalokEU-955x580-1.jpg')\"><\/a>\n\t\t\t\t\t\t\t\t\t\t\t\t\t\t<div class=\"content-container\">\n\t\t\t\t\t\t\t\t<div class=\"term-badges floated\"><span class=\"term-badge term-84\"><a href=\"https:\/\/cor.borbolycsaba.ro\/ro\/?cat=84\">Stiri<\/a><\/span><\/div><h3 class=\"title\">\t\t\t\t\t\t\t\t<a class=\"post-url post-title\" href=\"https:\/\/cor.borbolycsaba.ro\/ro\/?p=1401\">\n\t\t\t\t\t\t\t\t\tTinerii au o voce ce trebuie \u00eencurajat\u0103 s\u0103 se fac\u0103 auzit\u0103!\t\t\t\t\t\t\t\t<\/a>\n\t\t\t\t\t\t\t\t<\/h3>\t\t<div class=\"post-meta\">\n\n\t\t\t\t\t\t\t<a href=\"https:\/\/cor.borbolycsaba.ro\/ro\/?author=6\"\n\t\t\t\t   title=\"Tall\u00f3z\u00e1s Szerz\u0151 cikkek\"\n\t\t\t\t   class=\"post-author-a\">\n\t\t\t\t\t<i class=\"post-author author\">\n\t\t\t\t\t\tadmin\t\t\t\t\t<\/i>\n\t\t\t\t<\/a>\n\t\t\t\t\t\t\t<span class=\"time\"><time class=\"post-published updated\"\n\t\t\t\t                         datetime=\"2024-07-08T13:24:51+00:00\">iul. 8, 2024<\/time><\/span>\n\t\t\t\t<a href=\"https:\/\/cor.borbolycsaba.ro\/ro\/?p=1401#respond\" title=\"Sz\u00f3lj hozz\u00e1 a &quot;Tinerii au o voce ce trebuie \u00eencurajat\u0103 s\u0103 se fac\u0103 auzit\u0103!&quot;\" class=\"comments\"><i class=\"fa fa-comments-o\"><\/i> 0<\/a>\t\t<\/div>\n\t\t\t\t\t\t\t\t\t\t\t<a class=\"read-more\"\n\t\t\t\t\t\t\t\t\t   href=\"https:\/\/cor.borbolycsaba.ro\/ro\/?p=1401\">Olvass tov\u00e1bb...<\/a>\n\t\t\t\t\t\t\t\t\t\t\t\t\t\t\t\t<\/div>\n\t\t\t\t\t\t<\/div>\n\t\t\t\t\t<\/li>\n\t\t\t\t\t\t\t\t\t\t<li class=\"slide bs-slider-item bs-slider-2-item  has-post-thumbnail has-post-thumbnail has-post-thumbnail has-post-thumbnail\">\n\t\t\t\t\t\t<div class=\"item-content\">\n\n\t\t\t\t\t\t\t<a class=\"img-cont\" href=\"https:\/\/cor.borbolycsaba.ro\/ro\/?p=1397\"\n\t\t\t\t\t\t\t   style=\"background-image: url('https:\/\/cor.borbolycsaba.ro\/ro\/wp-content\/uploads\/2024\/08\/IlustratieCoR-1.jpg')\"><\/a>\n\t\t\t\t\t\t\t\t\t\t\t\t\t\t<div class=\"content-container\">\n\t\t\t\t\t\t\t\t<div class=\"term-badges floated\"><span class=\"term-badge term-84\"><a href=\"https:\/\/cor.borbolycsaba.ro\/ro\/?cat=84\">Stiri<\/a><\/span><\/div><h3 class=\"title\">\t\t\t\t\t\t\t\t<a class=\"post-url post-title\" href=\"https:\/\/cor.borbolycsaba.ro\/ro\/?p=1397\">\n\t\t\t\t\t\t\t\t\tVie\u021bile oamenilor nu se afl\u0103 pe lista de priorit\u0103\u021bi a factorilor de&hellip;\t\t\t\t\t\t\t\t<\/a>\n\t\t\t\t\t\t\t\t<\/h3>\t\t<div class=\"post-meta\">\n\n\t\t\t\t\t\t\t<a href=\"https:\/\/cor.borbolycsaba.ro\/ro\/?author=6\"\n\t\t\t\t   title=\"Tall\u00f3z\u00e1s Szerz\u0151 cikkek\"\n\t\t\t\t   class=\"post-author-a\">\n\t\t\t\t\t<i class=\"post-author author\">\n\t\t\t\t\t\tadmin\t\t\t\t\t<\/i>\n\t\t\t\t<\/a>\n\t\t\t\t\t\t\t<span class=\"time\"><time class=\"post-published updated\"\n\t\t\t\t                         datetime=\"2024-07-04T13:22:46+00:00\">iul. 4, 2024<\/time><\/span>\n\t\t\t\t<a href=\"https:\/\/cor.borbolycsaba.ro\/ro\/?p=1397#respond\" title=\"Sz\u00f3lj hozz\u00e1 a &quot;Vie\u021bile oamenilor nu se afl\u0103 pe lista de priorit\u0103\u021bi a factorilor de decizie de la Bruxelles&quot;\" class=\"comments\"><i class=\"fa fa-comments-o\"><\/i> 0<\/a>\t\t<\/div>\n\t\t\t\t\t\t\t\t\t\t\t<a class=\"read-more\"\n\t\t\t\t\t\t\t\t\t   href=\"https:\/\/cor.borbolycsaba.ro\/ro\/?p=1397\">Olvass tov\u00e1bb...<\/a>\n\t\t\t\t\t\t\t\t\t\t\t\t\t\t\t\t<\/div>\n\t\t\t\t\t\t<\/div>\n\t\t\t\t\t<\/li>\n\t\t\t\t\t\t\t\t\t\t<li class=\"slide bs-slider-item bs-slider-2-item  has-post-thumbnail has-post-thumbnail has-post-thumbnail has-post-thumbnail has-post-thumbnail\">\n\t\t\t\t\t\t<div class=\"item-content\">\n\n\t\t\t\t\t\t\t<a class=\"img-cont\" href=\"https:\/\/cor.borbolycsaba.ro\/ro\/?p=1394\"\n\t\t\t\t\t\t\t   style=\"background-image: url('https:\/\/cor.borbolycsaba.ro\/ro\/wp-content\/uploads\/2024\/08\/FaultetesSajtaj-1130x580-1.jpg')\"><\/a>\n\t\t\t\t\t\t\t\t\t\t\t\t\t\t<div class=\"content-container\">\n\t\t\t\t\t\t\t\t<div class=\"term-badges floated\"><span class=\"term-badge term-84\"><a href=\"https:\/\/cor.borbolycsaba.ro\/ro\/?cat=84\">Stiri<\/a><\/span><\/div><h3 class=\"title\">\t\t\t\t\t\t\t\t<a class=\"post-url post-title\" href=\"https:\/\/cor.borbolycsaba.ro\/ro\/?p=1394\">\n\t\t\t\t\t\t\t\t\t\u00cempreun\u0103 am plantat copacii viitorului!\t\t\t\t\t\t\t\t<\/a>\n\t\t\t\t\t\t\t\t<\/h3>\t\t<div class=\"post-meta\">\n\n\t\t\t\t\t\t\t<a href=\"https:\/\/cor.borbolycsaba.ro\/ro\/?author=6\"\n\t\t\t\t   title=\"Tall\u00f3z\u00e1s Szerz\u0151 cikkek\"\n\t\t\t\t   class=\"post-author-a\">\n\t\t\t\t\t<i class=\"post-author author\">\n\t\t\t\t\t\tadmin\t\t\t\t\t<\/i>\n\t\t\t\t<\/a>\n\t\t\t\t\t\t\t<span class=\"time\"><time class=\"post-published updated\"\n\t\t\t\t                         datetime=\"2024-07-03T13:20:43+00:00\">iul. 3, 2024<\/time><\/span>\n\t\t\t\t<a href=\"https:\/\/cor.borbolycsaba.ro\/ro\/?p=1394#respond\" title=\"Sz\u00f3lj hozz\u00e1 a &quot;\u00cempreun\u0103 am plantat copacii viitorului!&quot;\" class=\"comments\"><i class=\"fa fa-comments-o\"><\/i> 0<\/a>\t\t<\/div>\n\t\t\t\t\t\t\t\t\t\t\t<a class=\"read-more\"\n\t\t\t\t\t\t\t\t\t   href=\"https:\/\/cor.borbolycsaba.ro\/ro\/?p=1394\">Olvass tov\u00e1bb...<\/a>\n\t\t\t\t\t\t\t\t\t\t\t\t\t\t\t\t<\/div>\n\t\t\t\t\t\t<\/div>\n\t\t\t\t\t<\/li>\n\t\t\t\t\t\t\t\t<\/ul>\n\t\t<\/div>\n\t<\/div>\n<\/div>[vc_single_image image=&#8221;1218&#8243; img_size=&#8221;large&#8221; onclick=&#8221;custom_link&#8221; link=&#8221;https:\/\/cor.europa.eu\/en\/engage\/pages\/zero-pollution-going-local.aspx&#8221;][\/vc_column][vc_column width=&#8221;1\/3&#8243;]\t<div  class=\"bs-shortcode bs-heading-shortcode \">\n\t\t\t\t<h3 class=\"section-heading sh-t1 sh-s1\">\n\t\t\t\t<span class=\"h-text\">Avize<\/span>\n\t\t\t\t<\/h3>\n\t\t\t<\/div>\n[vc_single_image image=&#8221;1323&#8243; img_size=&#8221;medium&#8221; onclick=&#8221;custom_link&#8221; link=&#8221;https:\/\/cor.borbolycsaba.ro\/ro\/?page_id=1233&#8243;][vc_single_image image=&#8221;1268&#8243; img_size=&#8221;medium&#8221; onclick=&#8221;custom_link&#8221; link=&#8221;https:\/\/cor.borbolycsaba.ro\/ro\/?page_id=1089&#8243;][vc_single_image image=&#8221;1269&#8243; img_size=&#8221;medium&#8221; onclick=&#8221;custom_link&#8221; link=&#8221;https:\/\/cor.borbolycsaba.ro\/ro\/?page_id=1080&#8243;][vc_single_image image=&#8221;1248&#8243; img_size=&#8221;medium&#8221; onclick=&#8221;custom_link&#8221; link=&#8221;https:\/\/cor.borbolycsaba.ro\/ro\/?page_id=919&#8243;][vc_single_image image=&#8221;1272&#8243; img_size=&#8221;medium&#8221; onclick=&#8221;custom_link&#8221; link=&#8221;https:\/\/cor.borbolycsaba.ro\/ro\/?page_id=916&#8243;][vc_single_image image=&#8221;1252&#8243; img_size=&#8221;medium&#8221; onclick=&#8221;custom_link&#8221; link=&#8221;https:\/\/cor.borbolycsaba.ro\/ro\/?page_id=1250&#8243;][vc_single_image image=&#8221;1257&#8243; img_size=&#8221;medium&#8221; onclick=&#8221;custom_link&#8221; link=&#8221;https:\/\/cor.borbolycsaba.ro\/ro\/?page_id=1255&#8243;][vc_single_image image=&#8221;1261&#8243; img_size=&#8221;medium&#8221; onclick=&#8221;custom_link&#8221; link=&#8221;https:\/\/cor.borbolycsaba.ro\/ro\/?page_id=1260&#8243;][vc_single_image image=&#8221;1230&#8243; img_size=&#8221;medium&#8221; onclick=&#8221;custom_link&#8221; link=&#8221;https:\/\/cor.borbolycsaba.ro\/ro\/?page_id=1228&#8243;][\/vc_column][\/vc_row][vc_row][vc_column width=&#8221;1\/3&#8243;][\/vc_column][vc_column width=&#8221;1\/3&#8243;][\/vc_column][vc_column width=&#8221;1\/3&#8243;][\/vc_column][\/vc_row][vc_row][vc_column width=&#8221;1\/3&#8243;][\/vc_column][vc_column width=&#8221;1\/3&#8243;][\/vc_column][vc_column width=&#8221;1\/3&#8243;][\/vc_column][\/vc_row][vc_row][vc_column width=&#8221;1\/4&#8243;][vc_single_image image=&#8221;1074&#8243; img_size=&#8221;full&#8221; onclick=&#8221;custom_link&#8221; link=&#8221;https:\/\/cor.europa.eu\/en\/engage\/Pages\/future-europe-role-of-regions-cities.aspx&#8221;][vc_single_image image=&#8221;1078&#8243; img_size=&#8221;full&#8221; onclick=&#8221;custom_link&#8221; link=&#8221;https:\/\/cor.europa.eu\/europcom\/2021&#8243;][vc_single_image image=&#8221;1072&#8243; img_size=&#8221;full&#8221; onclick=&#8221;custom_link&#8221; link=&#8221;https:\/\/cor.europa.eu\/ro\/engage\/Pages\/Future-of-Europe.aspx&#8221;][\/vc_column][vc_column width=&#8221;1\/4&#8243;][vc_single_image image=&#8221;1326&#8243; img_size=&#8221;large&#8221; alignment=&#8221;center&#8221; onclick=&#8221;img_link_large&#8221; title=&#8221;Calendar COR 2024&#8243;][vc_single_image image=&#8221;1063&#8243; img_size=&#8221;full&#8221; onclick=&#8221;custom_link&#8221; link=&#8221;https:\/\/cor.europa.eu\/ro\/engage\/Pages\/cohesion-alliance.aspx&#8221;][vc_single_image image=&#8221;1067&#8243; img_size=&#8221;full&#8221; onclick=&#8221;custom_link&#8221; link=&#8221;https:\/\/cor.europa.eu\/ro\/engage\/Pages\/green-deal.aspx&#8221;][\/vc_column][vc_column width=&#8221;1\/2&#8243;]<div id=\"\" class=\" bs-listing bs-listing-listing-text-2 bs-listing-single-tab\">\t\t<h3 class=\"section-heading sh-t1 sh-s1 main-term-84\">\n\n\t\t\n\t\t\t\t\t\t\t<a href=\"https:\/\/cor.borbolycsaba.ro\/ro\/?cat=84\" class=\"main-link\">\n\t\t\t\t\t\t\t<span class=\"h-text main-term-84\">\n\t\t\t\t\t\t\t\tULTIMELE \u0218TIRI\t\t\t\t\t\t\t<\/span>\n\t\t\t\t<\/a>\n\t\t\t\n\t\t\n\t\t<\/h3>\n\t\t\t<div class=\"listing listing-text listing-text-2 clearfix columns-1\">\n\t\t<div class=\"post-1442 type-post format-standard has-post-thumbnail   listing-item listing-item-text listing-item-text-2 main-term-84\">\n\t<div class=\"item-inner\">\n\t\t<h3 class=\"title\">\t\t<a href=\"https:\/\/cor.borbolycsaba.ro\/ro\/?p=1442\" class=\"post-title post-url\">\n\t\t\tOnorat s\u0103 reprezint CoR \u00een juriul de selec\u021bie pentru Capitala&hellip;\t\t<\/a>\n\t\t<\/h3>\t\t<div class=\"post-meta\">\n\n\t\t\t\t\t\t\t<span class=\"time\"><time class=\"post-published updated\"\n\t\t\t\t                         datetime=\"2025-05-07T13:29:03+00:00\">mai 7, 2025<\/time><\/span>\n\t\t\t\t\t\t<\/div>\n\t\t\t<\/div>\n\t<\/div >\n\t<div class=\"post-1440 type-post format-standard has-post-thumbnail   listing-item listing-item-text listing-item-text-2 main-term-84\">\n\t<div class=\"item-inner\">\n\t\t<h3 class=\"title\">\t\t<a href=\"https:\/\/cor.borbolycsaba.ro\/ro\/?p=1440\" class=\"post-title post-url\">\n\t\t\tPropuneri pentru noile mecanisme de planificare \u0219i implementare a&hellip;\t\t<\/a>\n\t\t<\/h3>\t\t<div class=\"post-meta\">\n\n\t\t\t\t\t\t\t<span class=\"time\"><time class=\"post-published updated\"\n\t\t\t\t                         datetime=\"2024-09-17T10:12:54+00:00\">sept. 17, 2024<\/time><\/span>\n\t\t\t\t\t\t<\/div>\n\t\t\t<\/div>\n\t<\/div >\n\t<div class=\"post-1401 type-post format-standard has-post-thumbnail   listing-item listing-item-text listing-item-text-2 main-term-84\">\n\t<div class=\"item-inner\">\n\t\t<h3 class=\"title\">\t\t<a href=\"https:\/\/cor.borbolycsaba.ro\/ro\/?p=1401\" class=\"post-title post-url\">\n\t\t\tTinerii au o voce ce trebuie \u00eencurajat\u0103 s\u0103 se fac\u0103 auzit\u0103!\t\t<\/a>\n\t\t<\/h3>\t\t<div class=\"post-meta\">\n\n\t\t\t\t\t\t\t<span class=\"time\"><time class=\"post-published updated\"\n\t\t\t\t                         datetime=\"2024-07-08T13:24:51+00:00\">iul. 8, 2024<\/time><\/span>\n\t\t\t\t\t\t<\/div>\n\t\t\t<\/div>\n\t<\/div >\n\t<div class=\"post-1397 type-post format-standard has-post-thumbnail   listing-item listing-item-text listing-item-text-2 main-term-84\">\n\t<div class=\"item-inner\">\n\t\t<h3 class=\"title\">\t\t<a href=\"https:\/\/cor.borbolycsaba.ro\/ro\/?p=1397\" class=\"post-title post-url\">\n\t\t\tVie\u021bile oamenilor nu se afl\u0103 pe lista de priorit\u0103\u021bi a factorilor de&hellip;\t\t<\/a>\n\t\t<\/h3>\t\t<div class=\"post-meta\">\n\n\t\t\t\t\t\t\t<span class=\"time\"><time class=\"post-published updated\"\n\t\t\t\t                         datetime=\"2024-07-04T13:22:46+00:00\">iul. 4, 2024<\/time><\/span>\n\t\t\t\t\t\t<\/div>\n\t\t\t<\/div>\n\t<\/div >\n\t<div class=\"post-1394 type-post format-standard has-post-thumbnail   listing-item listing-item-text listing-item-text-2 main-term-84\">\n\t<div class=\"item-inner\">\n\t\t<h3 class=\"title\">\t\t<a href=\"https:\/\/cor.borbolycsaba.ro\/ro\/?p=1394\" class=\"post-title post-url\">\n\t\t\t\u00cempreun\u0103 am plantat copacii viitorului!\t\t<\/a>\n\t\t<\/h3>\t\t<div class=\"post-meta\">\n\n\t\t\t\t\t\t\t<span class=\"time\"><time class=\"post-published updated\"\n\t\t\t\t                         datetime=\"2024-07-03T13:20:43+00:00\">iul. 3, 2024<\/time><\/span>\n\t\t\t\t\t\t<\/div>\n\t\t\t<\/div>\n\t<\/div >\n\t<\/div>\n\t<\/div>[\/vc_column][\/vc_row]<\/p>\n","protected":false},"excerpt":{"rendered":"<p>[vc_row][vc_column][\/vc_column][\/vc_row][vc_row][vc_column][\/vc_column][\/vc_row][vc_row][vc_column width=&#8221;2\/3&#8243;][vc_single_image image=&#8221;1317&#8243; img_size=&#8221;large&#8221; onclick=&#8221;custom_link&#8221; link=&#8221;https:\/\/cor.borbolycsaba.ro\/ro\/?page_id=1316&#8243;][vc_single_image image=&#8221;1218&#8243; img_size=&#8221;large&#8221; onclick=&#8221;custom_link&#8221; link=&#8221;https:\/\/cor.europa.eu\/en\/engage\/pages\/zero-pollution-going-local.aspx&#8221;][\/vc_column][vc_column width=&#8221;1\/3&#8243;][vc_single_image image=&#8221;1323&#8243; img_size=&#8221;medium&#8221; onclick=&#8221;custom_link&#8221; link=&#8221;https:\/\/cor.borbolycsaba.ro\/ro\/?page_id=1233&#8243;][vc_single_image image=&#8221;1268&#8243; img_size=&#8221;medium&#8221; onclick=&#8221;custom_link&#8221; link=&#8221;https:\/\/cor.borbolycsaba.ro\/ro\/?page_id=1089&#8243;][vc_single_image image=&#8221;1269&#8243; img_size=&#8221;medium&#8221; onclick=&#8221;custom_link&#8221; link=&#8221;https:\/\/cor.borbolycsaba.ro\/ro\/?page_id=1080&#8243;][vc_single_image image=&#8221;1248&#8243; img_size=&#8221;medium&#8221; onclick=&#8221;custom_link&#8221; link=&#8221;https:\/\/cor.borbolycsaba.ro\/ro\/?page_id=919&#8243;][vc_single_image image=&#8221;1272&#8243; img_size=&#8221;medium&#8221; onclick=&#8221;custom_link&#8221; link=&#8221;https:\/\/cor.borbolycsaba.ro\/ro\/?page_id=916&#8243;][vc_single_image image=&#8221;1252&#8243; img_size=&#8221;medium&#8221; onclick=&#8221;custom_link&#8221; link=&#8221;https:\/\/cor.borbolycsaba.ro\/ro\/?page_id=1250&#8243;][vc_single_image image=&#8221;1257&#8243; img_size=&#8221;medium&#8221; onclick=&#8221;custom_link&#8221; link=&#8221;https:\/\/cor.borbolycsaba.ro\/ro\/?page_id=1255&#8243;][vc_single_image image=&#8221;1261&#8243; img_size=&#8221;medium&#8221; onclick=&#8221;custom_link&#8221; link=&#8221;https:\/\/cor.borbolycsaba.ro\/ro\/?page_id=1260&#8243;][vc_single_image image=&#8221;1230&#8243; img_size=&#8221;medium&#8221; onclick=&#8221;custom_link&#8221; link=&#8221;https:\/\/cor.borbolycsaba.ro\/ro\/?page_id=1228&#8243;][\/vc_column][\/vc_row][vc_row][vc_column width=&#8221;1\/3&#8243;][\/vc_column][vc_column width=&#8221;1\/3&#8243;][\/vc_column][vc_column width=&#8221;1\/3&#8243;][\/vc_column][\/vc_row][vc_row][vc_column width=&#8221;1\/3&#8243;][\/vc_column][vc_column width=&#8221;1\/3&#8243;][\/vc_column][vc_column width=&#8221;1\/3&#8243;][\/vc_column][\/vc_row][vc_row][vc_column width=&#8221;1\/4&#8243;][vc_single_image image=&#8221;1074&#8243; [&hellip;]<\/p>\n","protected":false},"author":1,"featured_media":0,"parent":0,"menu_order":0,"comment_status":"closed","ping_status":"closed","template":"","meta":{"_bbp_topic_count":0,"_bbp_reply_count":0,"_bbp_total_topic_count":0,"_bbp_total_reply_count":0,"_bbp_voice_count":0,"_bbp_anonymous_reply_count":0,"_bbp_topic_count_hidden":0,"_bbp_reply_count_hidden":0,"_bbp_forum_subforum_count":0,"footnotes":""},"_links":{"self":[{"href":"https:\/\/cor.borbolycsaba.ro\/ro\/index.php?rest_route=\/wp\/v2\/pages\/495"}],"collection":[{"href":"https:\/\/cor.borbolycsaba.ro\/ro\/index.php?rest_route=\/wp\/v2\/pages"}],"about":[{"href":"https:\/\/cor.borbolycsaba.ro\/ro\/index.php?rest_route=\/wp\/v2\/types\/page"}],"author":[{"embeddable":true,"href":"https:\/\/cor.borbolycsaba.ro\/ro\/index.php?rest_route=\/wp\/v2\/users\/1"}],"replies":[{"embeddable":true,"href":"https:\/\/cor.borbolycsaba.ro\/ro\/index.php?rest_route=%2Fwp%2Fv2%2Fcomments&post=495"}],"version-history":[{"count":91,"href":"https:\/\/cor.borbolycsaba.ro\/ro\/index.php?rest_route=\/wp\/v2\/pages\/495\/revisions"}],"predecessor-version":[{"id":1356,"href":"https:\/\/cor.borbolycsaba.ro\/ro\/index.php?rest_route=\/wp\/v2\/pages\/495\/revisions\/1356"}],"wp:attachment":[{"href":"https:\/\/cor.borbolycsaba.ro\/ro\/index.php?rest_route=%2Fwp%2Fv2%2Fmedia&parent=495"}],"curies":[{"name":"wp","href":"https:\/\/api.w.org\/{rel}","templated":true}]}}