{"id":1390,"date":"2024-06-21T11:31:28","date_gmt":"2024-06-21T11:31:28","guid":{"rendered":"https:\/\/cor.borbolycsaba.ro\/ro\/?page_id=1390"},"modified":"2024-06-21T11:33:18","modified_gmt":"2024-06-21T11:33:18","slug":"aviz-de-confidentialitate","status":"publish","type":"page","link":"https:\/\/cor.borbolycsaba.ro\/ro\/?page_id=1390","title":{"rendered":"AVIZ DE CONFIDEN\u021aIALITATE"},"content":{"rendered":"<p><strong>Aviz de confiden\u021bialitate<\/strong><\/p>\n<p><strong>\u00a0<\/strong><\/p>\n<p>Site-ul borbolycsaba.ro (denumit \u00een continuare &#8222;Furnizorul de servicii&#8221;) ofer\u0103 un serviciu de internet care se concentreaz\u0103 pe cele mai importante \u0219tiri \u0219i informa\u021bii actuale.<\/p>\n<p>Prin prezenta, Furnizorul de servicii consider\u0103 c\u0103 este important s\u0103 respecte \u0219i s\u0103 aplice dreptul utilizatorului la gestionarea datelor. \u00cen plus, acesta \u00ee\u0219i rezerv\u0103 toate drepturile de a copia orice parte a portalului prin orice mijloace. Este interzis\u0103 prelucrarea \u0219i utilizarea de texte, fotografii, materiale audio sau video, structuri de date sau p\u0103r\u021bi ale portalului f\u0103r\u0103 acordul furnizorului. Orice utilizare neautorizat\u0103 va duce la sanc\u021biuni penale \u0219i civile. Borbolycsaba.ro poate solicita desp\u0103gubiri pentru prejudiciul cauzat prin \u00eenc\u0103lcarea legii.<\/p>\n<p>Legea CXII din 2011 privind dreptul la autodeterminare informa\u021bional\u0103 \u0219i Legea nr. 24 privind libertatea de informare. \u0219i \u00een conformitate cu Regulamentul (UE) 2016\/679 al Parlamentului European \u0219i al Consiliului (GDPR), compania a elaborat Politica de confiden\u021bialitate, care con\u021bine cele mai importante reguli de protec\u021bie a datelor, de securitate IT legate de \u00eenregistr\u0103rile relevante, \u00een special \u00een ceea ce prive\u0219te cerin\u021bele de protec\u021bie a datelor legate de gestionarea datelor, responsabilit\u0103\u021bile sale, transferul \u0219i dezv\u0103luirea datelor \u0219i securitatea datelor (lista detaliat\u0103 a acestora este inclus\u0103 \u00een defini\u021bii).<\/p>\n<p>Scopul Politicii de confiden\u021bialitate este de a asigura securitatea datelor prelucrate de c\u0103tre persoanele de pe site-ul borbolycsaba.ro \u0219i de a preveni accesul neautorizat, modificarea \u0219i divulgarea neautorizat\u0103 a datelor, precum \u0219i de a stabili procedurile de gestionare a \u00eenregistr\u0103rilor privind protec\u021bia datelor p\u0103strate de c\u0103tre site.<\/p>\n<p><strong>Termeni utiliza\u021bi \u00een gestionarea datelor:<\/strong><\/p>\n<p>Prelucrarea datelor &#8211; orice opera\u021biune sau set de opera\u021biuni care se efectueaz\u0103 asupra datelor, indiferent de procedura utilizat\u0103, \u00een special \u00eenregistrarea, \u00eenregistrarea, organizarea, stocarea, modificarea, utilizarea, consultarea, extragerea, divulgarea, transmiterea, dezv\u0103luirea, dezv\u0103luirea, \u0219tergerea \u0219i distrugerea datelor \u0219i \u00eempiedicarea utiliz\u0103rii lor ulterioare, realizarea de fotografii, \u00eenregistr\u0103ri de sunet sau de imagini, precum \u0219i caracteristicile fizice care fac posibil\u0103 identificarea unei persoane.<\/p>\n<p><strong>Operator de date<\/strong> &#8211; o persoan\u0103 fizic\u0103 sau juridic\u0103 sau un organism f\u0103r\u0103 personalitate juridic\u0103 care, singur sau \u00eempreun\u0103 cu alte persoane, stabile\u0219te scopurile \u00een care urmeaz\u0103 s\u0103 fie prelucrate datele, ia \u0219i execut\u0103 deciziile privind prelucrarea (inclusiv mijloacele utilizate) sau dispune ca datele s\u0103 fie prelucrate de o persoan\u0103 \u00eemputernicit\u0103 de c\u0103tre o persoan\u0103 \u00eemputernicit\u0103 de c\u0103tre operator.<\/p>\n<p><strong>Operator de date<\/strong> &#8211; o persoan\u0103 fizic\u0103 sau juridic\u0103, un organism f\u0103r\u0103 personalitate juridic\u0103 sau o entitate care prelucreaz\u0103 date pe baza unui contract, inclusiv un contract \u00eencheiat \u00een temeiul unei dispozi\u021bii legale.<\/p>\n<p>&#8222;\u00cenc\u0103lcarea securit\u0103\u021bii datelor&#8221; \u00eenseamn\u0103 un incident care afecteaz\u0103 securitatea datelor cu caracter personal \u0219i care are ca rezultat distrugerea accidental\u0103 sau ilegal\u0103, pierderea, modificarea, divulgarea neautorizat\u0103 sau accesul neautorizat la datele cu caracter personal.<\/p>\n<p>&#8222;Date de interes public&#8221; \u00eenseamn\u0103 informa\u021bii sau cuno\u0219tin\u021be, indiferent de forma sau de mijloacele de \u00eenregistrare, de\u021binute de un organism sau de o persoan\u0103 care \u00eendepline\u0219te o sarcin\u0103 de stat sau local\u0103 sau o sarcin\u0103 public\u0103 definit\u0103 prin lege \u0219i care se refer\u0103 la activit\u0103\u021bile sale sau apar \u00een cursul \u00eendeplinirii sarcinii sale publice \u0219i care nu se \u00eencadreaz\u0103 \u00een conceptul de date cu caracter personal.<\/p>\n<p><strong>Informa\u021bii de interes public<\/strong> &#8211; informa\u021bii sau cuno\u0219tin\u021be de\u021binute de un organism sau de o persoan\u0103 care exercit\u0103 o func\u021bie de stat sau de administra\u021bie local\u0103 sau o alt\u0103 func\u021bie public\u0103 definit\u0103 prin lege \u0219i care se refer\u0103 la activit\u0103\u021bile sale \u0219i care nu intr\u0103 \u00een sfera conceptului de date cu caracter personal \u0219i care sunt \u00eenregistrate \u00een orice mod sau form\u0103.<\/p>\n<p><strong>Persoana vizat\u0103<\/strong> &#8211; orice persoan\u0103 fizic\u0103 care este identificat\u0103 sau poate fi identificat\u0103, direct sau indirect, pe baza unor date cu caracter personal specifice.<\/p>\n<p><strong>Utilizator<\/strong> &#8211; persoana vizat\u0103 care utilizeaz\u0103, vizualizeaz\u0103 sau ob\u021bine informa\u021bii despre serviciile Furnizorului de servicii sau despre con\u021binutul produs de Furnizorul de servicii \u00een mod gratuit, dup\u0103 ce se \u00eenregistreaz\u0103 pe site-ul web utilizat de Furnizorul de servicii.<\/p>\n<p><strong>Autoritate de supraveghere<\/strong>: autoritatea desemnat\u0103 de legisla\u021bia na\u021bional\u0103 aplicabil\u0103 pentru a monitoriza respectarea cerin\u021belor de protec\u021bie a datelor, a\u0219a cum este impus\u0103 de GDPR, \u00een Rom\u00e2nia: <a href=\"http:\/\/dataprotection.ro\/?page=contact&amp;lang=ro\">http:\/\/dataprotection.ro\/?page=contact&amp;lang=ro<\/a><\/p>\n<p>&nbsp;<\/p>\n<p><strong>Buletin informativ<\/strong> &#8211; un serviciu furnizat \u00een leg\u0103tur\u0103 cu con\u021binutul disponibil prin intermediul unui site web de\u021binut sau operat de Furnizorul de servicii informa\u021bii profesionale trimise destinatarilor pe cale electronic\u0103 (de exemplu, prin e-mail) ca parte a.<\/p>\n<p><strong>Consim\u021b\u0103m\u00e2nt <\/strong>&#8211; exprimarea voluntar\u0103 \u0219i explicit\u0103 a dorin\u021bei persoanei vizate cu privire la prelucrarea datelor sale cu caracter personal, pe baza unei inform\u0103ri prealabile adecvate, prin care aceasta \u00ee\u0219i d\u0103 acordul neechivoc pentru prelucrarea datelor cu caracter personal care o privesc, fie \u00een totalitate, fie \u00een leg\u0103tur\u0103 cu opera\u021biuni specifice.<\/p>\n<p><strong>Marcarea datelor cu caracter personal<\/strong> &#8211; marcarea datelor cu caracter personal cu un identificator pentru a le distinge.<\/p>\n<p><strong>Prelucrarea datelor pe site-ul web<\/strong><\/p>\n<p>Plasarea de identificatori unici (a\u0219a-numitele cookie-uri) de c\u0103tre furnizorii de servicii externi (Facebook, Google) pe dispozitivul de navigare digital\u0103 al persoanei vizate care viziteaz\u0103 site-urile web de\u021binute de furnizorul de servicii;<\/p>\n<p>Scopul prelucr\u0103rii &#8211; pentru a permite utilizatorului s\u0103 comenteze con\u021binutul articolelor \u0219i pentru a asigura disponibilitatea articolelor publicate anterior \u00een vederea \u00eembun\u0103t\u0103\u021birii serviciilor Furnizorului de servicii \u00een conformitate cu interesele utilizatorilor. \u00cemp\u0103rt\u0103\u0219irea direct\u0103 a con\u021binutului disponibil pe site-urile web cu utilizatorii, promovarea oric\u0103rui produs, serviciu sau con\u021binut al Furnizorului de servicii \u00een r\u00e2ndul utilizatorilor; operarea serviciului de rela\u021bii cu clien\u021bii prin e-mail \u0219i telefon: tratarea reclama\u021biilor utilizatorilor, r\u0103spunsul la comentariile acestora.<\/p>\n<p>Temeiul juridic al prelucr\u0103rii: articolul 6 alineatul (1) literele (a), (b), (f) din RGPD.<\/p>\n<p>Domeniul de aplicare al datelor cu caracter personal prelucrate de operator &#8211; Pentru \u00eenregistrarea pe portal: nume, prenume, nume de utilizator, adres\u0103 de e-mail. Pentru \u00eenregistrarea cu un cont Google: nume, pseudonim, fotografie de profil, adres\u0103 de e-mail; Pentru \u00eenregistrarea cu un cont Facebook: nume, sex, fotografie de profil, fotografie de copert\u0103, nume de utilizator \u0219i ID-ul utilizatorului (inclus \u00een URL-ul formularului de date), data na\u0219terii, apartenen\u021ba la comunitatea Facebook;<\/p>\n<p>&nbsp;<\/p>\n<p><strong>Utilizarea cookie-urilor<\/strong><\/p>\n<p><strong>\u00a0Cookie-uri (Cookie-uri)<\/strong><\/p>\n<p>Scopul modulelor cookie este de a colecta informa\u021bii despre vizitatori \u0219i dispozitivele acestora, de a re\u021bine preferin\u021bele individuale ale vizitatorilor, care sunt utilizate astfel \u00eenc\u00e2t s\u0103 nu fie nevoie s\u0103 fie reintroduse, de a facilita utilizarea site-ului web \u0219i de a oferi o experien\u021b\u0103 de utilizare de calitate. Portalul marosv\u00e1s\u00e1rhelyiek.ro utilizeaz\u0103, de asemenea, cookie-uri pe site-urile sale.<\/p>\n<p>Ce este un cookie? Un cookie este un fi\u0219ier de mici dimensiuni care este plasat pe computerul dvs. atunci c\u00e2nd vizita\u021bi un site web. Cookie-urile au o serie de func\u021bii &#8211; colecteaz\u0103 informa\u021bii, re\u021bin preferin\u021bele individuale ale unui vizitator, sunt utilizate \u0219i faciliteaz\u0103 utilizarea site-ului web de c\u0103tre utilizatori.<\/p>\n<p><strong>Pentru ce folosim cookie-urile?<\/strong><\/p>\n<ul>\n<li>navigare f\u0103r\u0103 \u00eentreruperi<\/li>\n<li>dezvoltarea \u0219i \u00eembun\u0103t\u0103\u021birea site-ului web<\/li>\n<li>analiz\u0103 web<\/li>\n<li>personalizarea serviciilor<\/li>\n<li>cookie-uri de performan\u021b\u0103<\/li>\n<li>colectarea de informa\u021bii privind traficul pe site-ul web<\/li>\n<li>pute\u021bi controla cookie-urile, dar le pute\u021bi \u0219i dezactiva &#8211; accept\u0103 cookie-urile \u00een mod implicit atunci c\u00e2nd naviga\u021bi, dar le pute\u021bi modifica pentru a \u00eempiedica acceptarea automat\u0103 \u0219i, de fiecare dat\u0103 c\u00e2nd face\u021bi acest lucru, v\u0103 va oferi posibilitatea de a alege dac\u0103 dori\u021bi sau nu s\u0103 permite\u021bi cookie-urile.<\/li>\n<\/ul>\n<p><strong>Politica privind comentariile<\/strong><\/p>\n<p>borbolycsaba.ro ofer\u0103 posibilitatea de a comenta o parte din con\u021binutul postat pe site, dar permite opinii civilizate, argumentate.<\/p>\n<p>De asemenea, ne rezerv\u0103m dreptul de a \u0219terge de pe site, total sau par\u021bial, orice comentariu care este ilegal conform reglement\u0103rilor europene sau rom\u00e2ne\u0219ti. \u00cen cazul unui con\u021binut ofensator, vom restric\u021biona sau suspenda posibilitatea de a posta comentarii \u0219i vom interzice temporar sau definitiv accesul utilizatorului pe site-ul nostru.<\/p>\n<p>Utilizatorii sunt obliga\u021bi s\u0103 respecte prevederile Regulamentului (UE) 2016\/679\/UE al Parlamentului European \u0219i al Consiliului privind protec\u021bia datelor cu caracter personal \u00een acest domeniu, precum \u0219i a altor legi privind protec\u021bia datelor.<\/p>\n","protected":false},"excerpt":{"rendered":"<p>Aviz de confiden\u021bialitate \u00a0 Site-ul borbolycsaba.ro (denumit \u00een continuare &#8222;Furnizorul de servicii&#8221;) ofer\u0103 un serviciu de internet care se concentreaz\u0103 pe cele mai importante \u0219tiri \u0219i informa\u021bii actuale. Prin prezenta, Furnizorul de servicii consider\u0103 c\u0103 este important s\u0103 respecte \u0219i s\u0103 aplice dreptul utilizatorului la gestionarea datelor. \u00cen plus, acesta \u00ee\u0219i rezerv\u0103 toate drepturile de [&hellip;]<\/p>\n","protected":false},"author":1,"featured_media":0,"parent":0,"menu_order":0,"comment_status":"closed","ping_status":"closed","template":"","meta":{"_bbp_topic_count":0,"_bbp_reply_count":0,"_bbp_total_topic_count":0,"_bbp_total_reply_count":0,"_bbp_voice_count":0,"_bbp_anonymous_reply_count":0,"_bbp_topic_count_hidden":0,"_bbp_reply_count_hidden":0,"_bbp_forum_subforum_count":0,"footnotes":""},"_links":{"self":[{"href":"https:\/\/cor.borbolycsaba.ro\/ro\/index.php?rest_route=\/wp\/v2\/pages\/1390"}],"collection":[{"href":"https:\/\/cor.borbolycsaba.ro\/ro\/index.php?rest_route=\/wp\/v2\/pages"}],"about":[{"href":"https:\/\/cor.borbolycsaba.ro\/ro\/index.php?rest_route=\/wp\/v2\/types\/page"}],"author":[{"embeddable":true,"href":"https:\/\/cor.borbolycsaba.ro\/ro\/index.php?rest_route=\/wp\/v2\/users\/1"}],"replies":[{"embeddable":true,"href":"https:\/\/cor.borbolycsaba.ro\/ro\/index.php?rest_route=%2Fwp%2Fv2%2Fcomments&post=1390"}],"version-history":[{"count":1,"href":"https:\/\/cor.borbolycsaba.ro\/ro\/index.php?rest_route=\/wp\/v2\/pages\/1390\/revisions"}],"predecessor-version":[{"id":1391,"href":"https:\/\/cor.borbolycsaba.ro\/ro\/index.php?rest_route=\/wp\/v2\/pages\/1390\/revisions\/1391"}],"wp:attachment":[{"href":"https:\/\/cor.borbolycsaba.ro\/ro\/index.php?rest_route=%2Fwp%2Fv2%2Fmedia&parent=1390"}],"curies":[{"name":"wp","href":"https:\/\/api.w.org\/{rel}","templated":true}]}}