{"id":1260,"date":"2023-07-28T06:22:57","date_gmt":"2023-07-28T06:22:57","guid":{"rendered":"https:\/\/cor.borbolycsaba.ro\/ro\/?page_id=1260"},"modified":"2023-07-28T06:22:57","modified_gmt":"2023-07-28T06:22:57","slug":"oportunitatile-de-utilizare-eficienta-a-resurselor-in-sectorul-cladirilor","status":"publish","type":"page","link":"https:\/\/cor.borbolycsaba.ro\/ro\/?page_id=1260","title":{"rendered":"Oportunit\u0103\u021bile de utilizare eficient\u0103 a resurselor \u00een sectorul cl\u0103dirilor"},"content":{"rendered":"<p style=\"font-weight: 400;\">\u00a0\u00cencurajarea politicii UE s\u0103 dep\u0103\u0219easc\u0103 indicatorii tehnocra\u021bi ca abordare a ecologiz\u0103rii sectorului cl\u0103dirilor, respect\u00e2nd pe deplin specificul na\u021bional \u0219i local\/regional al provoc\u0103rilor \u0219i oportunit\u0103\u021bilor. \u00cen acest context, CoR ar putea sublinia provoc\u0103rile ecologice \u0219i economice care stau la baza la nivel local \u0219i regional pentru progresul c\u0103tre \u00eembun\u0103t\u0103\u021birea eficien\u021bei resurselor \u00een sectorul cl\u0103dirilor. Sub rezerva comentariilor membrilor.<\/p>\n<p style=\"font-weight: 400;\">Link:\u00a0<a href=\"https:\/\/cor.europa.eu\/en\/our-work\/Pages\/OpinionTimeline.aspx?opId=CDR-4084-2014\" data-saferedirecturl=\"https:\/\/www.google.com\/url?q=https:\/\/cor.europa.eu\/en\/our-work\/Pages\/OpinionTimeline.aspx?opId%3DCDR-4084-2014&amp;source=gmail&amp;ust=1690609267358000&amp;usg=AOvVaw32Dqr8iJQ2dg4IZLmOvbTM\">https:\/\/cor.europa.eu\/en\/our-work\/Pages\/OpinionTimeline.aspx?opId=CDR-4084-2014<\/a><\/p>\n<p>&nbsp;<\/p>\n","protected":false},"excerpt":{"rendered":"<p>\u00a0\u00cencurajarea politicii UE s\u0103 dep\u0103\u0219easc\u0103 indicatorii tehnocra\u021bi ca abordare a ecologiz\u0103rii sectorului cl\u0103dirilor, respect\u00e2nd pe deplin specificul na\u021bional \u0219i local\/regional al provoc\u0103rilor \u0219i oportunit\u0103\u021bilor. \u00cen acest context, CoR ar putea sublinia provoc\u0103rile ecologice \u0219i economice care stau la baza la nivel local \u0219i regional pentru progresul c\u0103tre \u00eembun\u0103t\u0103\u021birea eficien\u021bei resurselor \u00een sectorul cl\u0103dirilor. Sub rezerva [&hellip;]<\/p>\n","protected":false},"author":1,"featured_media":1261,"parent":0,"menu_order":0,"comment_status":"closed","ping_status":"closed","template":"","meta":{"_bbp_topic_count":0,"_bbp_reply_count":0,"_bbp_total_topic_count":0,"_bbp_total_reply_count":0,"_bbp_voice_count":0,"_bbp_anonymous_reply_count":0,"_bbp_topic_count_hidden":0,"_bbp_reply_count_hidden":0,"_bbp_forum_subforum_count":0,"footnotes":""},"_links":{"self":[{"href":"https:\/\/cor.borbolycsaba.ro\/ro\/index.php?rest_route=\/wp\/v2\/pages\/1260"}],"collection":[{"href":"https:\/\/cor.borbolycsaba.ro\/ro\/index.php?rest_route=\/wp\/v2\/pages"}],"about":[{"href":"https:\/\/cor.borbolycsaba.ro\/ro\/index.php?rest_route=\/wp\/v2\/types\/page"}],"author":[{"embeddable":true,"href":"https:\/\/cor.borbolycsaba.ro\/ro\/index.php?rest_route=\/wp\/v2\/users\/1"}],"replies":[{"embeddable":true,"href":"https:\/\/cor.borbolycsaba.ro\/ro\/index.php?rest_route=%2Fwp%2Fv2%2Fcomments&post=1260"}],"version-history":[{"count":1,"href":"https:\/\/cor.borbolycsaba.ro\/ro\/index.php?rest_route=\/wp\/v2\/pages\/1260\/revisions"}],"predecessor-version":[{"id":1262,"href":"https:\/\/cor.borbolycsaba.ro\/ro\/index.php?rest_route=\/wp\/v2\/pages\/1260\/revisions\/1262"}],"wp:featuredmedia":[{"embeddable":true,"href":"https:\/\/cor.borbolycsaba.ro\/ro\/index.php?rest_route=\/wp\/v2\/media\/1261"}],"wp:attachment":[{"href":"https:\/\/cor.borbolycsaba.ro\/ro\/index.php?rest_route=%2Fwp%2Fv2%2Fmedia&parent=1260"}],"curies":[{"name":"wp","href":"https:\/\/api.w.org\/{rel}","templated":true}]}}