{"id":1255,"date":"2023-07-28T04:23:45","date_gmt":"2023-07-28T04:23:45","guid":{"rendered":"https:\/\/cor.borbolycsaba.ro\/ro\/?page_id=1255"},"modified":"2023-07-28T04:23:45","modified_gmt":"2023-07-28T04:23:45","slug":"cooperarea-europeana-in-domeniul-tineretului-2010-2018-2","status":"publish","type":"page","link":"https:\/\/cor.borbolycsaba.ro\/ro\/?page_id=1255","title":{"rendered":"Cooperarea european\u0103 \u00een domeniul tineretului (2010-2018)"},"content":{"rendered":"<p style=\"font-weight: 400;\">Opinia: &#8211; subliniaz\u0103 c\u0103 \u0219i \u00een viitor, setul de obiective al politicii pentru tineret trebuie s\u0103 se axeze pe asigurarea egalit\u0103\u021bii de \u0219anse, promovarea integr\u0103rii sociale \u0219i consolidarea competitivit\u0103\u021bii tinerilor pe pia\u021ba for\u021bei de munc\u0103, cu promovarea cet\u0103\u021beniei active (particip\u0103rii tinerilor), consolid\u0103rii activit\u0103\u021bilor pentru tineret, nediscrimin\u0103rii \u0219i \u00een\u021belegerii interculturale;<\/p>\n<p style=\"font-weight: 400;\">&#8211;\u00a0\u00a0\u00a0\u00a0\u00a0\u00a0\u00a0\u00a0\u00a0\u00a0\u00a0\u00a0 \u00ee\u0219i exprim\u0103 totu\u0219i \u00eengrijorarea cu privire la faptul c\u0103 Comisia nu men\u021bioneaz\u0103 rolul autorit\u0103\u021bilor locale \u0219i regionale \u00een contextul politicii pentru tineret;<\/p>\n<p style=\"font-weight: 400;\">&#8211;\u00a0\u00a0\u00a0\u00a0\u00a0\u00a0\u00a0\u00a0\u00a0\u00a0\u00a0\u00a0 sprijin\u0103 \u00een continuare recunoa\u015fterea \u0219i vizibilitatea \u00eenv\u0103\u021b\u0103rii non-formale \u0219i informale \u00een activitatea pentru tineret;<\/p>\n<p style=\"font-weight: 400;\">&#8211;\u00a0\u00a0\u00a0\u00a0\u00a0\u00a0\u00a0\u00a0\u00a0\u00a0\u00a0\u00a0 sugereaz\u0103 s\u0103 se elaboreze un pachet de baz\u0103, pe care fiecare stat membru ar trebui s\u0103-l garanteze tinerilor, \u00een m\u0103sura posibilit\u0103\u021bilor. Acest pachet ar putea s\u0103 urm\u0103reasc\u0103 accesul la internet \u00een band\u0103 larg\u0103, op\u021biunea de \u00eenv\u0103\u021bare, \u00een cadrul sistemului de \u00eenv\u0103\u021b\u0103m\u00e2nt public, a unei a doua limbi str\u0103ine cel pu\u021bin la nivelul B2, orientarea profesional\u0103 \u0219i \u00eendrumarea continu\u0103, posibilitatea unui angajament adecvat \u00een domeniul voluntariatului, promovarea preg\u0103tirii \u00een vederea ob\u021binerii unui prim loc de munc\u0103 \u0219i formele de finan\u021bare flexibile. \u00cen acela\u0219i timp, invit\u0103 Comisia European\u0103 s\u0103 \u00eentreprind\u0103 ac\u021biuni care s\u0103 garanteze c\u0103 to\u021bi tinerii din UE care sunt interesa\u021bi de formarea profesional\u0103 au acces la aceasta, precum \u0219i c\u0103 ace\u0219tia vor beneficia de o \u201egaran\u021bie minim\u0103 privind calificarea \u0219i competen\u021bele\u201d, care s\u0103 fie recunoscut\u0103 \u0219i validat\u0103 \u00een toate statele membre;<\/p>\n<p style=\"font-weight: 400;\">&#8211;\u00a0\u00a0\u00a0\u00a0\u00a0\u00a0\u00a0\u00a0\u00a0\u00a0\u00a0\u00a0 subliniaz\u0103 nevoia de corelare a competen\u021belor profesionale cu nevoile angajatorilor, ale mediului de produc\u021bie \u0219i cele de la nivel teritorial, precum \u0219i de egalitate de \u0219anse pentru tinerii care tr\u0103iesc \u00een localit\u0103\u021bi mici din zonele rurale, periferice, ultraperiferice sau insulare care se confrunt\u0103 cu provoc\u0103ri demografice;<\/p>\n<p style=\"font-weight: 400;\">&#8211;\u00a0\u00a0\u00a0\u00a0\u00a0\u00a0\u00a0\u00a0\u00a0\u00a0\u00a0\u00a0 consider\u0103 c\u0103 este necesar\u0103 consolidarea rolului tinerilor \u00een procesele democratice, pentru ca vocea lor s\u0103 se fac\u0103 auzit\u0103;<\/p>\n<p style=\"font-weight: 400;\">&#8211;\u00a0\u00a0\u00a0\u00a0\u00a0\u00a0\u00a0\u00a0\u00a0\u00a0\u00a0\u00a0 atrage aten\u021bia asupra importan\u021bei de a consolida protec\u021bia \u0219i sprijinul pentru familie, \u00een special \u00een regiunile care se confrunt\u0103 cu provoc\u0103ri demografice;<\/p>\n<p style=\"font-weight: 400;\">&#8211;\u00a0\u00a0\u00a0\u00a0\u00a0\u00a0\u00a0\u00a0\u00a0\u00a0\u00a0\u00a0 Comitetul subliniaz\u0103 c\u0103 este important ca toate strategiile \u0219i politicile s\u0103 integreze \u00een mod transversal m\u0103suri de combatere a fenomenelor de discriminare pe baz\u0103 de sex, gen, origine rasial\u0103 sau etnic\u0103, religie sau convingeri, handicap sau orientare sexual\u0103;<\/p>\n<p style=\"font-weight: 400;\"><a href=\"https:\/\/cor.europa.eu\/en\/our-work\/Pages\/OpinionTimeline.aspx?opId=CDR-4872-2015\" data-saferedirecturl=\"https:\/\/www.google.com\/url?q=https:\/\/cor.europa.eu\/en\/our-work\/Pages\/OpinionTimeline.aspx?opId%3DCDR-4872-2015&amp;source=gmail&amp;ust=1690602624122000&amp;usg=AOvVaw37tGufzgW8ocQdWoFee4CG\">https:\/\/cor.europa.eu\/en\/our-work\/Pages\/OpinionTimeline.aspx?opId=CDR-4872-2015<\/a><\/p>\n<p><a href=\"https:\/\/cor.borbolycsaba.ro\/ro\/wp-content\/uploads\/2023\/07\/Cooperarea-europeana-in-domeniul-tineretului-2010-2018.docx\">Cooperarea european\u0103 \u00een domeniul tineretului (2010-2018)<\/a><\/p>\n","protected":false},"excerpt":{"rendered":"<p>Opinia: &#8211; subliniaz\u0103 c\u0103 \u0219i \u00een viitor, setul de obiective al politicii pentru tineret trebuie s\u0103 se axeze pe asigurarea egalit\u0103\u021bii de \u0219anse, promovarea integr\u0103rii sociale \u0219i consolidarea competitivit\u0103\u021bii tinerilor pe pia\u021ba for\u021bei de munc\u0103, cu promovarea cet\u0103\u021beniei active (particip\u0103rii tinerilor), consolid\u0103rii activit\u0103\u021bilor pentru tineret, nediscrimin\u0103rii \u0219i \u00een\u021belegerii interculturale; &#8211;\u00a0\u00a0\u00a0\u00a0\u00a0\u00a0\u00a0\u00a0\u00a0\u00a0\u00a0\u00a0 \u00ee\u0219i exprim\u0103 totu\u0219i \u00eengrijorarea cu [&hellip;]<\/p>\n","protected":false},"author":1,"featured_media":1257,"parent":0,"menu_order":0,"comment_status":"closed","ping_status":"closed","template":"","meta":{"_bbp_topic_count":0,"_bbp_reply_count":0,"_bbp_total_topic_count":0,"_bbp_total_reply_count":0,"_bbp_voice_count":0,"_bbp_anonymous_reply_count":0,"_bbp_topic_count_hidden":0,"_bbp_reply_count_hidden":0,"_bbp_forum_subforum_count":0,"footnotes":""},"_links":{"self":[{"href":"https:\/\/cor.borbolycsaba.ro\/ro\/index.php?rest_route=\/wp\/v2\/pages\/1255"}],"collection":[{"href":"https:\/\/cor.borbolycsaba.ro\/ro\/index.php?rest_route=\/wp\/v2\/pages"}],"about":[{"href":"https:\/\/cor.borbolycsaba.ro\/ro\/index.php?rest_route=\/wp\/v2\/types\/page"}],"author":[{"embeddable":true,"href":"https:\/\/cor.borbolycsaba.ro\/ro\/index.php?rest_route=\/wp\/v2\/users\/1"}],"replies":[{"embeddable":true,"href":"https:\/\/cor.borbolycsaba.ro\/ro\/index.php?rest_route=%2Fwp%2Fv2%2Fcomments&post=1255"}],"version-history":[{"count":1,"href":"https:\/\/cor.borbolycsaba.ro\/ro\/index.php?rest_route=\/wp\/v2\/pages\/1255\/revisions"}],"predecessor-version":[{"id":1258,"href":"https:\/\/cor.borbolycsaba.ro\/ro\/index.php?rest_route=\/wp\/v2\/pages\/1255\/revisions\/1258"}],"wp:featuredmedia":[{"embeddable":true,"href":"https:\/\/cor.borbolycsaba.ro\/ro\/index.php?rest_route=\/wp\/v2\/media\/1257"}],"wp:attachment":[{"href":"https:\/\/cor.borbolycsaba.ro\/ro\/index.php?rest_route=%2Fwp%2Fv2%2Fmedia&parent=1255"}],"curies":[{"name":"wp","href":"https:\/\/api.w.org\/{rel}","templated":true}]}}