{"id":1228,"date":"2023-07-27T11:19:27","date_gmt":"2023-07-27T11:19:27","guid":{"rendered":"https:\/\/cor.borbolycsaba.ro\/ro\/?page_id=1228"},"modified":"2023-07-27T11:19:27","modified_gmt":"2023-07-27T11:19:27","slug":"invatamantul-superior-european-in-lume","status":"publish","type":"page","link":"https:\/\/cor.borbolycsaba.ro\/ro\/?page_id=1228","title":{"rendered":"\u00cenv\u0103\u021b\u0103m\u00e2ntul superior european \u00een lume"},"content":{"rendered":"<p style=\"font-weight: 400;\">&#8211;\u00a0\u00a0\u00a0\u00a0\u00a0\u00a0Opinia subliniaz\u0103 c\u0103 statele membre ar trebui s\u0103 elaboreze programe \u0219i mecanisme de sprijin la nivel na\u021bional sau pentru regiuni cu o situa\u021bie special\u0103, care s\u0103 sprijine institu\u021biile de \u00eenv\u0103\u021b\u0103m\u00e2nt superior de la nivel local \u0219i regional \u00een punerea \u00een aplicare a strategiilor lor de interna\u021bionalizare;<\/p>\n<p style=\"font-weight: 400;\">&#8211;\u00a0\u00a0\u00a0\u00a0\u00a0\u00a0solicit\u0103 Comisiei \u0219i statelor membre s\u0103 ia toate m\u0103surile necesare \u00een vederea garant\u0103rii faptului c\u0103 punerea \u00een aplicare a strategiilor de interna\u021bionalizare stimuleaz\u0103 poten\u021bialul regiunilor mai pu\u021bin dezvoltate;<\/p>\n<p style=\"font-weight: 400;\">&#8211;\u00a0\u00a0\u00a0\u00a0\u00a0\u00a0insist\u0103 asupra importan\u021bei caracterului bidirec\u021bional al mobilit\u0103\u021bii, \u00eentruc\u00e2t, conform principiilor dezvolt\u0103rii favorabile incluziunii, mobilitatea trebuie s\u0103 corespund\u0103 at\u00e2t intereselor regiunii de origine, c\u00e2t \u0219i celor ale regiunii-gazd\u0103;<\/p>\n<p style=\"font-weight: 400;\">&#8211;\u00a0\u00a0\u00a0\u00a0\u00a0\u00a0pune accentul pe importan\u021ba competen\u021belor lingvistice \u00een toate eforturile de interna\u021bionalizare a \u00eenv\u0103\u0163\u0103m\u00e2ntului superior \u0219i subliniaz\u0103 rolul autorit\u0103\u0163ilor locale \u015fi regionale \u00een facilitarea dob\u00e2ndirii acestor competen\u021be \u0219i subliniaz\u0103 c\u0103, \u00een Europa multilingv\u0103 \u0219i multina\u021bional\u0103, institu\u021biile de \u00eenv\u0103\u021b\u0103m\u00e2nt superior care ofer\u0103 oportunit\u0103\u021bi de instruire \u00een mai multe limbi, inclusiv \u00een limbile minorit\u0103\u021bilor, au un rol deosebit;<\/p>\n<p style=\"font-weight: 400;\">subliniaz\u0103 necesitatea ca \u00een contextul stabilirii parteneriatelor strategice s\u0103 aib\u0103 loc consult\u0103ri c\u00e2t mai largi \u0219i solicit\u0103 autorit\u0103\u021bilor locale \u0219i regionale s\u0103 \u00eent\u00e2mpine cu c\u00e2t mai mult\u0103 deschidere \u0219i voin\u021b\u0103 de a ac\u021biona propunerile de parteneriat.<\/p>\n<p style=\"font-weight: 400;\"><a href=\"https:\/\/cor.europa.eu\/en\/our-work\/Pages\/OpinionTimeline.aspx?opId=CDR-5961-2013\" data-saferedirecturl=\"https:\/\/www.google.com\/url?q=https:\/\/cor.europa.eu\/en\/our-work\/Pages\/OpinionTimeline.aspx?opId%3DCDR-5961-2013&amp;source=gmail&amp;ust=1690540587944000&amp;usg=AOvVaw0WMiMk_c-D2hoNc-LqZ-35\">https:\/\/cor.europa.eu\/en\/our-work\/Pages\/OpinionTimeline.aspx?opId=CDR-5961-2013<\/a><\/p>\n<p><a href=\"https:\/\/cor.borbolycsaba.ro\/ro\/wp-content\/uploads\/2023\/07\/Invatamantul-superior-european-in-lume_RO.doc\">\u00cenv\u0103\u021b\u0103m\u00e2ntul superior european \u00een lume<\/a><\/p>\n","protected":false},"excerpt":{"rendered":"<p>&#8211;\u00a0\u00a0\u00a0\u00a0\u00a0\u00a0Opinia subliniaz\u0103 c\u0103 statele membre ar trebui s\u0103 elaboreze programe \u0219i mecanisme de sprijin la nivel na\u021bional sau pentru regiuni cu o situa\u021bie special\u0103, care s\u0103 sprijine institu\u021biile de \u00eenv\u0103\u021b\u0103m\u00e2nt superior de la nivel local \u0219i regional \u00een punerea \u00een aplicare a strategiilor lor de interna\u021bionalizare; &#8211;\u00a0\u00a0\u00a0\u00a0\u00a0\u00a0solicit\u0103 Comisiei \u0219i statelor membre s\u0103 ia toate m\u0103surile [&hellip;]<\/p>\n","protected":false},"author":1,"featured_media":1230,"parent":0,"menu_order":0,"comment_status":"closed","ping_status":"closed","template":"","meta":{"_bbp_topic_count":0,"_bbp_reply_count":0,"_bbp_total_topic_count":0,"_bbp_total_reply_count":0,"_bbp_voice_count":0,"_bbp_anonymous_reply_count":0,"_bbp_topic_count_hidden":0,"_bbp_reply_count_hidden":0,"_bbp_forum_subforum_count":0,"footnotes":""},"_links":{"self":[{"href":"https:\/\/cor.borbolycsaba.ro\/ro\/index.php?rest_route=\/wp\/v2\/pages\/1228"}],"collection":[{"href":"https:\/\/cor.borbolycsaba.ro\/ro\/index.php?rest_route=\/wp\/v2\/pages"}],"about":[{"href":"https:\/\/cor.borbolycsaba.ro\/ro\/index.php?rest_route=\/wp\/v2\/types\/page"}],"author":[{"embeddable":true,"href":"https:\/\/cor.borbolycsaba.ro\/ro\/index.php?rest_route=\/wp\/v2\/users\/1"}],"replies":[{"embeddable":true,"href":"https:\/\/cor.borbolycsaba.ro\/ro\/index.php?rest_route=%2Fwp%2Fv2%2Fcomments&post=1228"}],"version-history":[{"count":1,"href":"https:\/\/cor.borbolycsaba.ro\/ro\/index.php?rest_route=\/wp\/v2\/pages\/1228\/revisions"}],"predecessor-version":[{"id":1232,"href":"https:\/\/cor.borbolycsaba.ro\/ro\/index.php?rest_route=\/wp\/v2\/pages\/1228\/revisions\/1232"}],"wp:featuredmedia":[{"embeddable":true,"href":"https:\/\/cor.borbolycsaba.ro\/ro\/index.php?rest_route=\/wp\/v2\/media\/1230"}],"wp:attachment":[{"href":"https:\/\/cor.borbolycsaba.ro\/ro\/index.php?rest_route=%2Fwp%2Fv2%2Fmedia&parent=1228"}],"curies":[{"name":"wp","href":"https:\/\/api.w.org\/{rel}","templated":true}]}}