{"id":1223,"date":"2023-07-27T08:10:29","date_gmt":"2023-07-27T08:10:29","guid":{"rendered":"https:\/\/cor.borbolycsaba.ro\/ro\/?page_id=1223"},"modified":"2024-02-14T10:39:50","modified_gmt":"2024-02-14T10:39:50","slug":"consultare","status":"publish","type":"page","link":"https:\/\/cor.borbolycsaba.ro\/ro\/?page_id=1223","title":{"rendered":"Consultare"},"content":{"rendered":"<p><b>Rural Toolkit<\/b><span style=\"font-weight: 400;\"> &#8211; Un ghid cuprinz\u0103tor al finan\u021b\u0103rii \u0219i sprijinului UE pentru zonele rurale din Uniunea European\u0103<\/span><\/p>\n<p><span style=\"font-weight: 400;\">Descriere: Setul de instrumente are ca scop s\u0103 ajute autorit\u0103\u021bile locale, institu\u021biile \u0219i p\u0103r\u021bile interesate, \u00eentreprinderile \u0219i persoanele fizice s\u0103 identifice \u0219i s\u0103 utilizeze fondurile, programele \u0219i alte ini\u021biative de finan\u021bare \u0219i de sprijin existente \u00een UE \u0219i s\u0103 promoveze dezvoltarea zonelor rurale.<\/span><\/p>\n<p><span style=\"font-weight: 400;\">Dori\u021bi s\u0103 fi\u021bi \u021binut la curent cu viitoarele activit\u0103\u021bi \u0219i evenimente legate de Facilitatea rural\u0103, s\u0103 ne \u00eemp\u0103rt\u0103\u0219i\u021bi feedback-ul dvs. cu privire la eveniment \u0219i\/sau s\u0103 ne spune\u021bi despre un proiect de dezvoltare rural\u0103 finan\u021bat printr-o combina\u021bie de fonduri UE?\u00a0<\/span><\/p>\n<p><span style=\"font-weight: 400;\">V\u0103 rug\u0103m s\u0103 acorda\u021bi un minut pentru a completa <\/span><a href=\"https:\/\/ec.europa.eu\/eusurvey\/runner\/rural-toolkit-stay-in-touch\"><span style=\"font-weight: 400;\">chestionarul<\/span><\/a><span style=\"font-weight: 400;\">!<\/span><\/p>\n<p><span style=\"font-weight: 400;\">Vom dezvolta \u00een continuare setul de instrumente \u0219i v\u0103 oferim urm\u0103toarele sugestii de post\u0103ri \u0219i instrumente vizuale pentru re\u021belele sociale:\u00a0<\/span><\/p>\n<p><span style=\"font-weight: 400;\">&#8211; un instrument interactiv de c\u0103utare a finan\u021b\u0103rii<\/span><\/p>\n<p><span style=\"font-weight: 400;\">&#8211; sfaturi \u0219i pove\u0219ti inspirate<\/span><\/p>\n<p><span style=\"font-weight: 400;\">&#8211; traduceri \u00een 24 de limbi<\/span><\/p>\n<p><span style=\"font-weight: 400;\">\u27a1<\/span><span style=\"font-weight: 400;\">\ufe0f <\/span><a href=\"https:\/\/funding.rural-vision.europa.eu\/\"><span style=\"font-weight: 400;\">https:\/\/funding.rural-vision.europa.eu\/<\/span><\/a><\/p>\n<p><span style=\"font-weight: 400;\">Pute\u021bi vizualiza <\/span><a href=\"https:\/\/funding.rural-vision.europa.eu\/\"><span style=\"font-weight: 400;\">aici<\/span><\/a><span style=\"font-weight: 400;\"> noul ghid online al #RuralToolkit, care v\u0103 ajut\u0103 s\u0103 g\u0103si\u021bi cele mai bune oportunit\u0103\u021bi de \u00eembun\u0103t\u0103\u021bire a calit\u0103\u021bii vie\u021bii \u00een zonele rurale prin intermediul unei serii de fonduri \u0219i ini\u021biative de sprijin din partea UE.<\/span><\/p>\n<p>&nbsp;<\/p>\n<p style=\"font-weight: 400;\"><strong>Consulta\u021bie pe tema protejarea mariilor carnivori \u0219i a biodiversit\u0103\u021bii<\/strong><\/p>\n<p style=\"font-weight: 400;\">Scopul raportului este s\u0103 g\u0103seasc\u0103 solu\u021bii eficiente pentru protejarea mariilor carnivori \u0219i a biodiversit\u0103\u021bii, precum \u0219i pentru asigurarea convie\u021buirii pa\u0219nice dintre oameni \u0219i carnivori. Situa\u021bia local\u0103 indic\u0103 necesitatea unor pa\u0219i suplimentari pentru rezolvarea conflictelor dintre ur\u0219i \u0219i oameni. Prin urmare, \u00een perioada urm\u0103toare, inten\u021bion\u0103m s\u0103 realiz\u0103m un scurt sondaj cu privire la aceast\u0103 tem\u0103, av\u00e2nd ca obiectiv principal \u00eenregistrarea opiniilor \u0219i experien\u021belor popula\u021biei locale \u0219i a p\u0103r\u021bilor interesate. Opinia dumneavoastr\u0103 poate contribui la eviden\u021bierea factorilor care afecteaz\u0103 convie\u021buirea dintre oameni \u0219i marii pr\u0103d\u0103tori.<\/p>\n<p style=\"font-weight: 400;\">Vom analiza situa\u021bia local\u0103, impactul asupra biodiversit\u0103\u021bii \u0219i schimb\u0103rile \u00een practicile de gestionare. Experien\u021bele dumneavoastr\u0103 pot contribui la elaborarea unor ini\u021biative mai durabile.<\/p>\n<p style=\"font-weight: 400;\">R\u0103spunsurile vor fi tratate confiden\u021bial \u0219i vor fi utilizate exclusiv \u00een scopuri de cercetare. Rezultatele vor fi discutate sub form\u0103 agregat\u0103 \u00een raport \u0219i nu vor fi asociate cu responden\u021bii individuali.<\/p>\n<p style=\"font-weight: 400;\">Consulta\u021bia se va \u00eencheia la data de 31 ianuarie, ora 16:00, \u0219i poate fi accesat la urm\u0103torul link:<br \/>\n<a href=\"https:\/\/docs.google.com\/forms\/d\/e\/1FAIpQLSfSYSMRGKd_WATfleKhCL_bA2j-RO9jHeip1B_OunjeNKuugQ\/viewform\" data-saferedirecturl=\"https:\/\/www.google.com\/url?q=https:\/\/docs.google.com\/forms\/d\/e\/1FAIpQLSfSYSMRGKd_WATfleKhCL_bA2j-RO9jHeip1B_OunjeNKuugQ\/viewform&amp;source=gmail&amp;ust=1706269003922000&amp;usg=AOvVaw3Rs3z45_FOkg5BSBMNohJ-\">Convie\u021buire dintre oameni \u0219i carnivorele mari (google.com)<\/a><\/p>\n<p style=\"font-weight: 400;\">\u00cen cadrul Comitetului Regiunilor al Uniunii Europene se elaboreaz\u0103 un nou raport \u00een leg\u0103tur\u0103 cu<br \/>\nurm\u0103torul subiect: Promovarea politicilor culturale \u00een zonele rurale \u00een cadrul strategiilor de dezvoltare \u0219i<br \/>\ncoeziune teritorial\u0103, precum \u0219i \u00een cadrul agendei p\u00e2n\u0103 \u00een 2030. Pre\u0219edintele Consiliului Jude\u021bean<br \/>\nHarghita, Borboly Csaba (RO\/EPP), este raportorul acestui subiect, lucr\u00e2nd \u00een colaborare cu expertul<br \/>\nCs\u00e1k L\u00e1szl\u00f3.<\/p>\n<p>\u00cen perioada urm\u0103toare, \u00een leg\u0103tur\u0103 cu raportul men\u021bionat mai sus, dorim s\u0103 realiz\u0103m un sondaj scurt,<br \/>\nav\u00e2nd drept principal obiectiv \u00een\u021belegerea comprehensiv\u0103 a rolului culturii \u00een mediul rural \u0219i a<br \/>\npoten\u021bialului s\u0103u de a promova transform\u0103ri sociale, economice \u0219i de mediu.<br \/>\nBaz\u00e2ndu-ne pe observa\u021biile \u0219i experien\u021bele dumneavoastr\u0103, inten\u021bion\u0103m s\u0103 punem \u00een lumin\u0103 impactul<br \/>\npoliticilor culturale asupra dezvolt\u0103rii rurale, conserv\u0103rii patrimoniului cultural \u0219i promov\u0103rii practicilor<br \/>\ndurabile, acord\u00e2nd o aten\u021bie special\u0103 zonelor bio-culturale care conecteaz\u0103 biodiversitatea \u0219i cultura.<\/p>\n<p>Sondajul va acoperi diverse aspecte legate de politicile culturale \u00een zonele rurale, \u00eencep\u00e2nd de la gradul<br \/>\ndumneavoastr\u0103 de con\u0219tientizare asupra politicilor existente \u0219i p\u00e2n\u0103 la provoc\u0103rile \u0219i oportunit\u0103\u021bile<br \/>\npercepute. Vom explora, de asemenea, leg\u0103tura dintre biodiversitate \u0219i cultur\u0103 \u0219i modul \u00een care<br \/>\ncuno\u0219tin\u021bele \u0219i practicile tradi\u021bionale pot fi p\u0103strate prin politici culturale eficiente.<\/p>\n<p>Participarea dumneavoastr\u0103 la acest sondaj este esen\u021bial\u0103 \u00een conturarea politicilor culturale cu impact<br \/>\nsemnificativ asupra comunit\u0103\u021bilor rurale, deoarece prin \u00eemp\u0103rt\u0103\u0219irea experien\u021belor dumneavoastr\u0103<br \/>\npute\u021bi contribui la dezvoltarea de ini\u021biative culturale mai incluzive, diverse \u0219i durabile. De asemenea,<br \/>\nobserva\u021biile dumneavoastr\u0103 pot ajuta factorii de decizie s\u0103 \u00een\u021beleag\u0103 nevoile \u0219i aspira\u021biile popula\u021biilor<br \/>\nrurale \u0219i s\u0103 dezvolte strategii eficiente pentru \u00eembun\u0103t\u0103\u021birea calit\u0103\u021bii vie\u021bii \u00een zonele rurale.<br \/>\nR\u0103spunsurile dumneavoastr\u0103 vor fi tratate cu confiden\u021bialitate, iar datele din sondaj vor fi folosite<br \/>\nexclusiv \u00een scopuri de cercetare. Rezultatele vor fi prezentate sub form\u0103 agregat\u0103 \u0219i nu vor fi corelate cu<br \/>\nresponden\u021bi individuali.<\/p>\n<p><strong>Sondajul se \u00eenchide pe 30 septembrie \u0219i poate fi accesat prin urm\u0103torul link:<\/strong><br \/>\n<a href=\"https:\/\/docs.google.com\/forms\/d\/e\/1FAIpQLSdSrjodf1QwGhKs0NKgjLUAPxUuN4EL_TXB_uMNfWSAqAcoBQ\/viewform\">https:\/\/docs.google.com\/forms\/d\/e\/1FAIpQLSdSrjodf1QwGhKs0NKgjLUAPxUuN4EL_TXB_uMNfWSAqAcoBQ\/viewform<\/a><\/p>\n","protected":false},"excerpt":{"rendered":"<p>Rural Toolkit &#8211; Un ghid cuprinz\u0103tor al finan\u021b\u0103rii \u0219i sprijinului UE pentru zonele rurale din Uniunea European\u0103 Descriere: Setul de instrumente are ca scop s\u0103 ajute autorit\u0103\u021bile locale, institu\u021biile \u0219i p\u0103r\u021bile interesate, \u00eentreprinderile \u0219i persoanele fizice s\u0103 identifice \u0219i s\u0103 utilizeze fondurile, programele \u0219i alte ini\u021biative de finan\u021bare \u0219i de sprijin existente \u00een UE \u0219i [&hellip;]<\/p>\n","protected":false},"author":1,"featured_media":0,"parent":0,"menu_order":0,"comment_status":"closed","ping_status":"closed","template":"","meta":{"_bbp_topic_count":0,"_bbp_reply_count":0,"_bbp_total_topic_count":0,"_bbp_total_reply_count":0,"_bbp_voice_count":0,"_bbp_anonymous_reply_count":0,"_bbp_topic_count_hidden":0,"_bbp_reply_count_hidden":0,"_bbp_forum_subforum_count":0,"footnotes":""},"_links":{"self":[{"href":"https:\/\/cor.borbolycsaba.ro\/ro\/index.php?rest_route=\/wp\/v2\/pages\/1223"}],"collection":[{"href":"https:\/\/cor.borbolycsaba.ro\/ro\/index.php?rest_route=\/wp\/v2\/pages"}],"about":[{"href":"https:\/\/cor.borbolycsaba.ro\/ro\/index.php?rest_route=\/wp\/v2\/types\/page"}],"author":[{"embeddable":true,"href":"https:\/\/cor.borbolycsaba.ro\/ro\/index.php?rest_route=\/wp\/v2\/users\/1"}],"replies":[{"embeddable":true,"href":"https:\/\/cor.borbolycsaba.ro\/ro\/index.php?rest_route=%2Fwp%2Fv2%2Fcomments&post=1223"}],"version-history":[{"count":7,"href":"https:\/\/cor.borbolycsaba.ro\/ro\/index.php?rest_route=\/wp\/v2\/pages\/1223\/revisions"}],"predecessor-version":[{"id":1348,"href":"https:\/\/cor.borbolycsaba.ro\/ro\/index.php?rest_route=\/wp\/v2\/pages\/1223\/revisions\/1348"}],"wp:attachment":[{"href":"https:\/\/cor.borbolycsaba.ro\/ro\/index.php?rest_route=%2Fwp%2Fv2%2Fmedia&parent=1223"}],"curies":[{"name":"wp","href":"https:\/\/api.w.org\/{rel}","templated":true}]}}