{"id":1080,"date":"2021-10-25T07:16:25","date_gmt":"2021-10-25T07:16:25","guid":{"rendered":"https:\/\/cor.borbolycsaba.ro\/ro\/?page_id=1080"},"modified":"2022-01-27T13:32:32","modified_gmt":"2022-01-27T13:32:32","slug":"agenda-europeana-pentru-abilitati-privind-competitivitate-durabila-echitate-sociala-si-rezilienta","status":"publish","type":"page","link":"https:\/\/cor.borbolycsaba.ro\/ro\/?page_id=1080","title":{"rendered":"Agend\u0103 european\u0103 pentru abilit\u0103\u021bi privind competitivitate durabil\u0103, echitate social\u0103 \u0219i rezilien\u021b\u0103"},"content":{"rendered":"<p style=\"font-weight: 400;\"><img loading=\"lazy\" decoding=\"async\" class=\"alignnone size-full wp-image-912\" src=\"https:\/\/cor.borbolycsaba.ro\/ro\/wp-content\/uploads\/2020\/10\/107519518_2944473738940149_5045518595060354602_o.jpg\" alt=\"\" width=\"1080\" height=\"1080\" srcset=\"https:\/\/cor.borbolycsaba.ro\/ro\/wp-content\/uploads\/2020\/10\/107519518_2944473738940149_5045518595060354602_o.jpg 1080w, https:\/\/cor.borbolycsaba.ro\/ro\/wp-content\/uploads\/2020\/10\/107519518_2944473738940149_5045518595060354602_o-300x300.jpg 300w, https:\/\/cor.borbolycsaba.ro\/ro\/wp-content\/uploads\/2020\/10\/107519518_2944473738940149_5045518595060354602_o-1024x1024.jpg 1024w, https:\/\/cor.borbolycsaba.ro\/ro\/wp-content\/uploads\/2020\/10\/107519518_2944473738940149_5045518595060354602_o-150x150.jpg 150w, https:\/\/cor.borbolycsaba.ro\/ro\/wp-content\/uploads\/2020\/10\/107519518_2944473738940149_5045518595060354602_o-768x768.jpg 768w\" sizes=\"(max-width: 1080px) 100vw, 1080px\" \/>Borboly Csaba, pre\u0219edintele Consiliului Jude\u021bean Harghita va elabora \u00een calitate de membru al Comitetului Regiunilor de la Bruxelles \u2013 Comisia pentru Politic\u0103 Social\u0103 educa\u021bie \u0219i ocuparea for\u021bei de munc\u0103, cercetare \u0219i cultur\u0103 (SEDEC), un proiect de aviz pe tema Agend\u0103 european\u0103 pentru abilit\u0103\u021bi privind competitivitate durabil\u0103, echitate social\u0103 \u0219i rezilien\u021b\u0103. \u00cen urma pandemiei Covid-19, strategia de recuperare a Comisiei include, propunerea acestui program, care va asigura ca trecerea digital\u0103 a UE s\u0103 fie un element cheie pentru politicile de ocupare a tinerilor.<\/p>\n<p style=\"font-weight: 400;\">Agenda pentru competen\u0163e \u00een Europa stabile\u015fte obiective \u00een ceea ce prive\u015fte perfec\u0163ionarea competen\u0163elor \u015fi recalificarea, care trebuie realizate \u00een urm\u0103torii cinci ani \u015fi are 12 m\u0103suri, care se axeaz\u0103 pe competen\u0163e pentru locuri de munc\u0103 prin crearea de parteneriate cu statele membre, cu \u00eentreprinderile \u015fi cu partenerii sociali, oferind cet\u0103\u0163enilor posibilitatea de \u00eenv\u0103\u0163are pe tot parcursul vie\u0163ii \u015fi utiliz\u00e2nd bugetul UE ca un catalizator pentru a debloca investi\u0163iile publice \u015fi private \u00een competen\u0163ele persoanelor.<\/p>\n<p style=\"font-weight: 400;\">\u00a0\u00a0\u00d8\u00a0\u00a0\u00a0<strong>1. \u0218tiri despre draftul proiectului de aviz:<\/strong><\/p>\n<p style=\"font-weight: 400;\"><a href=\"https:\/\/cor.borbolycsaba.ro\/ro\/wp-content\/uploads\/2021\/10\/Comitetul-Regiunilor_SEDEC_Borboly-Csaba_raportor.doc\"><em>Agend\u0103 european\u0103 pentru abilit\u0103\u021bi privind competitivitate durabil\u0103, echitate social\u0103 \u0219i rezilien\u021b\u0103<\/em><\/a><\/p>\n<p style=\"font-weight: 400;\">\u00a0\u00a0\u00a0\u00a0\u00a0\u00a0\u00a0\u00a0\u00a0\u00a0\u00a0\u00a0\u00a0\u00a0<em>Conferin\u021b\u0103 de pres\u0103\u2013<\/em>Csaba Borboly, pre\u0219edintele Consiliului Jude\u021bean Harghita, Ildik\u00f3 Gy\u00f6rfy, directorul Liceului Profesional K\u00e1roly Sz\u00e9kely, \u00c1rp\u00e1d Cilip, pre\u0219edintele Agen\u021biei de Dezvoltare Jude\u021bean Harghita, Istv\u00e1n G\u00f6rbe, reprezentant al Sistemului Electromatic \u0219i B\u00edr\u00f3 Zsombor reprezentantul companiei Engmatec<\/p>\n<p style=\"font-weight: 400;\"><a href=\"https:\/\/www.facebook.com\/269909649719790\/posts\/3392498487460875\/?vh=e\" data-saferedirecturl=\"https:\/\/www.google.com\/url?q=https:\/\/www.facebook.com\/269909649719790\/posts\/3392498487460875\/?vh%3De&amp;source=gmail&amp;ust=1635226944119000&amp;usg=AFQjCNEMYonfX1fftRem2PNmZHxT6J8h2Q\">https:\/\/www.facebook.com\/269909649719790\/posts\/3392498487460875\/?vh=e<\/a><\/p>\n<p style=\"font-weight: 400;\"><a href=\"https:\/\/www.agerpres.ro\/administratie\/2020\/07\/16\/harghita-borboly-csaba-raportor-al-comitetului-regiunilor-a-lansat-consultarea-agendei-pentru-competente-in-europa--541387\" data-saferedirecturl=\"https:\/\/www.google.com\/url?q=https:\/\/www.agerpres.ro\/administratie\/2020\/07\/16\/harghita-borboly-csaba-raportor-al-comitetului-regiunilor-a-lansat-consultarea-agendei-pentru-competente-in-europa--541387&amp;source=gmail&amp;ust=1635226944119000&amp;usg=AFQjCNEMEaqaulBi9--gMq4iDNc7etbUlQ\">https:\/\/www.agerpres.ro\/administratie\/2020\/07\/16\/harghita-borboly-csaba-raportor-al-comitetului-regiunilor-a-lansat-consultarea-agendei-pentru-competente-in-europa&#8211;541387<\/a><\/p>\n<p style=\"font-weight: 400;\">\u00a0\u00a0\u00d8\u00a0\u00a0\u00a0<strong>2. Planul activit\u0103\u021bilor pentru raportor:<\/strong><\/p>\n<p style=\"font-weight: 400;\">\u00cen faza de elaborare al avizului, raportorul \u0219i expertul vor fi invita\u021bi s\u0103 se \u00eent\u00e2lneasc\u0103 cu reprezentan\u021bii institu\u021biilor UE \u0219i cu alte grupuri de interes. \u00cen cadrul acestor \u0219edin\u021be raportorul prezint\u0103 planurile \u0219i obiectivele sale pentru aviz \u0219i poate primi feedbackuri utile.<\/p>\n<p style=\"font-weight: 400;\"><strong>Calendar pentru discu\u021bii \u0219i adoptarea proiectului de aviz<\/strong><\/p>\n<p style=\"font-weight: 400;\">\u00cent\u00e2lniri cu stakeholderi<\/p>\n<p style=\"font-weight: 400;\"><strong>\u00a0\u00a0\u00a0\u00a0\u00a0\u00a0\u00a0\u00a0\u00a0\u00a0\u00a0\u00a0\u00a0\u00a0\u00a0<\/strong>Dezbaterea documentului de lucru \u2012 sedin\u021b\u0103 de comisie SEDEC \u00een data de 1 octombrie 2020<\/p>\n<p style=\"font-weight: 400;\">\u00a0\u00a0\u00a0\u00a0\u00a0\u00a0\u00a0\u00a0\u00a0\u00a0\u00a0\u00a0\u00a0\u00a0 Dezbaterea draftul proiectului de aviz \u2012 sedin\u021b\u0103 de comisie SEDEC \u00een data de 25 noiembrie 2020<\/p>\n<p style=\"font-weight: 400;\">\u00a0\u00a0\u00a0\u00a0\u00a0\u00a0\u00a0\u00a0\u00a0\u00a0\u00a0\u00a0 \u00a0\u00a0Dezbaterea proiectului de aviz \u2012 \u0219edin\u021b\u0103 plenar\u0103 \u00een prim\u0103vara anului 2021<\/p>\n<p style=\"font-weight: 400;\">\u00a0\u00a0\u00d8\u00a0\u00a0\u00a0<strong>3. Studii, documente delucru<\/strong><\/p>\n<p style=\"font-weight: 400;\">Comisia prezint\u0103 Agenda pentru competen\u021be \u00een Europa \u00een vederea ob\u021binerii unei competitivit\u0103\u021bi durabile\u00a0(Comisia prezint\u0103 Agenda pentru competen\u021be \u00een Europa \u00een vederea ob\u021binerii unei competitivit\u0103\u021bi durabile)<\/p>\n<p style=\"font-weight: 400;\"><a href=\"https:\/\/cor.borbolycsaba.ro\/ro\/wp-content\/uploads\/2021\/10\/Communication_30June_v2-1.pdf\">European skills agenda for sustainable competitiveness, social fairness and resilience<\/a>\u00a0 <a href=\"https:\/\/audiovisual.ec.europa.eu\/en\/video\/I-192707?&amp;lg=OR\" data-saferedirecturl=\"https:\/\/www.google.com\/url?q=https:\/\/audiovisual.ec.europa.eu:443\/en\/video\/I-192707?%26lg%3DOR&amp;source=gmail&amp;ust=1635226944119000&amp;usg=AFQjCNHJV_zNG6kDz_XwT6Mc2fiB5Pgzig\">https:\/\/audiovisual.ec.europa.eu:443\/en\/video\/I-192707?&amp;lg=OR<\/a><\/p>\n<p style=\"font-weight: 400;\"><a href=\"https:\/\/cor.borbolycsaba.ro\/ro\/wp-content\/uploads\/2021\/10\/PROP_VET_2_EN_ACT_part1_v7.pdf\">Council recommendation on vocational education and training (VET) for sustainable competitiveness, social fairness and resilience\u00a0<\/a><\/p>\n<p style=\"font-weight: 400;\"><a href=\"https:\/\/cor.borbolycsaba.ro\/ro\/wp-content\/uploads\/2021\/10\/SkillsAgenda_2July_EN.pdf\">European Skills Agenda<\/a><\/p>\n<p style=\"font-weight: 400;\"><a href=\"https:\/\/cor.borbolycsaba.ro\/ro\/wp-content\/uploads\/2021\/10\/VET-factsheet-final.pdf\">Vocational education and training: a future-proof approach\u00a0<\/a><\/p>\n<p style=\"font-weight: 400;\">\u00a0\u00a0\u00d8\u00a0\u00a0\u00a0<strong>4. Documente<\/strong><\/p>\n<p style=\"font-weight: 400;\"><a href=\"https:\/\/eur-lex.europa.eu\/legal-content\/EN\/TXT\/?uri=SWD:2020:121:FIN\" data-saferedirecturl=\"https:\/\/www.google.com\/url?q=https:\/\/eur-lex.europa.eu\/legal-content\/EN\/TXT\/?uri%3DSWD:2020:121:FIN&amp;source=gmail&amp;ust=1635226944119000&amp;usg=AFQjCNF4pmF0bSZWNR2mtv4T_Y7mfqhxxQ\">EUR-Lex: SWD(2020)121: Staff Working Document accompanying the Communication &#8211; Evaluation of the Council Recommendation of 20 December 2012 on the validation of non-formal and informal learning<\/a><\/p>\n<p style=\"font-weight: 400;\"><a href=\"https:\/\/eur-lex.europa.eu\/legal-content\/EN\/TXT\/?uri=SWD:2020:122:FIN\" data-saferedirecturl=\"https:\/\/www.google.com\/url?q=https:\/\/eur-lex.europa.eu\/legal-content\/EN\/TXT\/?uri%3DSWD:2020:122:FIN&amp;source=gmail&amp;ust=1635226944119000&amp;usg=AFQjCNGqaoa9btYCeARSNLC2eNcUg97Hvg\">EUR-Lex: SWD(2020)122: Staff Working Document accompanying the Communication &#8211; Executive Summary of the Evaluation<\/a><\/p>\n<p style=\"font-weight: 400;\"><a href=\"https:\/\/ec.europa.eu\/commission\/presscorner\/detail\/en\/ip_20_1196\" data-saferedirecturl=\"https:\/\/www.google.com\/url?q=https:\/\/ec.europa.eu\/commission\/presscorner\/detail\/en\/ip_20_1196&amp;source=gmail&amp;ust=1635226944119000&amp;usg=AFQjCNE97XSlHY0phykAQrDXObAvyY4dMA\">European Commission: Press Release, 01\/07\/2020: Commission presents European Skills Agenda for sustainable competitiveness, social fairness and resilience<\/a><\/p>\n<p style=\"font-weight: 400;\"><a href=\"https:\/\/ec.europa.eu\/commission\/presscorner\/detail\/en\/qanda_20_1197\" data-saferedirecturl=\"https:\/\/www.google.com\/url?q=https:\/\/ec.europa.eu\/commission\/presscorner\/detail\/en\/qanda_20_1197&amp;source=gmail&amp;ust=1635226944119000&amp;usg=AFQjCNESGbzBwDACrXYoGLK4ddUyu8xsdw\">European Commission: Questions and answers: European Skills Agenda for sustainable competitiveness, social fairness and resilience (1 July 2020)<\/a><\/p>\n<p style=\"font-weight: 400;\"><a href=\"https:\/\/ec.europa.eu\/commission\/presscorner\/detail\/en\/speech_20_1252\" data-saferedirecturl=\"https:\/\/www.google.com\/url?q=https:\/\/ec.europa.eu\/commission\/presscorner\/detail\/en\/speech_20_1252&amp;source=gmail&amp;ust=1635226944119000&amp;usg=AFQjCNFohru9xbKBqik6ckISB-P9moo4fg\">European Commission: Remarks by Executive Vice-President Dombrovskis at the press conference on the Youth Employment Support package and the European Skills Agenda (1 July 2020)<\/a><\/p>\n<p><strong>\u00a0<\/strong><\/p>\n","protected":false},"excerpt":{"rendered":"<p>Borboly Csaba, pre\u0219edintele Consiliului Jude\u021bean Harghita va elabora \u00een calitate de membru al Comitetului Regiunilor de la Bruxelles \u2013 Comisia pentru Politic\u0103 Social\u0103 educa\u021bie \u0219i ocuparea for\u021bei de munc\u0103, cercetare \u0219i cultur\u0103 (SEDEC), un proiect de aviz pe tema Agend\u0103 european\u0103 pentru abilit\u0103\u021bi privind competitivitate durabil\u0103, echitate social\u0103 \u0219i rezilien\u021b\u0103. \u00cen urma pandemiei Covid-19, strategia [&hellip;]<\/p>\n","protected":false},"author":1,"featured_media":0,"parent":1060,"menu_order":0,"comment_status":"closed","ping_status":"closed","template":"","meta":{"_bbp_topic_count":0,"_bbp_reply_count":0,"_bbp_total_topic_count":0,"_bbp_total_reply_count":0,"_bbp_voice_count":0,"_bbp_anonymous_reply_count":0,"_bbp_topic_count_hidden":0,"_bbp_reply_count_hidden":0,"_bbp_forum_subforum_count":0,"footnotes":""},"_links":{"self":[{"href":"https:\/\/cor.borbolycsaba.ro\/ro\/index.php?rest_route=\/wp\/v2\/pages\/1080"}],"collection":[{"href":"https:\/\/cor.borbolycsaba.ro\/ro\/index.php?rest_route=\/wp\/v2\/pages"}],"about":[{"href":"https:\/\/cor.borbolycsaba.ro\/ro\/index.php?rest_route=\/wp\/v2\/types\/page"}],"author":[{"embeddable":true,"href":"https:\/\/cor.borbolycsaba.ro\/ro\/index.php?rest_route=\/wp\/v2\/users\/1"}],"replies":[{"embeddable":true,"href":"https:\/\/cor.borbolycsaba.ro\/ro\/index.php?rest_route=%2Fwp%2Fv2%2Fcomments&post=1080"}],"version-history":[{"count":2,"href":"https:\/\/cor.borbolycsaba.ro\/ro\/index.php?rest_route=\/wp\/v2\/pages\/1080\/revisions"}],"predecessor-version":[{"id":1133,"href":"https:\/\/cor.borbolycsaba.ro\/ro\/index.php?rest_route=\/wp\/v2\/pages\/1080\/revisions\/1133"}],"up":[{"embeddable":true,"href":"https:\/\/cor.borbolycsaba.ro\/ro\/index.php?rest_route=\/wp\/v2\/pages\/1060"}],"wp:attachment":[{"href":"https:\/\/cor.borbolycsaba.ro\/ro\/index.php?rest_route=%2Fwp%2Fv2%2Fmedia&parent=1080"}],"curies":[{"name":"wp","href":"https:\/\/api.w.org\/{rel}","templated":true}]}}