{"id":1060,"date":"2021-10-25T06:11:14","date_gmt":"2021-10-25T06:11:14","guid":{"rendered":"https:\/\/cor.borbolycsaba.ro\/ro\/?page_id=1060"},"modified":"2021-10-25T06:11:14","modified_gmt":"2021-10-25T06:11:14","slug":"sedec","status":"publish","type":"page","link":"https:\/\/cor.borbolycsaba.ro\/ro\/?page_id=1060","title":{"rendered":"SEDEC"},"content":{"rendered":"<p style=\"font-weight: 400;\"><strong>Comisia pentru politica social\u0103, educa\u021bie, ocuparea for\u021bei de munc\u0103, cercetare \u0219i cultur\u0103 (SEDEC)\u00a0\u00a0<\/strong><\/p>\n<p style=\"font-weight: 400;\">Comisia SEDEC are competen\u021be foarte largi, care acoper\u0103 o multitudine de domenii de politici, printre care:<\/p>\n<ul>\n<li style=\"font-weight: 400;\">politica privind ocuparea for\u021bei de munc\u0103, politica social\u0103 \u0219i protec\u021bia social\u0103<\/li>\n<li style=\"font-weight: 400;\">mobilitatea \u0219i egalitatea de \u0219anse<\/li>\n<li style=\"font-weight: 400;\">educa\u021bia \u0219i formarea<\/li>\n<li style=\"font-weight: 400;\">cercetarea \u0219i inovarea<\/li>\n<li style=\"font-weight: 400;\">Agenda digital\u0103 \u0219i societatea informa\u021bional\u0103 din UE<\/li>\n<li style=\"font-weight: 400;\">re\u021belele TIC transeuropene<\/li>\n<li style=\"font-weight: 400;\">industria audiovizual\u0103 \u0219i tehnologiile media<\/li>\n<li style=\"font-weight: 400;\">tineretul \u0219i sportul<\/li>\n<li style=\"font-weight: 400;\">multilingvismul \u0219i promovarea limbilor minoritare, a culturii \u0219i a diversit\u0103\u021bii culturale<\/li>\n<\/ul>\n<p style=\"font-weight: 400;\">De asemenea, Comisia SEDEC gestioneaz\u0103\u00a0<a href=\"https:\/\/cor.europa.eu\/en\/our-work\/Documents\/SEDEC\/KEP-action-plan-2018-en.docx\" data-saferedirecturl=\"https:\/\/www.google.com\/url?q=https:\/\/cor.europa.eu\/en\/our-work\/Documents\/SEDEC\/KEP-action-plan-2018-en.docx&amp;source=gmail&amp;ust=1635226939845000&amp;usg=AFQjCNEEL0iI3z4E_nGPnnKYl3QMl0kKRw\">Platforma pentru schimb de cuno\u0219tin\u021be (PSC)\u00a0<\/a>, care reprezint\u0103 o modalitate de cooperare \u00eentre Comitetul European al Regiunilor (CoR) \u0219i\u00a0<a href=\"https:\/\/ec.europa.eu\/info\/research-and-innovation_ro\" data-saferedirecturl=\"https:\/\/www.google.com\/url?q=https:\/\/ec.europa.eu\/info\/research-and-innovation_ro&amp;source=gmail&amp;ust=1635226939845000&amp;usg=AFQjCNFLDw-Mc8iLgK5AHcE7U5wrStuQWg\">Direc\u021bia General\u0103 Cercetare \u0219i inovare a Comisiei Europene\u00a0<\/a>(DG RTD). Platforma urm\u0103re\u0219te s\u0103 prezinte noi solu\u021bii \u00een domeniul cercet\u0103rii \u0219i inov\u0103rii, produse inovatoare \u0219i bune practici, prin organizarea de seminare la Bruxelles \u0219i manifest\u0103ri inter pares \u00een anumite regiuni sau prin g\u0103zduirea de evenimente care contribuie la \u00eendeplinirea planului de ac\u021biune anual al PSC.<\/p>\n<p style=\"font-weight: 400;\">Mai mult, \u00een cursul acestui an, SEDEC va profita de\u00a0<a href=\"https:\/\/cor.europa.eu\/ro\/our-work\/Pages\/european-year-of-cultural-heritage-2018.aspx\" data-saferedirecturl=\"https:\/\/www.google.com\/url?q=https:\/\/cor.europa.eu\/ro\/our-work\/Pages\/european-year-of-cultural-heritage-2018.aspx&amp;source=gmail&amp;ust=1635226939845000&amp;usg=AFQjCNHPEuars7RPemmbcUfPYbHS7AW__w\">Anul European al Patrimoniului Cultural (EYCH 2018)\u00a0<\/a>,\u00a0pentru a sublinieze rolul fundamental al autorit\u0103\u021bilor locale \u0219i regionale \u00een gestionarea, promovarea, protec\u021bia \u0219i conservarea patrimoniului cultural european.<\/p>\n<p style=\"font-weight: 400;\">EYCH reprezint\u0103 o ocazie unic\u0103 de a implica cet\u0103\u021benii, \u00een special copiii \u0219i tinerii, prin evenimente \u0219i proiecte care pun \u00een valoare patrimoniul \u0219i valorile culturale ale Europei.<\/p>\n<p style=\"font-weight: 400;\">\n<p style=\"font-weight: 400;\">\n","protected":false},"excerpt":{"rendered":"<p>Comisia pentru politica social\u0103, educa\u021bie, ocuparea for\u021bei de munc\u0103, cercetare \u0219i cultur\u0103 (SEDEC)\u00a0\u00a0 Comisia SEDEC are competen\u021be foarte largi, care acoper\u0103 o multitudine de domenii de politici, printre care: politica privind ocuparea for\u021bei de munc\u0103, politica social\u0103 \u0219i protec\u021bia social\u0103 mobilitatea \u0219i egalitatea de \u0219anse educa\u021bia \u0219i formarea cercetarea \u0219i inovarea Agenda digital\u0103 \u0219i societatea [&hellip;]<\/p>\n","protected":false},"author":1,"featured_media":0,"parent":888,"menu_order":0,"comment_status":"closed","ping_status":"closed","template":"","meta":{"_bbp_topic_count":0,"_bbp_reply_count":0,"_bbp_total_topic_count":0,"_bbp_total_reply_count":0,"_bbp_voice_count":0,"_bbp_anonymous_reply_count":0,"_bbp_topic_count_hidden":0,"_bbp_reply_count_hidden":0,"_bbp_forum_subforum_count":0,"footnotes":""},"_links":{"self":[{"href":"https:\/\/cor.borbolycsaba.ro\/ro\/index.php?rest_route=\/wp\/v2\/pages\/1060"}],"collection":[{"href":"https:\/\/cor.borbolycsaba.ro\/ro\/index.php?rest_route=\/wp\/v2\/pages"}],"about":[{"href":"https:\/\/cor.borbolycsaba.ro\/ro\/index.php?rest_route=\/wp\/v2\/types\/page"}],"author":[{"embeddable":true,"href":"https:\/\/cor.borbolycsaba.ro\/ro\/index.php?rest_route=\/wp\/v2\/users\/1"}],"replies":[{"embeddable":true,"href":"https:\/\/cor.borbolycsaba.ro\/ro\/index.php?rest_route=%2Fwp%2Fv2%2Fcomments&post=1060"}],"version-history":[{"count":1,"href":"https:\/\/cor.borbolycsaba.ro\/ro\/index.php?rest_route=\/wp\/v2\/pages\/1060\/revisions"}],"predecessor-version":[{"id":1061,"href":"https:\/\/cor.borbolycsaba.ro\/ro\/index.php?rest_route=\/wp\/v2\/pages\/1060\/revisions\/1061"}],"up":[{"embeddable":true,"href":"https:\/\/cor.borbolycsaba.ro\/ro\/index.php?rest_route=\/wp\/v2\/pages\/888"}],"wp:attachment":[{"href":"https:\/\/cor.borbolycsaba.ro\/ro\/index.php?rest_route=%2Fwp%2Fv2%2Fmedia&parent=1060"}],"curies":[{"name":"wp","href":"https:\/\/api.w.org\/{rel}","templated":true}]}}