{"id":1057,"date":"2021-10-25T05:44:10","date_gmt":"2021-10-25T05:44:10","guid":{"rendered":"https:\/\/cor.borbolycsaba.ro\/ro\/?page_id=1057"},"modified":"2021-10-25T05:44:10","modified_gmt":"2021-10-25T05:44:10","slug":"enve","status":"publish","type":"page","link":"https:\/\/cor.borbolycsaba.ro\/ro\/?page_id=1057","title":{"rendered":"ENVE"},"content":{"rendered":"<p style=\"font-weight: 400;\">Comisia pentru mediu, schimb\u0103ri climatice \u0219i energie (ENVE)<\/p>\n<p style=\"font-weight: 400;\">Mandatul Comisiei ENVE\u00a0acoper\u0103:<\/p>\n<ul>\n<li style=\"font-weight: 400;\">Mediul<\/li>\n<li style=\"font-weight: 400;\">Schimb\u0103rile climatice<\/li>\n<li style=\"font-weight: 400;\">Energia<\/li>\n<li style=\"font-weight: 400;\">Politicile spa\u021biale ale Uniunii Europene<\/li>\n<\/ul>\n<p style=\"font-weight: 400;\">Comisia ENVE coordoneaz\u0103, de asemenea, activit\u0103\u021bi legate de Conven\u021bia primarilor\u00a0, o ini\u021biativ\u0103 prin care autorit\u0103\u021bile locale \u0219i regionale se angajeaz\u0103 \u00een lupta pentru \u00eembun\u0103t\u0103\u021birea politicilor \u00een domeniul climei \u0219i energiei.<\/p>\n<p style=\"font-weight: 400;\"><a href=\"https:\/\/cor.europa.eu\/ro\/our-work\/Pages\/enve.aspx\" data-saferedirecturl=\"https:\/\/www.google.com\/url?q=https:\/\/cor.europa.eu\/ro\/our-work\/Pages\/enve.aspx&amp;source=gmail&amp;ust=1635226939831000&amp;usg=AFQjCNFtM215BtfHz93Wc-i5lNndpRsg9w\">https:\/\/cor.europa.eu\/ro\/our-work\/Pages\/enve.aspx<\/a><\/p>\n","protected":false},"excerpt":{"rendered":"<p>Comisia pentru mediu, schimb\u0103ri climatice \u0219i energie (ENVE) Mandatul Comisiei ENVE\u00a0acoper\u0103: Mediul Schimb\u0103rile climatice Energia Politicile spa\u021biale ale Uniunii Europene Comisia ENVE coordoneaz\u0103, de asemenea, activit\u0103\u021bi legate de Conven\u021bia primarilor\u00a0, o ini\u021biativ\u0103 prin care autorit\u0103\u021bile locale \u0219i regionale se angajeaz\u0103 \u00een lupta pentru \u00eembun\u0103t\u0103\u021birea politicilor \u00een domeniul climei \u0219i energiei. https:\/\/cor.europa.eu\/ro\/our-work\/Pages\/enve.aspx<\/p>\n","protected":false},"author":1,"featured_media":0,"parent":888,"menu_order":0,"comment_status":"closed","ping_status":"closed","template":"","meta":{"_bbp_topic_count":0,"_bbp_reply_count":0,"_bbp_total_topic_count":0,"_bbp_total_reply_count":0,"_bbp_voice_count":0,"_bbp_anonymous_reply_count":0,"_bbp_topic_count_hidden":0,"_bbp_reply_count_hidden":0,"_bbp_forum_subforum_count":0,"footnotes":""},"_links":{"self":[{"href":"https:\/\/cor.borbolycsaba.ro\/ro\/index.php?rest_route=\/wp\/v2\/pages\/1057"}],"collection":[{"href":"https:\/\/cor.borbolycsaba.ro\/ro\/index.php?rest_route=\/wp\/v2\/pages"}],"about":[{"href":"https:\/\/cor.borbolycsaba.ro\/ro\/index.php?rest_route=\/wp\/v2\/types\/page"}],"author":[{"embeddable":true,"href":"https:\/\/cor.borbolycsaba.ro\/ro\/index.php?rest_route=\/wp\/v2\/users\/1"}],"replies":[{"embeddable":true,"href":"https:\/\/cor.borbolycsaba.ro\/ro\/index.php?rest_route=%2Fwp%2Fv2%2Fcomments&post=1057"}],"version-history":[{"count":1,"href":"https:\/\/cor.borbolycsaba.ro\/ro\/index.php?rest_route=\/wp\/v2\/pages\/1057\/revisions"}],"predecessor-version":[{"id":1058,"href":"https:\/\/cor.borbolycsaba.ro\/ro\/index.php?rest_route=\/wp\/v2\/pages\/1057\/revisions\/1058"}],"up":[{"embeddable":true,"href":"https:\/\/cor.borbolycsaba.ro\/ro\/index.php?rest_route=\/wp\/v2\/pages\/888"}],"wp:attachment":[{"href":"https:\/\/cor.borbolycsaba.ro\/ro\/index.php?rest_route=%2Fwp%2Fv2%2Fmedia&parent=1057"}],"curies":[{"name":"wp","href":"https:\/\/api.w.org\/{rel}","templated":true}]}}