{"id":886,"date":"2020-10-07T11:44:31","date_gmt":"2020-10-07T11:44:31","guid":{"rendered":"https:\/\/cor.borbolycsaba.ro\/en\/?page_id=886"},"modified":"2024-03-27T09:34:43","modified_gmt":"2024-03-27T09:34:43","slug":"introduction","status":"publish","type":"page","link":"https:\/\/cor.borbolycsaba.ro\/en\/introduction\/","title":{"rendered":"Introduction"},"content":{"rendered":"<p><span style=\"font-weight: 400;\">My name is Csaba Borboly, I am the president of the Harghita County Council in Romania. My mandate at the European Committee of the Regions started in 2012.<\/span><\/p>\n<p><span style=\"font-weight: 400;\">Studies: I was born on 8th of August in 1974, in Gyergy\u00f3teker\u0151patak (Valea Str\u00e2mb\u0103). After spending my childhood in Gyergy\u00f3csomafalva (Ciumani), I graduated from the M\u00e1rton \u00c1ron High School of Cs\u00edkszereda (Miercurea Ciuc), IT class, in 1992. Afterwards I joined the Sz\u00e1zadv\u00e9g Political School in Budapest, Hungary, attending political management classes in 1992-1993, before starting my studies at the E\u00f6tv\u00f6s Lor\u00e1nd University between 1993-1999 attending political science at the Faculty of Law.<\/span><\/p>\n<p><span style=\"font-weight: 400;\">Political activity: Since my high school years I have been very active within several civil and youth organizations. I joined the Democratic Alliance of Hungarians in Romania (DAHR) department of Cs\u00edk region in 1994. Between 1999-2004 I was president of the Youth Council of Cs\u00edk Region, currently I am the president of the department of Cs\u00edk region. Since 2000 I\u2019m active member of Harghita County Council: between 2000-2004 as a county councillor, between 2004-2008 as vice president of the institution and since 2008 as president. Also in the same time I am the president of the National Council of Local Authorities&#8217; representatives of DAHR.<\/span><\/p>\n<p>I have been married since 1998, my wife, Borboly Melinda is a lawyer. We have three girls: Eszter, Anna and Zsolna and a boy, M\u00e1ty\u00e1s.<\/p>\n<p><a href=\"https:\/\/cor.borbolycsaba.ro\/en\/wp-content\/uploads\/2021\/12\/EN_BCS_biography.docx.pdf\"><strong><img fetchpriority=\"high\" decoding=\"async\" class=\"alignnone size-full wp-image-1367\" src=\"https:\/\/cor.borbolycsaba.ro\/en\/wp-content\/uploads\/2024\/03\/BCScsalad.jpg\" alt=\"\" width=\"1456\" height=\"848\" srcset=\"https:\/\/cor.borbolycsaba.ro\/en\/wp-content\/uploads\/2024\/03\/BCScsalad.jpg 1456w, https:\/\/cor.borbolycsaba.ro\/en\/wp-content\/uploads\/2024\/03\/BCScsalad-300x175.jpg 300w, https:\/\/cor.borbolycsaba.ro\/en\/wp-content\/uploads\/2024\/03\/BCScsalad-1024x596.jpg 1024w, https:\/\/cor.borbolycsaba.ro\/en\/wp-content\/uploads\/2024\/03\/BCScsalad-768x447.jpg 768w\" sizes=\"(max-width: 1456px) 100vw, 1456px\" \/>Csaba Borboly &#8211; short biography<\/strong><\/a><\/p>\n","protected":false},"excerpt":{"rendered":"<p>My name is Csaba Borboly, I am the president of the Harghita County Council in Romania. My mandate at the European Committee of the Regions started in 2012. Studies: I was born on 8th of August in 1974, in Gyergy\u00f3teker\u0151patak (Valea Str\u00e2mb\u0103). After spending my childhood in Gyergy\u00f3csomafalva (Ciumani), I graduated from the M\u00e1rton \u00c1ron [&hellip;]<\/p>\n","protected":false},"author":1,"featured_media":0,"parent":0,"menu_order":0,"comment_status":"closed","ping_status":"closed","template":"","meta":{"_bbp_topic_count":0,"_bbp_reply_count":0,"_bbp_total_topic_count":0,"_bbp_total_reply_count":0,"_bbp_voice_count":0,"_bbp_anonymous_reply_count":0,"_bbp_topic_count_hidden":0,"_bbp_reply_count_hidden":0,"_bbp_forum_subforum_count":0,"footnotes":""},"class_list":["post-886","page","type-page","status-publish","hentry"],"_links":{"self":[{"href":"https:\/\/cor.borbolycsaba.ro\/en\/wp-json\/wp\/v2\/pages\/886","targetHints":{"allow":["GET"]}}],"collection":[{"href":"https:\/\/cor.borbolycsaba.ro\/en\/wp-json\/wp\/v2\/pages"}],"about":[{"href":"https:\/\/cor.borbolycsaba.ro\/en\/wp-json\/wp\/v2\/types\/page"}],"author":[{"embeddable":true,"href":"https:\/\/cor.borbolycsaba.ro\/en\/wp-json\/wp\/v2\/users\/1"}],"replies":[{"embeddable":true,"href":"https:\/\/cor.borbolycsaba.ro\/en\/wp-json\/wp\/v2\/comments?post=886"}],"version-history":[{"count":5,"href":"https:\/\/cor.borbolycsaba.ro\/en\/wp-json\/wp\/v2\/pages\/886\/revisions"}],"predecessor-version":[{"id":1369,"href":"https:\/\/cor.borbolycsaba.ro\/en\/wp-json\/wp\/v2\/pages\/886\/revisions\/1369"}],"wp:attachment":[{"href":"https:\/\/cor.borbolycsaba.ro\/en\/wp-json\/wp\/v2\/media?parent=886"}],"curies":[{"name":"wp","href":"https:\/\/api.w.org\/{rel}","templated":true}]}}