{"id":1222,"date":"2023-07-27T13:02:55","date_gmt":"2023-07-27T13:02:55","guid":{"rendered":"https:\/\/cor.borbolycsaba.ro\/en\/?page_id=1222"},"modified":"2023-12-14T12:56:06","modified_gmt":"2023-12-14T12:56:06","slug":"promoting-cultural-policies-in-rural-areas-within-the-framework-of-the-development-and-territorial-cohesion-strategies-and-the-2030-agenda","status":"publish","type":"page","link":"https:\/\/cor.borbolycsaba.ro\/en\/promoting-cultural-policies-in-rural-areas-within-the-framework-of-the-development-and-territorial-cohesion-strategies-and-the-2030-agenda\/","title":{"rendered":"Promoting cultural policies in rural areas within the framework of the development and territorial cohesion strategies and the 2030 agenda"},"content":{"rendered":"<p style=\"font-weight: 400;\"><span style=\"text-transform: initial;\">\u00a0The European Committee of the Regions (CoR) is drafting an opinion on Promoting cultural policies in rural areas within the framework of the development and territorial cohesion strategies and the 2030 agenda. On 17<\/span><sup style=\"text-transform: initial;\">th<\/sup><span style=\"text-transform: initial;\">\u00a0of July, the rapporteur, Mr Csaba Borboly (RO\/EPP), President of Harghita County Council, together with his expert, Mr L\u00e1szl\u00f3 Cs\u00e1k, met the representatives of relevant stakeholder organisations for a consultation on the thematic of the opinion, in order to gather the different points of views and discuss the main issues.<\/span><\/p>\n<p style=\"font-weight: 400;\">During the stakeholder consultation held in Brussels, the rapporteur collected views\/ideas\/comments on the discussed subjects.<\/p>\n<p style=\"font-weight: 400;\"><a href=\"https:\/\/cor.europa.eu\/hu\/events\/Pages\/cultural-policies-rural-areas.aspx\" data-saferedirecturl=\"https:\/\/www.google.com\/url?q=https:\/\/cor.europa.eu\/hu\/events\/Pages\/cultural-policies-rural-areas.aspx&amp;source=gmail&amp;ust=1690545066027000&amp;usg=AOvVaw3pgAEDocv79lB66ed4BGfP\">https:\/\/cor.europa.eu\/hu\/events\/Pages\/cultural-policies-rural-areas.aspx<\/a><\/p>\n<p><a href=\"https:\/\/cor.borbolycsaba.ro\/en\/wp-content\/uploads\/2023\/09\/COR-2023-03454-00-00-PA-TRA-EN1.docx\"><b>Working document<\/b><\/a><\/p>\n<p style=\"font-weight: 400;\"><em><strong>\u00a0<\/strong><\/em><\/p>\n<ol>\n<li style=\"font-weight: 400;\"><em><strong> Background studies, working documents<\/strong><\/em><\/li>\n<\/ol>\n<ul>\n<li style=\"font-weight: 400;\"><a href=\"https:\/\/cor.borbolycsaba.ro\/en\/wp-content\/uploads\/2023\/07\/CoR-Exchange-of-Views-Culture-and-Rural-Areas-REGIO-written-contribution.docx\">DG REGIO\u2019s written contribution showcasing Cohesion policy support to culture, including in rural areas, in the 2021-2027 programming period\u00a0\u00a0<\/a><\/li>\n<li style=\"font-weight: 400;\">Territorial Agenda 2030 &#8211; A future for all places\u00a0<a href=\"https:\/\/ec.europa.eu\/regional_policy\/information-sources\/publications\/brochures\/2021\/territorial-agenda-2030-a-future-for-all-places_en\" data-saferedirecturl=\"https:\/\/www.google.com\/url?q=https:\/\/ec.europa.eu\/regional_policy\/information-sources\/publications\/brochures\/2021\/territorial-agenda-2030-a-future-for-all-places_en&amp;source=gmail&amp;ust=1690545066027000&amp;usg=AOvVaw3KU-Vlu3ty9fRYHYH0OhKm\">https:\/\/ec.europa.eu\/regional_policy\/information-sources\/publications\/brochures\/2021\/territorial-agenda-2030-a-future-for-all-places_en<\/a><\/li>\n<li style=\"font-weight: 400;\">NAT study on the cost of non-rurality:\u00a0<a href=\"https:\/\/cor.europa.eu\/en\/engage\/studies\/Documents\/Study_the_cost_of_non_rurality.pdf\" data-saferedirecturl=\"https:\/\/www.google.com\/url?q=https:\/\/cor.europa.eu\/en\/engage\/studies\/Documents\/Study_the_cost_of_non_rurality.pdf&amp;source=gmail&amp;ust=1690545066027000&amp;usg=AOvVaw3Q3520fils3Pvm5_Hee34u\">https:\/\/cor.europa.eu\/en\/engage\/studies\/Documents\/Study_the_cost_of_non_rurality.pdf<\/a><\/li>\n<li style=\"font-weight: 400;\">Documents and resources developed from the Culture and Ruralities Program of the Ministry of Culture of Spain:<\/li>\n<li style=\"font-weight: 400;\">Book\u00a0<a href=\"https:\/\/culturayciudadania.culturaydeporte.gob.es\/dam\/jcr:637a7893-3165-4f31-afbd-5d7a719b22c1\/thinking-and-doing-in-rural-areas.pdf\" data-saferedirecturl=\"https:\/\/www.google.com\/url?q=https:\/\/culturayciudadania.culturaydeporte.gob.es\/dam\/jcr:637a7893-3165-4f31-afbd-5d7a719b22c1\/thinking-and-doing-in-rural-areas.pdf&amp;source=gmail&amp;ust=1690545066027000&amp;usg=AOvVaw0dXI-1gyHfrqdsOBX-vUjK\">Thinking and doing in rural areas. Cultural practices in context<\/a>, recently published in English for the Spanish Presidency<\/li>\n<li style=\"font-weight: 400;\"><a href=\"https:\/\/culturayciudadania.culturaydeporte.gob.es\/dam\/jcr:9dd73728-d348-42d7-af49-f20ebaededcd\/conclusions-culture-and-ruralities-iforum.pdf\" data-saferedirecturl=\"https:\/\/www.google.com\/url?q=https:\/\/culturayciudadania.culturaydeporte.gob.es\/dam\/jcr:9dd73728-d348-42d7-af49-f20ebaededcd\/conclusions-culture-and-ruralities-iforum.pdf&amp;source=gmail&amp;ust=1690545066027000&amp;usg=AOvVaw0kdHqzSSmLVvBfiY70OStW\">Conclusions<\/a>\u00a0of the First Forum Culture and Ruralities<\/li>\n<li style=\"font-weight: 400;\">Program of the\u00a0<a href=\"https:\/\/culturayciudadania.culturaydeporte.gob.es\/dam\/jcr:ea29969d-5210-431b-aaab-a9811a333e68\/programa-de-mano-vi-foro-cyr-vdigital-19mb.pdf\" data-saferedirecturl=\"https:\/\/www.google.com\/url?q=https:\/\/culturayciudadania.culturaydeporte.gob.es\/dam\/jcr:ea29969d-5210-431b-aaab-a9811a333e68\/programa-de-mano-vi-foro-cyr-vdigital-19mb.pdf&amp;source=gmail&amp;ust=1690545066027000&amp;usg=AOvVaw2IzB-CNob91Rc2dO88bhXe\">VI Culture and Ruralities Forum<\/a>\u00a0(July 2023), in Spanish and English<\/li>\n<li style=\"font-weight: 400;\"><a href=\"https:\/\/www.google.com\/maps\/d\/viewer?mid=1MrWqwaQxY367jQXWKA-GfNqvHhjy2D32&amp;ll=38.85896824172291%2C-5.243655471255568&amp;z=6\" data-saferedirecturl=\"https:\/\/www.google.com\/url?q=https:\/\/www.google.com\/maps\/d\/viewer?mid%3D1MrWqwaQxY367jQXWKA-GfNqvHhjy2D32%26ll%3D38.85896824172291%252C-5.243655471255568%26z%3D6&amp;source=gmail&amp;ust=1690545066027000&amp;usg=AOvVaw2FUbVvU-6xSgrtx9pf11g0\">European Mapping Culture and Ruralities<\/a>\u00a0, of which we are going to publish a new and extended version for Europe.<\/li>\n<li style=\"font-weight: 400;\"><a href=\"https:\/\/www.miteco.gob.es\/es\/reto-demografico\/temas\/medidas-reto-demografico\/\" data-saferedirecturl=\"https:\/\/www.google.com\/url?q=https:\/\/www.miteco.gob.es\/es\/reto-demografico\/temas\/medidas-reto-demografico\/&amp;source=gmail&amp;ust=1690545066027000&amp;usg=AOvVaw3XvCpUBwk1RKIslKCgJrLP\">National Strategy against the Demographic Challenge<\/a>\u00a0(130 measures), where the promotion of culture appears as one of the 10 key axes.<\/li>\n<li style=\"font-weight: 400;\"><a href=\"https:\/\/culturayciudadania.culturaydeporte.gob.es\/dam\/jcr:25dcc5de-829d-4a96-9d10-16e73ee3b207\/arts-in-rural-areas-def-elena-polivtseva.pdf\" data-saferedirecturl=\"https:\/\/www.google.com\/url?q=https:\/\/culturayciudadania.culturaydeporte.gob.es\/dam\/jcr:25dcc5de-829d-4a96-9d10-16e73ee3b207\/arts-in-rural-areas-def-elena-polivtseva.pdf&amp;source=gmail&amp;ust=1690545066027000&amp;usg=AOvVaw3fK6Mfv7FYMVLvg0IYJNdx\">Article<\/a>\u00a0by Elena Polivtseva \u201cArts in rural areas\u201d<\/li>\n<li style=\"font-weight: 400;\"><a href=\"https:\/\/cor.borbolycsaba.ro\/en\/wp-content\/uploads\/2023\/07\/CONCEPT-NOTE-CULTURAL-POLICIES-IN-RURAL-AREAS-hu.docxhttps:\/\/cor.borbolycsaba.ro\/en\/wp-content\/uploads\/2023\/07\/CONCEPT-NOTE-CULTURAL-POLICIES-IN-RURAL-AREAS-hu.docx\">Concept note for the opinion &#8220;Promoting cultural policies in rural areas within the framework of the development and territorial cohesion strategies and the 2030 agenda&#8221;<\/a><\/li>\n<li style=\"font-weight: 400;\">Continuities \u2013 Discontinuities. Arts, creation and contemporary ruralities in Europe:\u00a0<a href=\"https:\/\/culturayciudadania.culturaydeporte.gob.es\/cultura-medio-rural\/6-foro\/programa-ingles.html\" data-saferedirecturl=\"https:\/\/www.google.com\/url?q=https:\/\/culturayciudadania.culturaydeporte.gob.es\/cultura-medio-rural\/6-foro\/programa-ingles.html&amp;source=gmail&amp;ust=1690545066027000&amp;usg=AOvVaw0XHi3xe0P5XayHknxE36uz\">https:\/\/culturayciudadania.culturaydeporte.gob.es\/cultura-medio-rural\/6-foro\/programa-ingles.html<\/a><\/li>\n<li style=\"font-weight: 400;\">European cartography of cultural projects in rural areas:\u00a0<a href=\"https:\/\/www.google.com\/maps\/d\/viewer?mid=1MrWqwaQxY367jQXWKA-GfNqvHhjy2D32&amp;ll=41.59965214538601%2C7.8110711424764006&amp;z=4\" data-saferedirecturl=\"https:\/\/www.google.com\/url?q=https:\/\/www.google.com\/maps\/d\/viewer?mid%3D1MrWqwaQxY367jQXWKA-GfNqvHhjy2D32%26ll%3D41.59965214538601%252C7.8110711424764006%26z%3D4&amp;source=gmail&amp;ust=1690545066027000&amp;usg=AOvVaw24sLIulhmhjjBWv7OI_du-\">https:\/\/www.google.com\/maps\/d\/viewer?mid=1MrWqwaQxY367jQXWKA-GfNqvHhjy2D32&amp;ll=41.59965214538601%2C7.8110711424764006&amp;z=4<\/a><\/li>\n<\/ul>\n<p style=\"font-weight: 400;\"><a href=\"https:\/\/cor.borbolycsaba.ro\/wp-content\/uploads\/2023\/08\/POLICY-ANALYSIS-CULTURAL-POLICIES-IN-RURAL-AREAS-04.08.2023.docx\">POLICY ANALYSIS CULTURAL POLICIES IN RURAL AREAS<\/a><\/p>\n<p><strong><br \/>\n2. News on the draft report:<\/strong><\/p>\n<p><a href=\"https:\/\/cor.borbolycsaba.ro\/en\/now-is-the-time-to-speak-up-so-that-we-can-apply-for-important-developments-in-the-european-union-from-2028-onwards\/\">Now Is The Time To Speak Up So That We Can Apply For Important Developments In The European Union From 2028 Onwards!<\/a><\/p>\n<p><a href=\"https:\/\/cor.borbolycsaba.ro\/en\/increased-and-adequate-financial-support-for-eu-rural-development\/\"> Increased And Adequate Financial Support For EU Rural Development<\/a><\/p>\n<p><a href=\"https:\/\/cor.borbolycsaba.ro\/en\/borboly-csaba-gets-green-light-in-brussels-for-opinion-on-the-development-of-rural-areas-through-culture-in-the-specialised-commission\/\">Borboly Csaba Gets Green Light In Brussels For Opinion On The Development Of Rural Areas Through Culture In The Specialised Commission<\/a><\/p>\n<p style=\"font-weight: 400;\"><strong><br \/>\n3. Survey<\/strong><\/p>\n<p style=\"font-weight: 400;\">During the stakeholder consultation held in Brussels, the rapporteur collected opinions\/ideas\/comments on the topics discussed.<br \/>\n<a style=\"text-transform: initial;\" href=\"https:\/\/cor.europa.eu\/hu\/events\/Pages\/cultural-policies-rural-areas.aspx\" data-saferedirecturl=\"https:\/\/www.google.com\/url?q=https:\/\/cor.europa.eu\/hu\/events\/Pages\/cultural-policies-rural-areas.aspx&amp;source=gmail&amp;ust=1701264168519000&amp;usg=AOvVaw22SutHl0IeV8xHzsiG-F_u\">https:\/\/cor.europa.eu\/hu\/events\/Pages\/cultural-policies-rural-areas.aspx<\/a><\/p>\n<p style=\"font-weight: 400;\">A consultation was held in September with representatives of the relevant stakeholder organisations in Hargita County:<br \/>\n<a href=\"https:\/\/ec.europa.eu\/eusurvey\/runner\/SurveyCulturalpoliciesruralareas2023\">https:\/\/ec.europa.eu\/eusurvey\/runner\/SurveyCulturalpoliciesruralareas2023<\/a><\/p>\n<p>&nbsp;<\/p>\n<p style=\"font-weight: 400;\"><strong>4. Supporting letters for the CoR report<\/strong><\/p>\n<p>&nbsp;<\/p>\n<p style=\"font-weight: 400;\"><a href=\"https:\/\/cor.borbolycsaba.ro\/wp-content\/uploads\/2023\/11\/SzandeknyilatkozatHajduBihar.pdf\">Declaration of support for the draft opinion by the President of the Hajd\u00fa-Bihar County Assembly<\/a><\/p>\n<p style=\"font-weight: 400;\"><a href=\"https:\/\/cor.borbolycsaba.ro\/wp-content\/uploads\/2023\/11\/AdresaAsocComunelorRO_326_27.10.2023.pdf\">Supporting address from the President of the Association of Romanian Municipalities<\/a><\/p>\n<p style=\"font-weight: 400;\"><a href=\"https:\/\/cor.borbolycsaba.ro\/wp-content\/uploads\/2023\/11\/CJ-Arges-Raspuns-CORRO.pdf\">Supporting letters for the President of the Arges County Council<\/a><\/p>\n<p style=\"font-weight: 400;\"><a href=\"https:\/\/cor.borbolycsaba.ro\/wp-content\/uploads\/2023\/11\/CJ-Buzau-Raspuns-raport-COR.pdf\">Supporting letters for the President of the Buzau County Council<\/a><\/p>\n<p style=\"font-weight: 400;\"><a href=\"https:\/\/cor.borbolycsaba.ro\/wp-content\/uploads\/2023\/11\/CL_Raport-COR.pdf\">Supporting letters for the President of the Calarasi County Council<\/a><\/p>\n<p style=\"font-weight: 400;\"><a href=\"https:\/\/cor.borbolycsaba.ro\/wp-content\/uploads\/2023\/11\/GJ_-Raport-COR.pdf\">Supporting letters for the President of the Gorj County Council<\/a><\/p>\n<p style=\"font-weight: 400;\"><a href=\"https:\/\/cor.borbolycsaba.ro\/wp-content\/uploads\/2023\/11\/CJ_MM_sustinere-Raportor-Borboly-Csaba10102023131715.pdf\">Supporting letters for the President of the Maramures County Council<\/a><\/p>\n<p style=\"font-weight: 400;\"><a href=\"https:\/\/cor.borbolycsaba.ro\/wp-content\/uploads\/2023\/11\/CJ-Mures-Raspuns-raport-COR.pdf\">Supporting letters for the President of the Mures County Council<\/a><\/p>\n<p style=\"font-weight: 400;\"><a href=\"https:\/\/cor.borbolycsaba.ro\/wp-content\/uploads\/2023\/11\/CJ_VN_Raspuns-Raport-COR.pdf\">Supporting letters for the President of the Vrancea County Council<\/a><\/p>\n<p><strong><br \/>\n<a href=\"https:\/\/cor.borbolycsaba.ro\/en\/wp-content\/uploads\/2023\/11\/COR-2023-03454-00-00-AC-TRA-EN-2.docx\">Adopted opinion<\/a><\/strong><\/p>\n<p>&nbsp;<\/p>\n","protected":false},"excerpt":{"rendered":"<p>\u00a0The European Committee of the Regions (CoR) is drafting an opinion on Promoting cultural policies in rural areas within the framework of the development and territorial cohesion strategies and the 2030 agenda. On 17th\u00a0of July, the rapporteur, Mr Csaba Borboly (RO\/EPP), President of Harghita County Council, together with his expert, Mr L\u00e1szl\u00f3 Cs\u00e1k, met the [&hellip;]<\/p>\n","protected":false},"author":1,"featured_media":1226,"parent":0,"menu_order":0,"comment_status":"closed","ping_status":"closed","template":"","meta":{"_bbp_topic_count":0,"_bbp_reply_count":0,"_bbp_total_topic_count":0,"_bbp_total_reply_count":0,"_bbp_voice_count":0,"_bbp_anonymous_reply_count":0,"_bbp_topic_count_hidden":0,"_bbp_reply_count_hidden":0,"_bbp_forum_subforum_count":0,"footnotes":""},"class_list":["post-1222","page","type-page","status-publish","has-post-thumbnail","hentry"],"_links":{"self":[{"href":"https:\/\/cor.borbolycsaba.ro\/en\/wp-json\/wp\/v2\/pages\/1222","targetHints":{"allow":["GET"]}}],"collection":[{"href":"https:\/\/cor.borbolycsaba.ro\/en\/wp-json\/wp\/v2\/pages"}],"about":[{"href":"https:\/\/cor.borbolycsaba.ro\/en\/wp-json\/wp\/v2\/types\/page"}],"author":[{"embeddable":true,"href":"https:\/\/cor.borbolycsaba.ro\/en\/wp-json\/wp\/v2\/users\/1"}],"replies":[{"embeddable":true,"href":"https:\/\/cor.borbolycsaba.ro\/en\/wp-json\/wp\/v2\/comments?post=1222"}],"version-history":[{"count":11,"href":"https:\/\/cor.borbolycsaba.ro\/en\/wp-json\/wp\/v2\/pages\/1222\/revisions"}],"predecessor-version":[{"id":1320,"href":"https:\/\/cor.borbolycsaba.ro\/en\/wp-json\/wp\/v2\/pages\/1222\/revisions\/1320"}],"wp:featuredmedia":[{"embeddable":true,"href":"https:\/\/cor.borbolycsaba.ro\/en\/wp-json\/wp\/v2\/media\/1226"}],"wp:attachment":[{"href":"https:\/\/cor.borbolycsaba.ro\/en\/wp-json\/wp\/v2\/media?parent=1222"}],"curies":[{"name":"wp","href":"https:\/\/api.w.org\/{rel}","templated":true}]}}